{"id":4470,"date":"2025-03-03T17:05:22","date_gmt":"2025-03-03T16:05:22","guid":{"rendered":"https:\/\/campinglaplage.fr\/camping-seeseite-fouesnant\/"},"modified":"2025-05-13T11:52:34","modified_gmt":"2025-05-13T09:52:34","slug":"camping-seeseite-fouesnant","status":"publish","type":"page","link":"https:\/\/campinglaplage.fr\/de\/camping-seeseite-fouesnant\/","title":{"rendered":"Str\u00e4nde"},"content":{"rendered":"\n<section class=\"wp-block-group home-intro page-intro is-layout-flow wp-block-group-is-layout-flow\" style=\"padding-top:var(--wp--preset--spacing--40);padding-bottom:var(--wp--preset--spacing--60)\">\n<div class=\"wp-block-columns top is-layout-flex wp-container-core-columns-is-layout-16ca0261 wp-block-columns-is-layout-flex\" style=\"margin-bottom:0rem;padding-right:20rem;padding-left:5rem\">\n<div class=\"wp-block-column is-vertically-aligned-top left is-layout-flow wp-block-column-is-layout-flow\">\n<figure class=\"wp-block-image alignright size-full animated fadeIn delay-100ms slower\"><img decoding=\"async\" width=\"734\" height=\"557\" src=\"https:\/\/campinglaplage.fr\/wp-content\/uploads\/2025\/04\/camping-en-bord-de-mer-finistere-sud.jpg\" alt=\"Campingplatz am Meer Finistere S&#xFC;d\" class=\"wp-image-4009\" style=\"object-fit:cover\" srcset=\"https:\/\/campinglaplage.fr\/wp-content\/uploads\/2025\/04\/camping-en-bord-de-mer-finistere-sud.jpg 734w, https:\/\/campinglaplage.fr\/wp-content\/uploads\/2025\/04\/camping-en-bord-de-mer-finistere-sud-300x228.jpg 300w\" sizes=\"(max-width: 734px) 100vw, 734px\" \/><\/figure>\n<\/div>\n\n\n\n<div class=\"wp-block-column is-vertically-aligned-center right is-layout-flow wp-block-column-is-layout-flow\" style=\"padding-bottom:var(--wp--preset--spacing--40)\">\n<h1 class=\"wp-block-heading\"><strong>Campingplatz am Meer<\/strong> <br\/>im S\u00fcd-Finist\u00e8re<\/h1>\n\n\n\n<h2 class=\"wp-block-heading\"><strong>Genie\u00dfen Sie den direkten Zugang zum Strand<\/strong> <br\/>auf dem Campingplatz in Fouesnant.<\/h2>\n\n\n\n<p>Haben Sie sich f\u00fcr einen Urlaub <strong>am Meer im S\u00fcd-Finist\u00e8re<\/strong> entschieden?<\/p>\n\n\n\n<p>Auf dem Campingplatz de la Plage de Cleut Rouz, einem <a href=\"https:\/\/campinglaplage.fr\/de\/\">Campingplatz in Fouesnant<\/a>, werden Sie privilegiert behandelt und haben einen <strong>direkten Zugang zum Strand<\/strong>.<\/p>\n\n\n\n<p>Von den Anh\u00e4ngern der morgendlichen Spazierg\u00e4nge und der Ruhe am Meer in den fr\u00fchen Morgenstunden, \u00fcber die Sportler, die den Sand betreten, um in Form zu bleiben, oder die Wege durch die S\u00fcmpfe bis hin zu den Bewunderern der Sonnenunterg\u00e4nge, alle kommen auf ihre Kosten.<\/p>\n<\/div>\n<\/div>\n<\/section>\n\n<section class=\"wp-block-group home-third page-two has-custom-3-b-2927-background-color has-background is-layout-flow wp-block-group-is-layout-flow\" style=\"margin-top:0;margin-bottom:0\">\n<div class=\"wp-block-columns is-layout-flex wp-container-core-columns-is-layout-7fc3d43a wp-block-columns-is-layout-flex\">\n<div class=\"wp-block-column is-vertically-aligned-center right is-layout-flow wp-block-column-is-layout-flow\" style=\"padding-left:16rem;flex-basis:50%\">\n<h2 class=\"wp-block-heading\"><strong>Die sch\u00f6nsten Str\u00e4nde<\/strong> <br\/>in der Umgebung des Campingplatzes<\/h2>\n\n\n\n<p class=\"has-custom-color-3-color has-text-color has-link-color wp-elements-6f65d4809ff1abb96d4ecfb4d9e561c7\">Wenn Sie das Meer, die Str\u00e4nde und das Rauschen der Wellen lieben, dann haben Sie mit unserem Campingplatz am Meer in Fouesnant die richtige Wahl getroffen.<\/p>\n\n\n\n<p class=\"has-custom-color-3-color has-text-color has-link-color wp-elements-f0f1f8b4ee2d13976e7bc8fa85f43f73\">Fouesnant hat tats\u00e4chlich <strong>17 km K\u00fcste<\/strong> mit einer erstaunlichen Vielfalt an Landschaften.<\/p>\n\n\n\n<p class=\"has-custom-color-3-color has-text-color has-link-color wp-elements-eb690cc713ff4918f394da035070b330\">Sie haben die Chance, <strong>lange, feine Sandstr\u00e4nde<\/strong> wie den Familienstrand von Cap Coz oder den wilderen Strand von Mousterlin zu entdecken, oder die vielen kleinen Buchten von Beg-Meil mit ihrem kristallklaren Wasser (Plage de la Roche perc\u00e9e, des oiseaux &#8230;).<\/p>\n<\/div>\n\n\n\n<div class=\"wp-block-column left is-layout-flow wp-block-column-is-layout-flow\" style=\"flex-basis:50%\">\n<figure class=\"wp-block-image size-full reveal animated fadeIn delay-100ms slower\"><img decoding=\"async\" width=\"916\" height=\"764\" src=\"https:\/\/campinglaplage.fr\/wp-content\/uploads\/2025\/04\/plus-belles-plages-a-retrouver-autour-du-camping.jpg\" alt=\"die sch&#xF6;nsten Str&#xE4;nde rund um den Campingplatz\" class=\"wp-image-4012\" srcset=\"https:\/\/campinglaplage.fr\/wp-content\/uploads\/2025\/04\/plus-belles-plages-a-retrouver-autour-du-camping.jpg 916w, https:\/\/campinglaplage.fr\/wp-content\/uploads\/2025\/04\/plus-belles-plages-a-retrouver-autour-du-camping-300x250.jpg 300w, https:\/\/campinglaplage.fr\/wp-content\/uploads\/2025\/04\/plus-belles-plages-a-retrouver-autour-du-camping-768x641.jpg 768w\" sizes=\"(max-width: 916px) 100vw, 916px\" \/><\/figure>\n<\/div>\n<\/div>\n<\/section>\n\n<section class=\"wp-block-group home-third page-two reverse is-layout-flow wp-block-group-is-layout-flow\" style=\"margin-top:5rem;margin-bottom:0;padding-top:0;padding-bottom:7rem\">\n<div class=\"wp-block-columns is-layout-flex wp-container-core-columns-is-layout-7fc3d43a wp-block-columns-is-layout-flex\">\n<div class=\"wp-block-column left is-layout-flow wp-block-column-is-layout-flow\" style=\"flex-basis:50%\">\n<div data-swiper=\"{&quot;speed&quot;:400,&quot;spaceBetween&quot;:16,&quot;slidesPerView&quot;:1,&quot;createElements&quot;:true,&quot;loop&quot;:true,&quot;freemode&quot;:true,&quot;navigation&quot;:{&quot;nextEl&quot;:&quot;buttonNext&quot;,&quot;prevEl&quot;:&quot;buttonPrev&quot;},&quot;breakpoints&quot;:{&quot;0&quot;:{&quot;slidesPerView&quot;:1},&quot;380&quot;:[],&quot;1024&quot;:[]},&quot;effect&quot;:&quot;fade&quot;,&quot;pagination&quot;:false}\" class=\"wp-block-group animated fadeIn delay-100ms slower gt-is-slider gt-is-slider-desktop has-global-padding is-layout-constrained wp-block-group-is-layout-constrained\">\n<figure class=\"wp-block-image size-full\"><img decoding=\"async\" width=\"916\" height=\"764\" src=\"https:\/\/campinglaplage.fr\/wp-content\/uploads\/2025\/04\/pratiquer-la-peche-a-pied.jpg\" alt=\"Angeln zu Fu&#xDF;\" class=\"wp-image-4015\" srcset=\"https:\/\/campinglaplage.fr\/wp-content\/uploads\/2025\/04\/pratiquer-la-peche-a-pied.jpg 916w, https:\/\/campinglaplage.fr\/wp-content\/uploads\/2025\/04\/pratiquer-la-peche-a-pied-300x250.jpg 300w, https:\/\/campinglaplage.fr\/wp-content\/uploads\/2025\/04\/pratiquer-la-peche-a-pied-768x641.jpg 768w\" sizes=\"(max-width: 916px) 100vw, 916px\" \/><\/figure>\n\n\n\n<figure class=\"wp-block-image size-full\"><img decoding=\"async\" width=\"916\" height=\"764\" src=\"https:\/\/campinglaplage.fr\/wp-content\/uploads\/2025\/04\/bases-nautiques-et-centres-aquatiques-pres-du-camping-a-fouesnant.jpg\" alt=\"Wasserbasen und Wasserzentren in der N&#xE4;he des Campingplatzes in Fouesnant\" class=\"wp-image-4018\" srcset=\"https:\/\/campinglaplage.fr\/wp-content\/uploads\/2025\/04\/bases-nautiques-et-centres-aquatiques-pres-du-camping-a-fouesnant.jpg 916w, https:\/\/campinglaplage.fr\/wp-content\/uploads\/2025\/04\/bases-nautiques-et-centres-aquatiques-pres-du-camping-a-fouesnant-300x250.jpg 300w, https:\/\/campinglaplage.fr\/wp-content\/uploads\/2025\/04\/bases-nautiques-et-centres-aquatiques-pres-du-camping-a-fouesnant-768x641.jpg 768w\" sizes=\"(max-width: 916px) 100vw, 916px\" \/><\/figure>\n\n\n\n<figure class=\"wp-block-image size-full\"><img decoding=\"async\" width=\"916\" height=\"764\" src=\"https:\/\/campinglaplage.fr\/wp-content\/uploads\/2025\/04\/l-archipel-des-glenan.jpg\" alt=\"die Inselgruppe der Glenan\" class=\"wp-image-4021\" srcset=\"https:\/\/campinglaplage.fr\/wp-content\/uploads\/2025\/04\/l-archipel-des-glenan.jpg 916w, https:\/\/campinglaplage.fr\/wp-content\/uploads\/2025\/04\/l-archipel-des-glenan-300x250.jpg 300w, https:\/\/campinglaplage.fr\/wp-content\/uploads\/2025\/04\/l-archipel-des-glenan-768x641.jpg 768w\" sizes=\"(max-width: 916px) 100vw, 916px\" \/><\/figure>\n\n\n\n<figure class=\"wp-block-image size-full\"><img decoding=\"async\" width=\"916\" height=\"764\" src=\"https:\/\/campinglaplage.fr\/wp-content\/uploads\/2025\/04\/l-archipel-des-glenan-plage.jpg\" alt=\"Glenan Archipel Strand\" class=\"wp-image-4024\" srcset=\"https:\/\/campinglaplage.fr\/wp-content\/uploads\/2025\/04\/l-archipel-des-glenan-plage.jpg 916w, https:\/\/campinglaplage.fr\/wp-content\/uploads\/2025\/04\/l-archipel-des-glenan-plage-300x250.jpg 300w, https:\/\/campinglaplage.fr\/wp-content\/uploads\/2025\/04\/l-archipel-des-glenan-plage-768x641.jpg 768w\" sizes=\"(max-width: 916px) 100vw, 916px\" \/><\/figure>\n\n\n\n<figure class=\"wp-block-image size-full\"><img decoding=\"async\" width=\"916\" height=\"764\" src=\"https:\/\/campinglaplage.fr\/wp-content\/uploads\/2025\/04\/acces-plage-fouesnant.jpg\" alt=\"Strandzugang Fouesnant\" class=\"wp-image-4027\" srcset=\"https:\/\/campinglaplage.fr\/wp-content\/uploads\/2025\/04\/acces-plage-fouesnant.jpg 916w, https:\/\/campinglaplage.fr\/wp-content\/uploads\/2025\/04\/acces-plage-fouesnant-300x250.jpg 300w, https:\/\/campinglaplage.fr\/wp-content\/uploads\/2025\/04\/acces-plage-fouesnant-768x641.jpg 768w\" sizes=\"(max-width: 916px) 100vw, 916px\" \/><\/figure>\n\n\n\n<figure class=\"wp-block-image size-full\"><img decoding=\"async\" width=\"916\" height=\"764\" src=\"https:\/\/campinglaplage.fr\/wp-content\/uploads\/2025\/04\/acces-plage.jpg\" alt=\"Zugang zum Strand\" class=\"wp-image-4030\" srcset=\"https:\/\/campinglaplage.fr\/wp-content\/uploads\/2025\/04\/acces-plage.jpg 916w, https:\/\/campinglaplage.fr\/wp-content\/uploads\/2025\/04\/acces-plage-300x250.jpg 300w, https:\/\/campinglaplage.fr\/wp-content\/uploads\/2025\/04\/acces-plage-768x641.jpg 768w\" sizes=\"(max-width: 916px) 100vw, 916px\" \/><\/figure>\n\n\n\n<figure class=\"wp-block-image size-full\"><img decoding=\"async\" width=\"916\" height=\"764\" src=\"https:\/\/campinglaplage.fr\/wp-content\/uploads\/2025\/04\/bord-de-mer-fouesnant.jpg\" alt=\"Meeresk&#xFC;ste Fouesnant\" class=\"wp-image-4033\" srcset=\"https:\/\/campinglaplage.fr\/wp-content\/uploads\/2025\/04\/bord-de-mer-fouesnant.jpg 916w, https:\/\/campinglaplage.fr\/wp-content\/uploads\/2025\/04\/bord-de-mer-fouesnant-300x250.jpg 300w, https:\/\/campinglaplage.fr\/wp-content\/uploads\/2025\/04\/bord-de-mer-fouesnant-768x641.jpg 768w\" sizes=\"(max-width: 916px) 100vw, 916px\" \/><\/figure>\n\n\n\n<figure class=\"wp-block-image size-full\"><img decoding=\"async\" width=\"916\" height=\"764\" src=\"https:\/\/campinglaplage.fr\/wp-content\/uploads\/2025\/04\/acces-bord-de-mer-camping-fouesnant.jpg\" alt=\"Zugang zum Meer Campingplatz Fouesnant\" class=\"wp-image-4036\" srcset=\"https:\/\/campinglaplage.fr\/wp-content\/uploads\/2025\/04\/acces-bord-de-mer-camping-fouesnant.jpg 916w, https:\/\/campinglaplage.fr\/wp-content\/uploads\/2025\/04\/acces-bord-de-mer-camping-fouesnant-300x250.jpg 300w, https:\/\/campinglaplage.fr\/wp-content\/uploads\/2025\/04\/acces-bord-de-mer-camping-fouesnant-768x641.jpg 768w\" sizes=\"(max-width: 916px) 100vw, 916px\" \/><\/figure>\n<\/div>\n<\/div>\n\n\n\n<div class=\"wp-block-column is-vertically-aligned-top right is-layout-flow wp-block-column-is-layout-flow\" style=\"padding-top:5rem;padding-right:16rem;flex-basis:50%\">\n<h2 class=\"wp-block-heading\">Der Campingplatz ist ideal gelegen f\u00fcr <br\/><strong>Angeln<\/strong>.<\/h2>\n\n\n\n<p class=\"has-custom-3-b-2927-color has-text-color\">Nur wenige Meter vom Campingplatz entfernt liegt die <strong>felsige Landzunge von Mousterlin<\/strong>, einer der besten <strong>Angelpl\u00e4tze<\/strong> der Gegend. Hier finden Sie Garnelen, Krabben und chinesische H\u00fcte, aber vor allem k\u00f6nnen Sie hier mit der ganzen Familie in einer idyllischen Umgebung frische Luft schnappen.<\/p>\n\n\n\n<p class=\"has-custom-3-b-2927-color has-text-color\">Und bevor Sie den Ort verlassen, vergessen Sie bitte nicht, dass jeder Stein, der zur\u00fcckgegeben wird, sorgf\u00e4ltig wieder an seinen Platz gelegt werden muss.<\/p>\n\n\n\n<h2 class=\"wp-block-heading\" style=\"margin-top:var(--wp--preset--spacing--30)\"><strong>Wassersportzentren und Wassersportanlagen<\/strong> <br\/>in der N\u00e4he des Campingplatzes<\/h2>\n\n\n\n<p>Das <strong>Wassersportzentrum<\/strong> befindet sich am <strong>Strand von Cap Coz<\/strong> und bietet eine Vielzahl von Kursen f\u00fcr verschiedene Wassersportarten an, sowie eine Aktivit\u00e4t zur Entdeckung <strong>der Meeresumwelt<\/strong> f\u00fcr die Kleinsten.<\/p>\n\n\n\n<p>Im Dock k\u00f6nnen Sie eine Vielzahl von Wassersportger\u00e4ten mieten.<\/p>\n<\/div>\n<\/div>\n<\/section>\n\n<section class=\"wp-block-group page-maillage has-global-padding is-layout-constrained wp-container-core-group-is-layout-272e016f wp-block-group-is-layout-constrained\" style=\"margin-top:var(--wp--preset--spacing--50);margin-bottom:var(--wp--preset--spacing--50)\">\n<p class=\"has-text-align-left title-slogan has-custom-3-b-2927-color has-text-color has-link-color has-noto-serif-display-font-family wp-elements-8595f7e698793bd32a3cd3e689328db9\" style=\"font-size:clamp(28.836px, 1.802rem + ((1vw - 3.2px) * 1.794), 50px);line-height:1\">Entdecken Sie die Aktivit\u00e4ten, unsere Dienstleistungen und unseren Wasserpark<\/p>\n\n\n\n<div class=\"wp-block-query is-layout-flow wp-block-query-is-layout-flow\"><ul class=\"columns-3 wp-block-post-template has-medium-font-size is-layout-grid wp-container-core-post-template-is-layout-572542b5 wp-block-post-template-is-layout-grid\"><li class=\"wp-block-post post-4446 page type-page status-publish has-post-thumbnail hentry\">\n\n<div class=\"wp-block-group cta has-global-padding is-layout-constrained wp-block-group-is-layout-constrained\">\n<figure class=\"wp-block-image maillage-img\"><img decoding=\"async\" src=\"https:\/\/campinglaplage.fr\/wp-content\/uploads\/2025\/04\/camping-activites-loisirs-club-enfants-fouesnant-finistere-sud-cta.jpg\" alt=\"Campingplatz Freizeitaktivit\u00e4ten Kinderclub fouesnant finistere sud\"\/><\/figure>\n\n\n\n<p class=\"maillage-title has-base-2-color has-text-color has-link-color wp-elements-d5a89a41da68cf62c25b013b34087449\" style=\"border-style:none;border-width:0px;border-radius:0px;padding-top:var(--wp--preset--spacing--20);padding-right:var(--wp--preset--spacing--30);padding-bottom:var(--wp--preset--spacing--20);padding-left:var(--wp--preset--spacing--40);font-size:clamp(15.197px, 0.95rem + ((1vw - 3.2px) * 0.661), 23px);font-style:normal;font-weight:500;letter-spacing:1px;text-transform:uppercase\">Aktivit\u00e4ten und Freizeit<\/p>\n\n\n<a class=\"is-style-lien-cover wp-block-read-more\" href=\"https:\/\/campinglaplage.fr\/de\/camping-aktivitaeten-freizeit-club-kinder-fouesnant\/\" target=\"_self\">Weiterlesen<span class=\"screen-reader-text\">: Aktivit\u00e4ten und Freizeit<\/span><\/a><\/div>\n\n<\/li><li class=\"wp-block-post post-4540 page type-page status-publish has-post-thumbnail hentry\">\n\n<div class=\"wp-block-group cta has-global-padding is-layout-constrained wp-block-group-is-layout-constrained\">\n<figure class=\"wp-block-image maillage-img\"><img decoding=\"async\" src=\"https:\/\/campinglaplage.fr\/wp-content\/uploads\/2025\/04\/services-camping-familial-fouesnant-cta.jpg\" alt=\"dienstleistungen familiencamping fouesnant\"\/><\/figure>\n\n\n\n<p class=\"maillage-title has-base-2-color has-text-color has-link-color wp-elements-d5a89a41da68cf62c25b013b34087449\" style=\"border-style:none;border-width:0px;border-radius:0px;padding-top:var(--wp--preset--spacing--20);padding-right:var(--wp--preset--spacing--30);padding-bottom:var(--wp--preset--spacing--20);padding-left:var(--wp--preset--spacing--40);font-size:clamp(15.197px, 0.95rem + ((1vw - 3.2px) * 0.661), 23px);font-style:normal;font-weight:500;letter-spacing:1px;text-transform:uppercase\">Dienstleistungen<\/p>\n\n\n<a class=\"is-style-lien-cover wp-block-read-more\" href=\"https:\/\/campinglaplage.fr\/de\/familien-campingplatz-fouesnant\/\" target=\"_self\">Weiterlesen<span class=\"screen-reader-text\">: Dienstleistungen<\/span><\/a><\/div>\n\n<\/li><li class=\"wp-block-post post-4462 page type-page status-publish has-post-thumbnail hentry\">\n\n<div class=\"wp-block-group cta has-global-padding is-layout-constrained wp-block-group-is-layout-constrained\">\n<figure class=\"wp-block-image maillage-img\"><img decoding=\"async\" src=\"https:\/\/campinglaplage.fr\/wp-content\/uploads\/2025\/04\/camping-parc-aquatique-fouesnant-finistere-cta.jpg\" alt=\"campingplatz wasserpark fouesnant finistere\"\/><\/figure>\n\n\n\n<p class=\"maillage-title has-base-2-color has-text-color has-link-color wp-elements-d5a89a41da68cf62c25b013b34087449\" style=\"border-style:none;border-width:0px;border-radius:0px;padding-top:var(--wp--preset--spacing--20);padding-right:var(--wp--preset--spacing--30);padding-bottom:var(--wp--preset--spacing--20);padding-left:var(--wp--preset--spacing--40);font-size:clamp(15.197px, 0.95rem + ((1vw - 3.2px) * 0.661), 23px);font-style:normal;font-weight:500;letter-spacing:1px;text-transform:uppercase\">Wasserpark<\/p>\n\n\n<a class=\"is-style-lien-cover wp-block-read-more\" href=\"https:\/\/campinglaplage.fr\/de\/camping-wasserpark-fouesnant\/\" target=\"_self\">Weiterlesen<span class=\"screen-reader-text\">: Wasserpark<\/span><\/a><\/div>\n\n<\/li><\/ul><\/div>\n<\/section>\n","protected":false},"excerpt":{"rendered":"<p>Campingplatz am Meer im S\u00fcd-Finist\u00e8re Genie\u00dfen Sie den direkten Zugang zum Strand auf dem Campingplatz in Fouesnant. Haben Sie sich f\u00fcr einen Urlaub am Meer im S\u00fcd-Finist\u00e8re entschieden? Auf dem Campingplatz de la Plage de Cleut Rouz, einem Campingplatz in Fouesnant, werden Sie privilegiert behandelt und haben einen direkten Zugang zum Strand. Von den Anh\u00e4ngern [&hellip;]<\/p>\n","protected":false},"author":1,"featured_media":4004,"parent":0,"menu_order":0,"comment_status":"closed","ping_status":"closed","template":"","meta":{"_acf_changed":false,"_seopress_robots_primary_cat":"","_seopress_titles_title":"Campingplatz am Meer im S\u00fcd-Finist\u00e8re | In der N\u00e4he des Ozeans in Fouesnant","_seopress_titles_desc":"Genie\u00dfen Sie den direkten Zugang zum Strand auf dem Campingplatz Cleut Rouz in Fouesnant. Entspannung, Angeln und Wassersport erwarten Sie. ","_seopress_robots_index":"","_gt_ctv_global_id":"","_gt_ctv_id_group":false,"inline_featured_image":false,"gt_fse_maillage_image":"https:\/\/campinglaplage.fr\/wp-content\/uploads\/2025\/04\/camping-bord-mer-fouesnant-finistere-sud-cta.jpg","gt_fse_maillage_titre":"Meer","gt_fse_maillage_alt":"Campingplatz am Meer Fouesnant S\u00fcdfinistere","gt_fse_maillage_resume":"","footnotes":""},"categories":[],"tags":[],"class_list":["post-4470","page","type-page","status-publish","has-post-thumbnail","hentry"],"acf":[],"_links":{"self":[{"href":"https:\/\/campinglaplage.fr\/de\/wp-json\/wp\/v2\/pages\/4470","targetHints":{"allow":["GET"]}}],"collection":[{"href":"https:\/\/campinglaplage.fr\/de\/wp-json\/wp\/v2\/pages"}],"about":[{"href":"https:\/\/campinglaplage.fr\/de\/wp-json\/wp\/v2\/types\/page"}],"author":[{"embeddable":true,"href":"https:\/\/campinglaplage.fr\/de\/wp-json\/wp\/v2\/users\/1"}],"replies":[{"embeddable":true,"href":"https:\/\/campinglaplage.fr\/de\/wp-json\/wp\/v2\/comments?post=4470"}],"version-history":[{"count":1,"href":"https:\/\/campinglaplage.fr\/de\/wp-json\/wp\/v2\/pages\/4470\/revisions"}],"predecessor-version":[{"id":4471,"href":"https:\/\/campinglaplage.fr\/de\/wp-json\/wp\/v2\/pages\/4470\/revisions\/4471"}],"wp:featuredmedia":[{"embeddable":true,"href":"https:\/\/campinglaplage.fr\/de\/wp-json\/wp\/v2\/media\/4004"}],"wp:attachment":[{"href":"https:\/\/campinglaplage.fr\/de\/wp-json\/wp\/v2\/media?parent=4470"}],"wp:term":[{"taxonomy":"category","embeddable":true,"href":"https:\/\/campinglaplage.fr\/de\/wp-json\/wp\/v2\/categories?post=4470"},{"taxonomy":"post_tag","embeddable":true,"href":"https:\/\/campinglaplage.fr\/de\/wp-json\/wp\/v2\/tags?post=4470"}],"curies":[{"name":"wp","href":"https:\/\/api.w.org\/{rel}","templated":true}]}}