{"id":4462,"date":"2025-03-03T17:05:15","date_gmt":"2025-03-03T16:05:15","guid":{"rendered":"https:\/\/campinglaplage.fr\/camping-wasserpark-fouesnant\/"},"modified":"2025-05-13T11:38:51","modified_gmt":"2025-05-13T09:38:51","slug":"camping-wasserpark-fouesnant","status":"publish","type":"page","link":"https:\/\/campinglaplage.fr\/de\/camping-wasserpark-fouesnant\/","title":{"rendered":"Wasserpark"},"content":{"rendered":"\n<section class=\"wp-block-group home-intro page-intro is-layout-flow wp-block-group-is-layout-flow\" style=\"padding-top:var(--wp--preset--spacing--40);padding-bottom:var(--wp--preset--spacing--60)\">\n<div class=\"wp-block-columns top is-layout-flex wp-container-core-columns-is-layout-16ca0261 wp-block-columns-is-layout-flex\" style=\"margin-bottom:0rem;padding-right:20rem;padding-left:5rem\">\n<div class=\"wp-block-column is-vertically-aligned-top left is-layout-flow wp-block-column-is-layout-flow\">\n<figure class=\"wp-block-image alignright size-full animated fadeIn delay-100ms slower\"><img decoding=\"async\" width=\"734\" height=\"557\" src=\"https:\/\/campinglaplage.fr\/wp-content\/uploads\/2025\/04\/camping-avec-parc-aquatique-chauffe-a-fouesnant-finistere.jpg\" alt=\"campingplatz mit beheiztem wasserpark in fouesnant finistere\" class=\"wp-image-4047\" style=\"object-fit:cover\" srcset=\"https:\/\/campinglaplage.fr\/wp-content\/uploads\/2025\/04\/camping-avec-parc-aquatique-chauffe-a-fouesnant-finistere.jpg 734w, https:\/\/campinglaplage.fr\/wp-content\/uploads\/2025\/04\/camping-avec-parc-aquatique-chauffe-a-fouesnant-finistere-300x228.jpg 300w\" sizes=\"(max-width: 734px) 100vw, 734px\" \/><\/figure>\n<\/div>\n\n\n\n<div class=\"wp-block-column is-vertically-aligned-center right is-layout-flow wp-block-column-is-layout-flow\" style=\"padding-bottom:var(--wp--preset--spacing--40)\">\n<h1 class=\"wp-block-heading\"><strong>Campingplatz mit beheiztem Wasserpark<\/strong> <br\/>in Fouesnant<\/h1>\n\n\n\n<p>Der<strong>Wasserbereich<\/strong> des <a href=\"https:\/\/campinglaplage.fr\/de\/\">Campingplatzes im s\u00fcdlichen Finist\u00e8re<\/a> mit <strong>Rutsche<\/strong> und <strong>Pentagliss<\/strong>, <strong>Balneobank<\/strong> und <strong>Planschbecken<\/strong> ist ab <strong>Mitte Mai <\/strong> ge\u00f6ffnet und beheizt (normalerweise).<\/p>\n\n\n\n<p>Das <strong>beheizte Hallenbad<\/strong> steht Ihnen <strong>ab der Er\u00f6ffnung zur<\/strong> Verf\u00fcgung. Die gro\u00dfen Bojen und Bodyboards sind f\u00fcr das Schwimmen im Meer reserviert. <\/p>\n\n\n\n<p>Der Zugang zum Wasserbereich ist den G\u00e4sten des Campingplatzes vorbehalten. Badeshorts sind nicht erlaubt und das Tragen eines Armbands ist Pflicht! <\/p>\n<\/div>\n<\/div>\n<\/section>\n\n<section class=\"wp-block-group home-third page-two has-custom-3-b-2927-background-color has-background is-layout-flow wp-block-group-is-layout-flow\" style=\"margin-top:0;margin-bottom:0\">\n<div class=\"wp-block-columns is-layout-flex wp-container-core-columns-is-layout-7fc3d43a wp-block-columns-is-layout-flex\">\n<div class=\"wp-block-column is-vertically-aligned-center right is-layout-flow wp-block-column-is-layout-flow\" style=\"padding-left:16rem;flex-basis:50%\">\n<h2 class=\"wp-block-heading\"><strong>Eintauchen in den beheizten Au\u00dfenpool<\/strong> <br\/>mit <strong>Whirlpoolbank<\/strong> <\/h2>\n\n\n\n<p class=\"has-custom-color-3-color has-text-color has-link-color wp-elements-20931f0df58f6b849791e6d19210611e\">Zwischen zwei Wanderungen gibt es nichts Besseres als einen Sprung in das<strong>t\u00fcrkisfarbene Wasser des beheizten Au\u00dfenpools<\/strong>. Nehmen Sie sich danach die Zeit, um <strong>sich<\/strong> auf einer der vielen<strong> Liegen<\/strong> am Rand des Pools zu <strong>entspannen<\/strong>. <\/p>\n\n\n\n<h2 class=\"wp-block-heading\" style=\"padding-top:var(--wp--preset--spacing--30)\"><strong>Entspannungspause bei jedem Wetter<\/strong> <br\/>im beheizten Hallenbad<\/h2>\n\n\n\n<p class=\"has-custom-color-3-color has-text-color has-link-color wp-elements-8179f9994b99b2491db078b3ce0e76e0\">Um das Badevergn\u00fcgen fortzusetzen<strong> <\/strong>Auch wenn das Wetter mal nicht so gut ist, k\u00f6nnen Sie sich auf unser <strong>Hallenbad<\/strong> verlassen, das ab dem Fr\u00fchjahr <strong>auf 28\u00b0C beheizt<\/strong> wird. Hinter den <strong>gro\u00dfen Glasfenstern<\/strong> stehen Ihnen einige <strong>Sessel<\/strong> zum Trocknen und Aufw\u00e4rmen zur Verf\u00fcgung. <\/p>\n<\/div>\n\n\n\n<div class=\"wp-block-column left is-layout-flow wp-block-column-is-layout-flow\" style=\"flex-basis:50%\">\n<figure class=\"wp-block-image size-full reveal animated fadeIn delay-100ms slower\"><img decoding=\"async\" width=\"916\" height=\"764\" src=\"https:\/\/campinglaplage.fr\/wp-content\/uploads\/2025\/04\/plongeon-dans-la-piscine-exterieure.jpg\" alt=\"Tauchen Sie in den Au&#xDF;enpool ein\" class=\"wp-image-4050\" srcset=\"https:\/\/campinglaplage.fr\/wp-content\/uploads\/2025\/04\/plongeon-dans-la-piscine-exterieure.jpg 916w, https:\/\/campinglaplage.fr\/wp-content\/uploads\/2025\/04\/plongeon-dans-la-piscine-exterieure-300x250.jpg 300w, https:\/\/campinglaplage.fr\/wp-content\/uploads\/2025\/04\/plongeon-dans-la-piscine-exterieure-768x641.jpg 768w\" sizes=\"(max-width: 916px) 100vw, 916px\" \/><\/figure>\n<\/div>\n<\/div>\n<\/section>\n\n<section id=\"toboggan\" class=\"wp-block-group home-third page-two reverse is-layout-flow wp-block-group-is-layout-flow\" style=\"margin-top:5rem;margin-bottom:0;padding-top:0;padding-bottom:4rem\">\n<div class=\"wp-block-columns is-layout-flex wp-container-core-columns-is-layout-7fc3d43a wp-block-columns-is-layout-flex\">\n<div class=\"wp-block-column left is-layout-flow wp-block-column-is-layout-flow\" style=\"flex-basis:50%\">\n<div data-swiper=\"{&quot;speed&quot;:400,&quot;spaceBetween&quot;:16,&quot;slidesPerView&quot;:1,&quot;createElements&quot;:true,&quot;loop&quot;:true,&quot;freemode&quot;:true,&quot;navigation&quot;:{&quot;nextEl&quot;:&quot;buttonNext&quot;,&quot;prevEl&quot;:&quot;buttonPrev&quot;},&quot;breakpoints&quot;:{&quot;0&quot;:{&quot;slidesPerView&quot;:1},&quot;380&quot;:[],&quot;1024&quot;:[]},&quot;effect&quot;:&quot;fade&quot;,&quot;pagination&quot;:false}\" class=\"wp-block-group animated fadeIn delay-100ms slower gt-is-slider gt-is-slider-desktop has-global-padding is-layout-constrained wp-block-group-is-layout-constrained\">\n<figure class=\"wp-block-image size-full\"><img decoding=\"async\" width=\"916\" height=\"764\" src=\"https:\/\/campinglaplage.fr\/wp-content\/uploads\/2025\/04\/le-paradis-des-tout-petits.jpg\" alt=\"das Paradies f&#xFC;r die Kleinsten\" class=\"wp-image-4053\" srcset=\"https:\/\/campinglaplage.fr\/wp-content\/uploads\/2025\/04\/le-paradis-des-tout-petits.jpg 916w, https:\/\/campinglaplage.fr\/wp-content\/uploads\/2025\/04\/le-paradis-des-tout-petits-300x250.jpg 300w, https:\/\/campinglaplage.fr\/wp-content\/uploads\/2025\/04\/le-paradis-des-tout-petits-768x641.jpg 768w\" sizes=\"(max-width: 916px) 100vw, 916px\" \/><\/figure>\n\n\n\n<figure class=\"wp-block-image size-full\"><img decoding=\"async\" width=\"916\" height=\"764\" src=\"https:\/\/campinglaplage.fr\/wp-content\/uploads\/2025\/04\/amusement-sur-le-toboggan-aquatique-et-le-pentagliss.jpg\" alt=\"Spa&#xDF; auf der Wasserrutsche und der Pentagliss.\" class=\"wp-image-4056\" srcset=\"https:\/\/campinglaplage.fr\/wp-content\/uploads\/2025\/04\/amusement-sur-le-toboggan-aquatique-et-le-pentagliss.jpg 916w, https:\/\/campinglaplage.fr\/wp-content\/uploads\/2025\/04\/amusement-sur-le-toboggan-aquatique-et-le-pentagliss-300x250.jpg 300w, https:\/\/campinglaplage.fr\/wp-content\/uploads\/2025\/04\/amusement-sur-le-toboggan-aquatique-et-le-pentagliss-768x641.jpg 768w\" sizes=\"(max-width: 916px) 100vw, 916px\" \/><\/figure>\n\n\n\n<figure class=\"wp-block-image size-full\"><img decoding=\"async\" width=\"916\" height=\"764\" src=\"https:\/\/campinglaplage.fr\/wp-content\/uploads\/2025\/04\/pataugeoire-avec-jeux-d-eau.jpg\" alt=\"Planschbecken mit Wasserspielen\" class=\"wp-image-4059\" srcset=\"https:\/\/campinglaplage.fr\/wp-content\/uploads\/2025\/04\/pataugeoire-avec-jeux-d-eau.jpg 916w, https:\/\/campinglaplage.fr\/wp-content\/uploads\/2025\/04\/pataugeoire-avec-jeux-d-eau-300x250.jpg 300w, https:\/\/campinglaplage.fr\/wp-content\/uploads\/2025\/04\/pataugeoire-avec-jeux-d-eau-768x641.jpg 768w\" sizes=\"(max-width: 916px) 100vw, 916px\" \/><\/figure>\n<\/div>\n<\/div>\n\n\n\n<div class=\"wp-block-column is-vertically-aligned-top right is-layout-flow wp-block-column-is-layout-flow\" style=\"padding-top:5rem;padding-right:16rem;flex-basis:50%\">\n<h2 class=\"wp-block-heading\"><strong>Planschbecken mit Wasserspielen<\/strong>: <br\/>das Paradies f\u00fcr die Kleinsten!<\/h2>\n\n\n\n<p class=\"has-custom-3-b-2927-color has-text-color\">Ideal f\u00fcr die Kleinen: das Planschbecken des Wasserparks!<\/p>\n\n\n\n<p class=\"has-custom-3-b-2927-color has-text-color\">Unser Campingplatz mit Wasserpark in Fouesnant verf\u00fcgt \u00fcber ein <strong>Planschbecken<\/strong> mit <strong>Rutsche<\/strong> und <strong>Wasserspielen<\/strong>.<\/p>\n\n\n\n<h2 class=\"wp-block-heading\" id=\"toboggan\" style=\"margin-top:var(--wp--preset--spacing--30)\"><strong>Spa\u00df und Unterhaltung<\/strong> <br\/>auf der Wasserrutsche und der Pentagliss.<\/h2>\n\n\n\n<p>Die<strong> Rutsche<\/strong> und die <strong>Pentagliss<\/strong> sind ein garantierter Nervenkitzel f\u00fcr alle Altersgruppen. Und das Wetter kann sie nicht davon abhalten! <\/p>\n\n\n\n<p>Diese Einrichtungen versprechen Lachen und unvergessliche Momente f\u00fcr Jung und Alt. Unser Campingplatz mit Wasserpark im s\u00fcdlichen Finist\u00e8re ist ideal, um sich unter der bretonischen Sonne abzuk\u00fchlen <strong>und<\/strong> ist der perfekte Ort, um w\u00e4hrend Ihres Aufenthalts in der Bretagne <strong>Entspannung und Spa\u00df zu<\/strong> kombinieren. Ob Sie nun ein Fan von schnellen Rutschpartien sind oder einfach nur Spa\u00df haben wollen, lassen Sie sich von einem einzigartigen Wassererlebnis verf\u00fchren! Sind Sie bereit, sich in das Abenteuer zu st\u00fcrzen?   <\/p>\n\n\n\n<h2 class=\"wp-block-heading\" style=\"margin-top:var(--wp--preset--spacing--30)\"><strong>Faulenzen Sie auf den Liegest\u00fchlen<\/strong> <br\/>unter der Sonne des s\u00fcdlichen Finist\u00e8re.<\/h2>\n\n\n\n<p class=\"has-custom-3-b-2927-color has-text-color\">F\u00fcr die weniger Mutigen, die nach der Anstrengung eine <strong>Pause<\/strong> machen m\u00f6chten, f\u00fcr die Leser mit einem guten Buch, f\u00fcr die t\u00e4gliche <strong>Siesta<\/strong> nach dem Mittagessen, in der Sonne, warten zahlreiche <strong>Liegest\u00fchle<\/strong> am Rand des Pools auf Sie.<\/p>\n<\/div>\n<\/div>\n\n\n\n<figure class=\"wp-block-image size-full is-resized page-two-img\"><img decoding=\"async\" width=\"550\" height=\"500\" src=\"https:\/\/campinglaplage.fr\/wp-content\/uploads\/2025\/03\/visuel-1.svg\" alt=\"visuell-1\" class=\"wp-image-908\" style=\"width:400px\"\/><\/figure>\n<\/section>\n\n<section class=\"wp-block-group home-second page-third is-layout-flow wp-block-group-is-layout-flow\" style=\"margin-top:0;padding-bottom:7rem\">\n<h2 class=\"wp-block-heading has-text-align-left has-custom-3-b-2927-color has-custom-color-3-background-color has-text-color has-background has-link-color has-noto-serif-display-font-family wp-elements-56d93a0226054f0c0f03a5148f91ca1b\" style=\"margin-right:65rem;margin-bottom:-10rem;padding-top:var(--wp--preset--spacing--10);padding-right:var(--wp--preset--spacing--20);padding-bottom:var(--wp--preset--spacing--10);padding-left:var(--wp--preset--spacing--20);font-size:clamp(28.836px, 1.802rem + ((1vw - 3.2px) * 1.794), 50px);line-height:1\">Aquad\u00e9tente <br\/>am Pool<\/h2>\n\n\n\n<div class=\"wp-block-group bubble-slider is-layout-flow wp-block-group-is-layout-flow\">\n<div class=\"wp-block-cover is-light has-custom-content-position is-position-bottom-left animated fadeIn delay-100ms slower\" style=\"min-height:900px;aspect-ratio:unset;\"><img decoding=\"async\" width=\"1920\" height=\"907\" class=\"wp-block-cover__image-background wp-image-4062 size-full\" alt=\"aquadetente a la piscine a fouesnant\" src=\"https:\/\/campinglaplage.fr\/wp-content\/uploads\/2025\/04\/aquadetente-a-la-piscine-a-fouesnant.jpg\" data-object-fit=\"cover\" srcset=\"https:\/\/campinglaplage.fr\/wp-content\/uploads\/2025\/04\/aquadetente-a-la-piscine-a-fouesnant.jpg 1920w, https:\/\/campinglaplage.fr\/wp-content\/uploads\/2025\/04\/aquadetente-a-la-piscine-a-fouesnant-300x142.jpg 300w, https:\/\/campinglaplage.fr\/wp-content\/uploads\/2025\/04\/aquadetente-a-la-piscine-a-fouesnant-1024x484.jpg 1024w, https:\/\/campinglaplage.fr\/wp-content\/uploads\/2025\/04\/aquadetente-a-la-piscine-a-fouesnant-768x363.jpg 768w, https:\/\/campinglaplage.fr\/wp-content\/uploads\/2025\/04\/aquadetente-a-la-piscine-a-fouesnant-1536x726.jpg 1536w\" sizes=\"(max-width: 1920px) 100vw, 1920px\" \/><span aria-hidden=\"true\" class=\"wp-block-cover__background has-background-dim-0 has-background-dim\" style=\"background-color:#839d96\"><\/span><div class=\"wp-block-cover__inner-container has-global-padding is-layout-constrained wp-block-cover-is-layout-constrained\">\n<div class=\"wp-block-group text-group has-background has-global-padding is-layout-constrained wp-container-core-group-is-layout-6f90b940 wp-block-group-is-layout-constrained\" style=\"background-color:#12121259;padding-top:var(--wp--preset--spacing--20);padding-right:var(--wp--preset--spacing--40);padding-bottom:var(--wp--preset--spacing--20);padding-left:var(--wp--preset--spacing--40)\">\n<p class=\"has-base-2-color has-text-color has-link-color wp-elements-e0aa301d161ac0fbcfcf38886cfebf37\">Im <strong>Juli und August<\/strong> bieten wir<strong>zweimal pro Woche Wasserspa\u00df<\/strong> an, w\u00e4hrend der Kinderclub stattfindet.<\/p>\n<\/div>\n<\/div><\/div>\n<\/div>\n<\/section>\n\n<section class=\"wp-block-group page-maillage has-global-padding is-layout-constrained wp-container-core-group-is-layout-272e016f wp-block-group-is-layout-constrained\" style=\"margin-top:var(--wp--preset--spacing--50);margin-bottom:var(--wp--preset--spacing--50)\">\n<p class=\"has-text-align-left title-slogan has-custom-3-b-2927-color has-text-color has-link-color has-noto-serif-display-font-family wp-elements-2a99cace094fb9121278ab60de8491ac\" style=\"font-size:clamp(28.836px, 1.802rem + ((1vw - 3.2px) * 1.794), 50px);line-height:1\">Entdecken Sie unsere Dienstleistungen, unsere Mietobjekte und den Strand<\/p>\n\n\n\n<div class=\"wp-block-query is-layout-flow wp-block-query-is-layout-flow\"><ul class=\"columns-3 wp-block-post-template has-medium-font-size is-layout-grid wp-container-core-post-template-is-layout-572542b5 wp-block-post-template-is-layout-grid\"><li class=\"wp-block-post post-4540 page type-page status-publish has-post-thumbnail hentry\">\n\n<div class=\"wp-block-group cta has-global-padding is-layout-constrained wp-block-group-is-layout-constrained\">\n<figure class=\"wp-block-image maillage-img\"><img decoding=\"async\" src=\"https:\/\/campinglaplage.fr\/wp-content\/uploads\/2025\/04\/services-camping-familial-fouesnant-cta.jpg\" alt=\"dienstleistungen familiencamping fouesnant\"\/><\/figure>\n\n\n\n<p class=\"maillage-title has-base-2-color has-text-color has-link-color wp-elements-d5a89a41da68cf62c25b013b34087449\" style=\"border-style:none;border-width:0px;border-radius:0px;padding-top:var(--wp--preset--spacing--20);padding-right:var(--wp--preset--spacing--30);padding-bottom:var(--wp--preset--spacing--20);padding-left:var(--wp--preset--spacing--40);font-size:clamp(15.197px, 0.95rem + ((1vw - 3.2px) * 0.661), 23px);font-style:normal;font-weight:500;letter-spacing:1px;text-transform:uppercase\">Dienstleistungen<\/p>\n\n\n<a class=\"is-style-lien-cover wp-block-read-more\" href=\"https:\/\/campinglaplage.fr\/de\/familien-campingplatz-fouesnant\/\" target=\"_self\">Weiterlesen<span class=\"screen-reader-text\">: Dienstleistungen<\/span><\/a><\/div>\n\n<\/li><li class=\"wp-block-post post-4369 page type-page status-publish has-post-thumbnail hentry\">\n\n<div class=\"wp-block-group cta has-global-padding is-layout-constrained wp-block-group-is-layout-constrained\">\n<figure class=\"wp-block-image maillage-img\"><img decoding=\"async\" src=\"https:\/\/campinglaplage.fr\/wp-content\/uploads\/2025\/04\/location-mobil-home-fouesnant-finistere-sud-cta.jpg\" alt=\"vermietung mobilheim fouesnant finistere sud\"\/><\/figure>\n\n\n\n<p class=\"maillage-title has-base-2-color has-text-color has-link-color wp-elements-d5a89a41da68cf62c25b013b34087449\" style=\"border-style:none;border-width:0px;border-radius:0px;padding-top:var(--wp--preset--spacing--20);padding-right:var(--wp--preset--spacing--30);padding-bottom:var(--wp--preset--spacing--20);padding-left:var(--wp--preset--spacing--40);font-size:clamp(15.197px, 0.95rem + ((1vw - 3.2px) * 0.661), 23px);font-style:normal;font-weight:500;letter-spacing:1px;text-transform:uppercase\">Vermietung von Mobilheimen<\/p>\n\n\n<a class=\"is-style-lien-cover wp-block-read-more\" href=\"https:\/\/campinglaplage.fr\/de\/vermietung-mobil-home-fouesnant\/\" target=\"_self\">Weiterlesen<span class=\"screen-reader-text\">: Mietwohnungen<\/span><\/a><\/div>\n\n<\/li><li class=\"wp-block-post post-4470 page type-page status-publish has-post-thumbnail hentry\">\n\n<div class=\"wp-block-group cta has-global-padding is-layout-constrained wp-block-group-is-layout-constrained\">\n<figure class=\"wp-block-image maillage-img\"><img decoding=\"async\" src=\"https:\/\/campinglaplage.fr\/wp-content\/uploads\/2025\/04\/camping-bord-mer-fouesnant-finistere-sud-cta.jpg\" alt=\"Campingplatz am Meer Fouesnant S\u00fcdfinistere\"\/><\/figure>\n\n\n\n<p class=\"maillage-title has-base-2-color has-text-color has-link-color wp-elements-d5a89a41da68cf62c25b013b34087449\" style=\"border-style:none;border-width:0px;border-radius:0px;padding-top:var(--wp--preset--spacing--20);padding-right:var(--wp--preset--spacing--30);padding-bottom:var(--wp--preset--spacing--20);padding-left:var(--wp--preset--spacing--40);font-size:clamp(15.197px, 0.95rem + ((1vw - 3.2px) * 0.661), 23px);font-style:normal;font-weight:500;letter-spacing:1px;text-transform:uppercase\">Meer<\/p>\n\n\n<a class=\"is-style-lien-cover wp-block-read-more\" href=\"https:\/\/campinglaplage.fr\/de\/camping-seeseite-fouesnant\/\" target=\"_self\">Weiterlesen<span class=\"screen-reader-text\">: Str\u00e4nde<\/span><\/a><\/div>\n\n<\/li><\/ul><\/div>\n<\/section>\n","protected":false},"excerpt":{"rendered":"<p>Campingplatz mit beheiztem Wasserpark in Fouesnant DerWasserbereich des Campingplatzes im s\u00fcdlichen Finist\u00e8re mit Rutsche und Pentagliss, Balneobank und Planschbecken ist ab Mitte Mai ge\u00f6ffnet und beheizt (normalerweise). Das beheizte Hallenbad steht Ihnen ab der Er\u00f6ffnung zur Verf\u00fcgung. Die gro\u00dfen Bojen und Bodyboards sind f\u00fcr das Schwimmen im Meer reserviert. Der Zugang zum Wasserbereich ist den [&hellip;]<\/p>\n","protected":false},"author":1,"featured_media":4042,"parent":0,"menu_order":0,"comment_status":"closed","ping_status":"closed","template":"","meta":{"_acf_changed":false,"_seopress_robots_primary_cat":"","_seopress_titles_title":"Campingplatz mit Wasserpark in Fouesnant | Piscine Finist\u00e8re Sud","_seopress_titles_desc":"Genie\u00dfen Sie einen Campingplatz mit beheiztem Wasserpark in Fouesnant. Rutschen, Pools und Entspannung unter der bretonischen Sonne f\u00fcr Gro\u00df und Klein! ","_seopress_robots_index":"","_gt_ctv_global_id":"","_gt_ctv_id_group":false,"inline_featured_image":false,"gt_fse_maillage_image":"https:\/\/campinglaplage.fr\/wp-content\/uploads\/2025\/04\/camping-parc-aquatique-fouesnant-finistere-cta.jpg","gt_fse_maillage_titre":"Wasserpark","gt_fse_maillage_alt":"campingplatz wasserpark fouesnant finistere","gt_fse_maillage_resume":"","footnotes":""},"categories":[],"tags":[],"class_list":["post-4462","page","type-page","status-publish","has-post-thumbnail","hentry"],"acf":[],"_links":{"self":[{"href":"https:\/\/campinglaplage.fr\/de\/wp-json\/wp\/v2\/pages\/4462","targetHints":{"allow":["GET"]}}],"collection":[{"href":"https:\/\/campinglaplage.fr\/de\/wp-json\/wp\/v2\/pages"}],"about":[{"href":"https:\/\/campinglaplage.fr\/de\/wp-json\/wp\/v2\/types\/page"}],"author":[{"embeddable":true,"href":"https:\/\/campinglaplage.fr\/de\/wp-json\/wp\/v2\/users\/1"}],"replies":[{"embeddable":true,"href":"https:\/\/campinglaplage.fr\/de\/wp-json\/wp\/v2\/comments?post=4462"}],"version-history":[{"count":1,"href":"https:\/\/campinglaplage.fr\/de\/wp-json\/wp\/v2\/pages\/4462\/revisions"}],"predecessor-version":[{"id":4463,"href":"https:\/\/campinglaplage.fr\/de\/wp-json\/wp\/v2\/pages\/4462\/revisions\/4463"}],"wp:featuredmedia":[{"embeddable":true,"href":"https:\/\/campinglaplage.fr\/de\/wp-json\/wp\/v2\/media\/4042"}],"wp:attachment":[{"href":"https:\/\/campinglaplage.fr\/de\/wp-json\/wp\/v2\/media?parent=4462"}],"wp:term":[{"taxonomy":"category","embeddable":true,"href":"https:\/\/campinglaplage.fr\/de\/wp-json\/wp\/v2\/categories?post=4462"},{"taxonomy":"post_tag","embeddable":true,"href":"https:\/\/campinglaplage.fr\/de\/wp-json\/wp\/v2\/tags?post=4462"}],"curies":[{"name":"wp","href":"https:\/\/api.w.org\/{rel}","templated":true}]}}