{"id":4453,"date":"2025-03-03T17:05:08","date_gmt":"2025-03-03T16:05:08","guid":{"rendered":"https:\/\/campinglaplage.fr\/fragen-campingplatz-fouesnant\/"},"modified":"2025-10-01T16:55:31","modified_gmt":"2025-10-01T14:55:31","slug":"fragen-campingplatz-fouesnant","status":"publish","type":"page","link":"https:\/\/campinglaplage.fr\/de\/fragen-campingplatz-fouesnant\/","title":{"rendered":"H\u00e4ufig gestellte Fragen"},"content":{"rendered":"\n<section class=\"wp-block-group page-intro is-layout-flow wp-block-group-is-layout-flow\" style=\"padding-top:var(--wp--preset--spacing--30);padding-bottom:7rem\">\n<div class=\"wp-block-columns top is-layout-flex wp-container-core-columns-is-layout-16ca0261 wp-block-columns-is-layout-flex\" style=\"margin-bottom:0rem;padding-right:20rem;padding-left:5rem\">\n<div class=\"wp-block-column gt-no-padding-mobile is-layout-flow wp-block-column-is-layout-flow\" style=\"padding-left:10rem\">\n<h1 class=\"wp-block-heading\" style=\"padding-bottom:var(--wp--preset--spacing--30)\">H\u00e4ufig gestellte Fragen: Wir antworten Ihnen!<\/h1>\n\n\n\n<div class=\"wp-block-group gt-no-padding-mobile is-layout-flow wp-block-group-is-layout-flow\" style=\"padding-right:20rem\">\n<details class=\"gt-fse-faq wp-block-gt-gt-fse-faq\" data-wp-interactive=\"gt-fse-faq\" data-wp-context='{ \"isOpen\": false }'>\n\t<summary aria-expanded=\"false\" class=\"gt-fse-faq-summary\" data-wp-on--click=\"actions.toggle\" data-wp-bind--aria-expanded=\"context.isOpen\">\n\t\t<div class=\"gt-fse-faq-summary-text\"><strong>Wie gro\u00df ist die Fl\u00e4che des Campingplatzes?<\/strong><\/div>\n\t\t<span class=\"gt-fse-faq-opener\"><\/span>\n\t<\/summary>\n\t<div class=\"gt-fse-faq-content\">\n\t\t\n\n<p>Der Campingplatz La Plage de Cleut Rouz ist ein \u00fcberschaubarer Campingplatz mit einer Fl\u00e4che von 3,5 Hektar und 147 Stellpl\u00e4tzen, davon 52 Mietunterk\u00fcnfte.<\/p>\n\n\t<\/div>\n<\/details>\n\n\n<details class=\"gt-fse-faq wp-block-gt-gt-fse-faq\" data-wp-interactive=\"gt-fse-faq\" data-wp-context='{ \"isOpen\": false }'>\n\t<summary aria-expanded=\"false\" class=\"gt-fse-faq-summary\" data-wp-on--click=\"actions.toggle\" data-wp-bind--aria-expanded=\"context.isOpen\">\n\t\t<div class=\"gt-fse-faq-summary-text\"><strong><strong>Wie weit ist der Campingplatz vom Strand und vom Stadtzentrum entfernt?<\/strong><\/strong><\/div>\n\t\t<span class=\"gt-fse-faq-opener\"><\/span>\n\t<\/summary>\n\t<div class=\"gt-fse-faq-content\">\n\t\t\n\n<p>Etwa 100 Meter vom Campingplatz entfernt haben wir einen direkten Zugang zum Strand von Cleut Rouz. Das Stadtzentrum von Fouesnant ist 4,5 km vom Campingplatz entfernt und kann in 5 Minuten mit dem Auto erreicht werden. <\/p>\n\n\t<\/div>\n<\/details>\n\n\n<details class=\"gt-fse-faq wp-block-gt-gt-fse-faq\" data-wp-interactive=\"gt-fse-faq\" data-wp-context='{ \"isOpen\": false }'>\n\t<summary aria-expanded=\"false\" class=\"gt-fse-faq-summary\" data-wp-on--click=\"actions.toggle\" data-wp-bind--aria-expanded=\"context.isOpen\">\n\t\t<div class=\"gt-fse-faq-summary-text\"><strong><strong><strong>Wann ist der Campingplatz ge\u00f6ffnet?<\/strong><\/strong><\/strong><\/div>\n\t\t<span class=\"gt-fse-faq-opener\"><\/span>\n\t<\/summary>\n\t<div class=\"gt-fse-faq-content\">\n\t\t\n\n<p>Im Jahr 2026 ist der Campingplatz vom 25. April bis zum 12. September ge\u00f6ffnet.<\/p>\n\n\t<\/div>\n<\/details>\n\n\n<details class=\"gt-fse-faq wp-block-gt-gt-fse-faq\" data-wp-interactive=\"gt-fse-faq\" data-wp-context='{ \"isOpen\": false }'>\n\t<summary aria-expanded=\"false\" class=\"gt-fse-faq-summary\" data-wp-on--click=\"actions.toggle\" data-wp-bind--aria-expanded=\"context.isOpen\">\n\t\t<div class=\"gt-fse-faq-summary-text\"><strong><strong><strong><strong>Gibt es einen Parkplatz f\u00fcr mein Auto auf meinem Stellplatz?<\/strong><\/strong><\/strong><\/strong><\/div>\n\t\t<span class=\"gt-fse-faq-opener\"><\/span>\n\t<\/summary>\n\t<div class=\"gt-fse-faq-content\">\n\t\t\n\n<p>Ja, alle Pl\u00e4tze wurden so angelegt, dass ein Fahrzeug geparkt werden kann.<\/p>\n\n\t<\/div>\n<\/details>\n\n\n<details class=\"gt-fse-faq wp-block-gt-gt-fse-faq\" data-wp-interactive=\"gt-fse-faq\" data-wp-context='{ \"isOpen\": false }'>\n\t<summary aria-expanded=\"false\" class=\"gt-fse-faq-summary\" data-wp-on--click=\"actions.toggle\" data-wp-bind--aria-expanded=\"context.isOpen\">\n\t\t<div class=\"gt-fse-faq-summary-text\"><strong><strong><strong><strong><strong>Sind Besucher erlaubt?<\/strong><\/strong><\/strong><\/strong><\/strong><\/div>\n\t\t<span class=\"gt-fse-faq-opener\"><\/span>\n\t<\/summary>\n\t<div class=\"gt-fse-faq-content\">\n\t\t\n\n<p>Ja, Besucher sind willkommen (in angemessener Anzahl, um die anderen G\u00e4ste nicht zu st\u00f6ren). Sie m\u00fcssen sich bei der Ankunft an der Rezeption melden. Eine Geb\u00fchr wird erhoben, wenn sie l\u00e4nger als 2 Stunden auf dem Campingplatz bleiben. <\/p>\n\n\t<\/div>\n<\/details>\n\n\n<details class=\"gt-fse-faq wp-block-gt-gt-fse-faq\" data-wp-interactive=\"gt-fse-faq\" data-wp-context='{ \"isOpen\": false }'>\n\t<summary aria-expanded=\"false\" class=\"gt-fse-faq-summary\" data-wp-on--click=\"actions.toggle\" data-wp-bind--aria-expanded=\"context.isOpen\">\n\t\t<div class=\"gt-fse-faq-summary-text\"><strong><strong><strong><strong><strong><strong>Wie kann ich buchen?<\/strong><\/strong><\/strong><\/strong><\/strong><\/strong><\/div>\n\t\t<span class=\"gt-fse-faq-opener\"><\/span>\n\t<\/summary>\n\t<div class=\"gt-fse-faq-content\">\n\t\t\n\n<p>Die Buchung erfolgt direkt online auf unserer Website und ist verbindlich, sobald Sie eine Anzahlung von 30% des Gesamtpreises geleistet haben.<\/p>\n\n\t<\/div>\n<\/details>\n\n\n<details class=\"gt-fse-faq wp-block-gt-gt-fse-faq\" data-wp-interactive=\"gt-fse-faq\" data-wp-context='{ \"isOpen\": false }'>\n\t<summary aria-expanded=\"false\" class=\"gt-fse-faq-summary\" data-wp-on--click=\"actions.toggle\" data-wp-bind--aria-expanded=\"context.isOpen\">\n\t\t<div class=\"gt-fse-faq-summary-text\"><strong><strong><strong><strong><strong><strong><strong>Was ist die Kurtaxe?<\/strong><\/strong><\/strong><\/strong><\/strong><\/strong><\/strong><\/div>\n\t\t<span class=\"gt-fse-faq-opener\"><\/span>\n\t<\/summary>\n\t<div class=\"gt-fse-faq-content\">\n\t\t\n\n<p>Diese Steuer wird von der Gemeinde und dem Departement erhoben. Sie soll, was die Gemeinde betrifft, zur Finanzierung des st\u00e4dtischen Fremdenverkehrsamtes beitragen und somit den Empfang, die Information, die Verbesserung und die Entwicklung der Dienstleistungen und Einrichtungen des Ortes unterst\u00fctzen.   <br\/><br\/>Im Jahr 2025 betr\u00e4gt die Kurtaxe in Fouesnant 0,66 \u20ac pro Erwachsenem und pro Nacht (0,60 \u20ac Gemeindesteuer + 0,06 \u20ac Departementssteuer, d.h. 10 %).<\/p>\n\n\t<\/div>\n<\/details>\n\n\n<details class=\"gt-fse-faq wp-block-gt-gt-fse-faq\" data-wp-interactive=\"gt-fse-faq\" data-wp-context='{ \"isOpen\": false }'>\n\t<summary aria-expanded=\"false\" class=\"gt-fse-faq-summary\" data-wp-on--click=\"actions.toggle\" data-wp-bind--aria-expanded=\"context.isOpen\">\n\t\t<div class=\"gt-fse-faq-summary-text\"><strong><strong><strong><strong><strong><strong><strong><strong>Wann kann ich ankommen?<\/strong><\/strong><\/strong><\/strong><\/strong><\/strong><\/strong><\/strong><\/div>\n\t\t<span class=\"gt-fse-faq-opener\"><\/span>\n\t<\/summary>\n\t<div class=\"gt-fse-faq-content\">\n\t\t\n\n<p>Au\u00dferhalb der Monate Juli und August k\u00f6nnen Sie zwischen 14.00 und 18.00 Uhr anreisen, sowohl f\u00fcr Stellpl\u00e4tze als auch f\u00fcr Mietunterk\u00fcnfte. Im Juli und August ist die Anreise f\u00fcr Stellpl\u00e4tze ab 14 Uhr und f\u00fcr Mietunterk\u00fcnfte ab 15 Uhr m\u00f6glich. Wenn Sie au\u00dferhalb dieser Zeiten anreisen, nehmen Sie bitte vorher Kontakt mit uns auf.  <\/p>\n\n\t<\/div>\n<\/details>\n\n\n<details class=\"gt-fse-faq wp-block-gt-gt-fse-faq\" data-wp-interactive=\"gt-fse-faq\" data-wp-context='{ \"isOpen\": false }'>\n\t<summary aria-expanded=\"false\" class=\"gt-fse-faq-summary\" data-wp-on--click=\"actions.toggle\" data-wp-bind--aria-expanded=\"context.isOpen\">\n\t\t<div class=\"gt-fse-faq-summary-text\"><strong><strong><strong><strong><strong><strong><strong><strong><strong>Muss ich bei der Ankunft eine Kaution hinterlegen?<\/strong><\/strong><\/strong><\/strong><\/strong><\/strong><\/strong><\/strong><\/strong><\/div>\n\t\t<span class=\"gt-fse-faq-opener\"><\/span>\n\t<\/summary>\n\t<div class=\"gt-fse-faq-content\">\n\t\t\n\n<p>Bei Ihrer Ankunft werden verschiedene Kautionen verlangt. Wenn Sie in einem Mietobjekt ankommen, sind es insgesamt zwei, eine Kaution von \u20ac400 f\u00fcr eventuelle Sch\u00e4den an Ihrem Mietobjekt oder der Anlage und eine weitere Kaution von \u20ac100\/120\/150 (je nach Kategorie der Unterkunft), die einkassiert wird, wenn das Mietobjekt in einem nicht sauberen Zustand zur\u00fcckgegeben wird. Wenn Sie auf einem Stellplatz ankommen, m\u00fcssen Sie eine Kaution von 20 \u20ac hinterlegen. Diese Kaution ist erforderlich, um einen Schrankenausweis zu erhalten, damit Sie mit Ihrem Fahrzeug auf Ihren Stellplatz fahren k\u00f6nnen. Wenn Sie einen K\u00fchlschrank gemietet haben, m\u00fcssen Sie eine weitere Kaution von \u20ac 50 hinterlegen.   <\/p>\n\n\t<\/div>\n<\/details>\n\n\n<details class=\"gt-fse-faq wp-block-gt-gt-fse-faq\" data-wp-interactive=\"gt-fse-faq\" data-wp-context='{ \"isOpen\": false }'>\n\t<summary aria-expanded=\"false\" class=\"gt-fse-faq-summary\" data-wp-on--click=\"actions.toggle\" data-wp-bind--aria-expanded=\"context.isOpen\">\n\t\t<div class=\"gt-fse-faq-summary-text\"><strong><strong><strong><strong><strong><strong><strong><strong><strong><strong>Wie l\u00e4uft der Abflug ab?<\/strong><\/strong><\/strong><\/strong><\/strong><\/strong><\/strong><\/strong><\/strong><\/strong><\/div>\n\t\t<span class=\"gt-fse-faq-opener\"><\/span>\n\t<\/summary>\n\t<div class=\"gt-fse-faq-content\">\n\t\t\n\n<p>Bei Stellpl\u00e4tzen muss die Abreise bis 12 Uhr erfolgen. Bei der Vermietung m\u00fcssen Sie einen Termin an der Rezeption f\u00fcr die <g id=\"gid_0\">Schl\u00fcsselr\u00fcckgabe<\/g> vereinbaren, die im Juli und August samstags zwischen 8.00 und 10.00 Uhr erfolgt. Au\u00dferhalb dieser Zeit vereinbaren wir gemeinsam vor Ort die Uhrzeit f\u00fcr die Wohnungs\u00fcbergabe.  <\/p>\n\n\t<\/div>\n<\/details>\n\n\n<details class=\"gt-fse-faq wp-block-gt-gt-fse-faq\" data-wp-interactive=\"gt-fse-faq\" data-wp-context='{ \"isOpen\": false }'>\n\t<summary aria-expanded=\"false\" class=\"gt-fse-faq-summary\" data-wp-on--click=\"actions.toggle\" data-wp-bind--aria-expanded=\"context.isOpen\">\n\t\t<div class=\"gt-fse-faq-summary-text\"><strong><strong><strong><strong><strong><strong><strong><strong><strong><strong><strong>Welche Zahlungsmittel werden auf dem Campingplatz akzeptiert?<\/strong><\/strong><\/strong><\/strong><\/strong><\/strong><\/strong><\/strong><\/strong><\/strong><\/strong><\/div>\n\t\t<span class=\"gt-fse-faq-opener\"><\/span>\n\t<\/summary>\n\t<div class=\"gt-fse-faq-content\">\n\t\t\n\n<p>Wir akzeptieren Zahlungen per Scheck, Kreditkarte, Bargeld, Ferienschecks (maximal 600 \u20ac), Connect Ferienschecks und Bank\u00fcberweisung.<\/p>\n\n\t<\/div>\n<\/details>\n\n\n<details class=\"gt-fse-faq wp-block-gt-gt-fse-faq\" data-wp-interactive=\"gt-fse-faq\" data-wp-context='{ \"isOpen\": false }'>\n\t<summary aria-expanded=\"false\" class=\"gt-fse-faq-summary\" data-wp-on--click=\"actions.toggle\" data-wp-bind--aria-expanded=\"context.isOpen\">\n\t\t<div class=\"gt-fse-faq-summary-text\"><strong><strong><strong><strong><strong><strong><strong><strong><strong><strong><strong><strong>Gibt es eine WiFi-Verbindung?<\/strong><\/strong><\/strong><\/strong><\/strong><\/strong><\/strong><\/strong><\/strong><\/strong><\/strong><\/strong><\/div>\n\t\t<span class=\"gt-fse-faq-opener\"><\/span>\n\t<\/summary>\n\t<div class=\"gt-fse-faq-content\">\n\t\t\n\n<p>Die Mobilheime und H\u00fctten sind nicht mit WIFI ausgestattet. Es ist Zeit abzuschalten und sich einen Moment au\u00dferhalb der Zeit zu g\u00f6nnen, um dem Alltag zu entfliehen und Ihren Urlaub zu genie\u00dfen. Wenn Sie wirklich eine Verbindung zum Internet ben\u00f6tigen, k\u00f6nnen Sie dies auf dem Campingplatz tun, da Sie in der N\u00e4he der Rezeption und im Fernsehraum eine kostenlose WIFI-Verbindung nutzen k\u00f6nnen. Das Passwort f\u00fcr den Zugang erhalten Sie an der Rezeption.   <\/p>\n\n\t<\/div>\n<\/details>\n\n\n<details class=\"gt-fse-faq wp-block-gt-gt-fse-faq\" data-wp-interactive=\"gt-fse-faq\" data-wp-context='{ \"isOpen\": false }'>\n\t<summary aria-expanded=\"false\" class=\"gt-fse-faq-summary\" data-wp-on--click=\"actions.toggle\" data-wp-bind--aria-expanded=\"context.isOpen\">\n\t\t<div class=\"gt-fse-faq-summary-text\"><strong><strong><strong><strong><strong><strong><strong><strong><strong><strong><strong><strong><strong>Kann man grillen?<\/strong><\/strong><\/strong><\/strong><\/strong><\/strong><\/strong><\/strong><\/strong><\/strong><\/strong><\/strong><\/strong><\/div>\n\t\t<span class=\"gt-fse-faq-opener\"><\/span>\n\t<\/summary>\n\t<div class=\"gt-fse-faq-content\">\n\t\t\n\n<p>Ja, es ist durchaus m\u00f6glich, zu grillen. Der Gemeinschaftsgrill steht Ihnen in der N\u00e4he der Rezeption zur Verf\u00fcgung, wir leihen Ihnen einen Rost gegen Kaution. Sie k\u00f6nnen auch Ihren eigenen Grill mitbringen und ihn auf Ihrem Stellplatz benutzen. Alle Arten von Grills sind erlaubt, AUSSER ELEKTRISCHE.   <\/p>\n\n\t<\/div>\n<\/details>\n\n\n<details class=\"gt-fse-faq wp-block-gt-gt-fse-faq\" data-wp-interactive=\"gt-fse-faq\" data-wp-context='{ \"isOpen\": false }'>\n\t<summary aria-expanded=\"false\" class=\"gt-fse-faq-summary\" data-wp-on--click=\"actions.toggle\" data-wp-bind--aria-expanded=\"context.isOpen\">\n\t\t<div class=\"gt-fse-faq-summary-text\"><strong><strong><strong><strong><strong><strong><strong><strong><strong><strong><strong><strong><strong><strong>Wie und wann ist der Zugang zum Wasserpark m\u00f6glich?<\/strong><\/strong><\/strong><\/strong><\/strong><\/strong><\/strong><\/strong><\/strong><\/strong><\/strong><\/strong><\/strong><\/strong><\/div>\n\t\t<span class=\"gt-fse-faq-opener\"><\/span>\n\t<\/summary>\n\t<div class=\"gt-fse-faq-content\">\n\t\t\n\n<p>Der Wasserbereich ist durchgehend von 10:30 bis 19:30 Uhr ge\u00f6ffnet. Um Zugang zu erhalten, m\u00fcssen Sie das Armband tragen, das Sie bei Ihrer Ankunft erhalten. F\u00fcr M\u00e4nner sind Badeshorts verboten.  <\/p>\n\n\t<\/div>\n<\/details>\n\n\n<details class=\"gt-fse-faq wp-block-gt-gt-fse-faq\" data-wp-interactive=\"gt-fse-faq\" data-wp-context='{ \"isOpen\": false }'>\n\t<summary aria-expanded=\"false\" class=\"gt-fse-faq-summary\" data-wp-on--click=\"actions.toggle\" data-wp-bind--aria-expanded=\"context.isOpen\">\n\t\t<div class=\"gt-fse-faq-summary-text\"><strong><strong><strong><strong><strong><strong><strong><strong><strong><strong><strong><strong><strong><strong><strong>Wer ist in den Unterk\u00fcnften?<\/strong><\/strong><\/strong><\/strong><\/strong><\/strong><\/strong><\/strong><\/strong><\/strong><\/strong><\/strong><\/strong><\/strong><\/strong><\/div>\n\t\t<span class=\"gt-fse-faq-opener\"><\/span>\n\t<\/summary>\n\t<div class=\"gt-fse-faq-content\">\n\t\t\n\n<p>In allen unseren Unterk\u00fcnften finden Sie Bettdecken und Kopfkissen. Sie brauchen nur Ihre eigene Bettw\u00e4sche mitzubringen. F\u00fcr die K\u00fcche ist das gesamte Geschirr vorhanden (Standardinventar zum Zeitpunkt der Buchung verf\u00fcgbar). Unsere Unterk\u00fcnfte sind alle mit K\u00fchlschrank, Kochplatte, Mikrowelle und Kaffeemaschine ausgestattet. Im Freien k\u00f6nnen Sie eine Terrasse mit Gartenm\u00f6beln und Liegest\u00fchlen nutzen.    <\/p>\n\n\t<\/div>\n<\/details><\/div>\n<\/div>\n<\/div>\n<\/section>\n\n<section class=\"wp-block-group page-maillage has-global-padding is-layout-constrained wp-container-core-group-is-layout-272e016f wp-block-group-is-layout-constrained\" style=\"margin-top:var(--wp--preset--spacing--50);margin-bottom:var(--wp--preset--spacing--50)\">\n<p class=\"has-text-align-left title-slogan has-custom-3-b-2927-color has-text-color has-link-color has-noto-serif-display-font-family wp-elements-417313f2acbb54e9e1fd9adba2dbf5f2\" style=\"font-size:clamp(28.836px, 1.802rem + ((1vw - 3.2px) * 1.794), 50px);line-height:1\">Entdecken Sie unsere Stellpl\u00e4tze, unsere Vermietungen und unsere Preise<\/p>\n\n\n\n<div class=\"wp-block-query is-layout-flow wp-block-query-is-layout-flow\"><ul class=\"columns-3 wp-block-post-template has-medium-font-size is-layout-grid wp-container-core-post-template-is-layout-572542b5 wp-block-post-template-is-layout-grid\"><li class=\"wp-block-post post-4373 page type-page status-publish has-post-thumbnail hentry\">\n\n<div class=\"wp-block-group cta has-global-padding is-layout-constrained wp-block-group-is-layout-constrained\">\n<figure class=\"wp-block-image maillage-img\"><img decoding=\"async\" src=\"https:\/\/campinglaplage.fr\/wp-content\/uploads\/2025\/04\/location-emplacement-fouesnant-finistere-sud-cta.jpg\" alt=\"vermietung stellplatz fouesnant finistere sud\"\/><\/figure>\n\n\n\n<p class=\"maillage-title has-base-2-color has-text-color has-link-color wp-elements-d5a89a41da68cf62c25b013b34087449\" style=\"border-style:none;border-width:0px;border-radius:0px;padding-top:var(--wp--preset--spacing--20);padding-right:var(--wp--preset--spacing--30);padding-bottom:var(--wp--preset--spacing--20);padding-left:var(--wp--preset--spacing--40);font-size:clamp(15.197px, 0.95rem + ((1vw - 3.2px) * 0.661), 23px);font-style:normal;font-weight:500;letter-spacing:1px;text-transform:uppercase\">Vermietung Stellplatz<\/p>\n\n\n<a class=\"is-style-lien-cover wp-block-read-more\" href=\"https:\/\/campinglaplage.fr\/de\/rental-platze-fouesnant\/\" target=\"_self\">Weiterlesen<span class=\"screen-reader-text\">: Pl\u00e4tze<\/span><\/a><\/div>\n\n<\/li><li class=\"wp-block-post post-4369 page type-page status-publish has-post-thumbnail hentry\">\n\n<div class=\"wp-block-group cta has-global-padding is-layout-constrained wp-block-group-is-layout-constrained\">\n<figure class=\"wp-block-image maillage-img\"><img decoding=\"async\" src=\"https:\/\/campinglaplage.fr\/wp-content\/uploads\/2025\/04\/location-mobil-home-fouesnant-finistere-sud-cta.jpg\" alt=\"vermietung mobilheim fouesnant finistere sud\"\/><\/figure>\n\n\n\n<p class=\"maillage-title has-base-2-color has-text-color has-link-color wp-elements-d5a89a41da68cf62c25b013b34087449\" style=\"border-style:none;border-width:0px;border-radius:0px;padding-top:var(--wp--preset--spacing--20);padding-right:var(--wp--preset--spacing--30);padding-bottom:var(--wp--preset--spacing--20);padding-left:var(--wp--preset--spacing--40);font-size:clamp(15.197px, 0.95rem + ((1vw - 3.2px) * 0.661), 23px);font-style:normal;font-weight:500;letter-spacing:1px;text-transform:uppercase\">Vermietung von Mobilheimen<\/p>\n\n\n<a class=\"is-style-lien-cover wp-block-read-more\" href=\"https:\/\/campinglaplage.fr\/de\/vermietung-mobil-home-fouesnant\/\" target=\"_self\">Weiterlesen<span class=\"screen-reader-text\">: Mietwohnungen<\/span><\/a><\/div>\n\n<\/li><li class=\"wp-block-post post-4377 page type-page status-publish has-post-thumbnail hentry\">\n\n<div class=\"wp-block-group cta has-global-padding is-layout-constrained wp-block-group-is-layout-constrained\">\n<figure class=\"wp-block-image maillage-img\"><img decoding=\"async\" src=\"https:\/\/campinglaplage.fr\/wp-content\/uploads\/2025\/04\/camping-pas-cher-fouesnant-finistere-sud-cta.jpg\" alt=\"g\u00fcnstiger Campingplatz fouesnant finistere sud\"\/><\/figure>\n\n\n\n<p class=\"maillage-title has-base-2-color has-text-color has-link-color wp-elements-d5a89a41da68cf62c25b013b34087449\" style=\"border-style:none;border-width:0px;border-radius:0px;padding-top:var(--wp--preset--spacing--20);padding-right:var(--wp--preset--spacing--30);padding-bottom:var(--wp--preset--spacing--20);padding-left:var(--wp--preset--spacing--40);font-size:clamp(15.197px, 0.95rem + ((1vw - 3.2px) * 0.661), 23px);font-style:normal;font-weight:500;letter-spacing:1px;text-transform:uppercase\">Werbeangebote<\/p>\n\n\n<a class=\"is-style-lien-cover wp-block-read-more\" href=\"https:\/\/campinglaplage.fr\/de\/guenstiger-campingplatz-fouesnant\/\" target=\"_self\">Weiterlesen<span class=\"screen-reader-text\">: Preise und Angebote<\/span><\/a><\/div>\n\n<\/li><\/ul><\/div>\n<\/section>\n","protected":false},"excerpt":{"rendered":"<p>H\u00e4ufig gestellte Fragen: Wir antworten Ihnen! Entdecken Sie unsere Stellpl\u00e4tze, unsere Vermietungen und unsere Preise<\/p>\n","protected":false},"author":1,"featured_media":4068,"parent":0,"menu_order":0,"comment_status":"closed","ping_status":"closed","template":"","meta":{"_acf_changed":false,"_seopress_robots_primary_cat":"","_seopress_titles_title":"FAQ: praktische Informationen f\u00fcr Ihren Aufenthalt auf dem Campingplatz in Fouesnant","_seopress_titles_desc":"Entdecken Sie den Camping de la Plage de Cleut Rouz in Fouesnant, mit direktem Zugang zum Strand und praktischen Stellpl\u00e4tzen. Vereinfachte Reservierungen online oder per Post. ","_seopress_robots_index":"","_gt_ctv_global_id":"4715","_gt_ctv_id_group":false,"inline_featured_image":false,"gt_fse_maillage_image":"https:\/\/campinglaplage.fr\/wp-content\/uploads\/2025\/04\/faq-camping-fouesnant-finistere-sud-cta.jpg","gt_fse_maillage_titre":"H\u00e4ufig gestellte Fragen","gt_fse_maillage_alt":"faq camping fouesnant finistere sud","gt_fse_maillage_resume":"","footnotes":""},"categories":[],"tags":[],"class_list":["post-4453","page","type-page","status-publish","has-post-thumbnail","hentry"],"acf":[],"_links":{"self":[{"href":"https:\/\/campinglaplage.fr\/de\/wp-json\/wp\/v2\/pages\/4453","targetHints":{"allow":["GET"]}}],"collection":[{"href":"https:\/\/campinglaplage.fr\/de\/wp-json\/wp\/v2\/pages"}],"about":[{"href":"https:\/\/campinglaplage.fr\/de\/wp-json\/wp\/v2\/types\/page"}],"author":[{"embeddable":true,"href":"https:\/\/campinglaplage.fr\/de\/wp-json\/wp\/v2\/users\/1"}],"replies":[{"embeddable":true,"href":"https:\/\/campinglaplage.fr\/de\/wp-json\/wp\/v2\/comments?post=4453"}],"version-history":[{"count":2,"href":"https:\/\/campinglaplage.fr\/de\/wp-json\/wp\/v2\/pages\/4453\/revisions"}],"predecessor-version":[{"id":5178,"href":"https:\/\/campinglaplage.fr\/de\/wp-json\/wp\/v2\/pages\/4453\/revisions\/5178"}],"wp:featuredmedia":[{"embeddable":true,"href":"https:\/\/campinglaplage.fr\/de\/wp-json\/wp\/v2\/media\/4068"}],"wp:attachment":[{"href":"https:\/\/campinglaplage.fr\/de\/wp-json\/wp\/v2\/media?parent=4453"}],"wp:term":[{"taxonomy":"category","embeddable":true,"href":"https:\/\/campinglaplage.fr\/de\/wp-json\/wp\/v2\/categories?post=4453"},{"taxonomy":"post_tag","embeddable":true,"href":"https:\/\/campinglaplage.fr\/de\/wp-json\/wp\/v2\/tags?post=4453"}],"curies":[{"name":"wp","href":"https:\/\/api.w.org\/{rel}","templated":true}]}}