{"id":4446,"date":"2025-03-03T17:04:59","date_gmt":"2025-03-03T16:04:59","guid":{"rendered":"https:\/\/campinglaplage.fr\/camping-aktivitaeten-freizeit-club-kinder-fouesnant\/"},"modified":"2025-10-02T10:25:09","modified_gmt":"2025-10-02T08:25:09","slug":"camping-aktivitaeten-freizeit-club-kinder-fouesnant","status":"publish","type":"page","link":"https:\/\/campinglaplage.fr\/de\/camping-aktivitaeten-freizeit-club-kinder-fouesnant\/","title":{"rendered":"Aktivit\u00e4ten und Freizeit"},"content":{"rendered":"\n<section class=\"wp-block-group home-intro page-intro is-layout-flow wp-block-group-is-layout-flow\" style=\"padding-top:var(--wp--preset--spacing--40);padding-bottom:var(--wp--preset--spacing--60)\">\n<div class=\"wp-block-columns top is-layout-flex wp-container-core-columns-is-layout-16ca0261 wp-block-columns-is-layout-flex\" style=\"margin-bottom:0rem;padding-right:20rem;padding-left:5rem\">\n<div class=\"wp-block-column is-vertically-aligned-top left is-layout-flow wp-block-column-is-layout-flow\">\n<figure class=\"wp-block-image alignright size-full animated fadeIn delay-100ms slower\"><img decoding=\"async\" width=\"734\" height=\"557\" src=\"https:\/\/campinglaplage.fr\/wp-content\/uploads\/2025\/04\/club-enfants-pour-le-bonheur-des-4-12-ans.jpg\" alt=\"Kinderclub f&#xFC;r Kinder von 4 bis 12 Jahren\" class=\"wp-image-4079\" style=\"object-fit:cover\" srcset=\"https:\/\/campinglaplage.fr\/wp-content\/uploads\/2025\/04\/club-enfants-pour-le-bonheur-des-4-12-ans.jpg 734w, https:\/\/campinglaplage.fr\/wp-content\/uploads\/2025\/04\/club-enfants-pour-le-bonheur-des-4-12-ans-300x228.jpg 300w\" sizes=\"(max-width: 734px) 100vw, 734px\" \/><\/figure>\n<\/div>\n\n\n\n<div class=\"wp-block-column is-vertically-aligned-center right is-layout-flow wp-block-column-is-layout-flow\" style=\"padding-bottom:var(--wp--preset--spacing--40)\">\n<h1 class=\"wp-block-heading\"><strong>Campingplatz mit Aktivit\u00e4ten und Freizeitangeboten<\/strong> <br\/>im S\u00fcd-Finist\u00e8re<\/h1>\n\n\n\n<p>Willkommen auf Cleut Rouz, einem Campingplatz mit Aktivit\u00e4ten und Kinderclub in Fouesnant!<\/p>\n\n\n\n<h2 class=\"wp-block-heading\"><strong>Kinderclub<\/strong> f\u00fcr Kinder von 4-12 Jahren<\/h2>\n\n\n\n<p>Im Juli und August gibt es einen kostenlosen <strong>Miniclub<\/strong> f\u00fcr <strong>Kinder von 4 bis 12 Jahren<\/strong>.<\/p>\n\n\n\n<p>Jeden Vormittag von <strong>10.00 bis 12.00 Uhr<\/strong>, au\u00dfer am Wochenende (Samstag\/Sonntag).<\/p>\n\n\n\n<p>Auf dem Programm stehen: Basteln (Farbsalz, Drachenbau&#8230;), Schatzsuche, Sport&#8230;<\/p>\n<\/div>\n<\/div>\n<\/section>\n\n<section class=\"wp-block-group home-third page-two has-custom-3-b-2927-background-color has-background is-layout-flow wp-block-group-is-layout-flow\" style=\"margin-top:0;margin-bottom:0\">\n<div class=\"wp-block-columns is-layout-flex wp-container-core-columns-is-layout-7fc3d43a wp-block-columns-is-layout-flex\">\n<div class=\"wp-block-column is-vertically-aligned-center right is-layout-flow wp-block-column-is-layout-flow\" style=\"padding-left:16rem;flex-basis:50%\">\n<h2 class=\"wp-block-heading\"><strong>Sicherer Spielplatz<\/strong> f\u00fcr die Kleinen, <br\/>TV-Raum f\u00fcr die Gro\u00dfen.<\/h2>\n\n\n\n<p class=\"has-custom-color-3-color has-text-color has-link-color wp-elements-121e8d809f0a625d5d02982781c87e3d\">Auf Cleut Rouz, einem <a href=\"https:\/\/campinglaplage.fr\/de\/\">Campingplatz in Fouesnant<\/a>, finden Sie einen gro\u00dfen<strong>, sicheren Spielplatz<\/strong> mit<strong> zwei Trampolinen<\/strong>,<strong> Schaukeln<\/strong>, einem gro\u00dfen Spielger\u00fcst mit Rutsche, einem<strong> gro\u00dfen Drehkreuz<\/strong> und <strong>Tischtennisplatten<\/strong>.<\/p>\n\n\n\n<p class=\"has-custom-color-3-color has-text-color has-link-color wp-elements-d976a2f87fa5f5b1dfe82bc2ce8b0e41\">F\u00fcr Fu\u00dfball-, Basketball- oder Volleyballspieler gibt es einen Multisportplatz direkt nebenan. Im <strong>Fernsehraum <\/strong>stehen Ihnen ein <strong>Tischfu\u00dfball <\/strong>und ein <strong>Airhockeyspiel<\/strong> zur Verf\u00fcgung. <\/p>\n\n\n\n<h2 class=\"wp-block-heading\" style=\"padding-top:var(--wp--preset--spacing--30)\"><strong>Multisportplatz<\/strong>, <br\/>Sportturniere und Ausr\u00fcstung<\/h2>\n\n\n\n<p class=\"has-custom-color-3-color has-text-color has-link-color wp-elements-b609012f8d29c223b664b598232cb190\"><strong>Au\u00dfenanlagen und Sportturniere <\/strong>: Nicht weit von den Kinderspielger\u00e4ten entfernt finden Sie zwei Tischtennisplatten, einen <strong>Bouleplatz<\/strong> und ein <strong>Fitnesscenter<\/strong> im <strong>Freien <\/strong><em>(Street Workout<\/em>). Au\u00dferdem gibt es einen <strong>Multisportplatz <\/strong>f\u00fcr <strong>Fu\u00dfball- und Volleyballturniere<\/strong>, die mehrmals pro Woche organisiert werden. <\/p>\n\n\n\n<p class=\"has-custom-color-3-color has-text-color has-link-color wp-elements-c83c95ac6730003ef74135fe5c4c1fe6\"><strong>Aquaetente<\/strong>: eine Stunde am Morgen, dreimal pro Woche, vor Cr\u00eapes und Kouign Amann, um Ihr Gewissen zu beruhigen.<\/p>\n<\/div>\n\n\n\n<div class=\"wp-block-column left is-layout-flow wp-block-column-is-layout-flow\" style=\"flex-basis:50%\">\n<figure class=\"wp-block-image size-full reveal animated fadeIn delay-100ms slower\"><img decoding=\"async\" width=\"916\" height=\"764\" src=\"https:\/\/campinglaplage.fr\/wp-content\/uploads\/2025\/04\/aire-de-jeux-securisee.jpg\" alt=\"gesicherter Spielplatz\" class=\"wp-image-4083\" srcset=\"https:\/\/campinglaplage.fr\/wp-content\/uploads\/2025\/04\/aire-de-jeux-securisee.jpg 916w, https:\/\/campinglaplage.fr\/wp-content\/uploads\/2025\/04\/aire-de-jeux-securisee-300x250.jpg 300w, https:\/\/campinglaplage.fr\/wp-content\/uploads\/2025\/04\/aire-de-jeux-securisee-768x641.jpg 768w\" sizes=\"(max-width: 916px) 100vw, 916px\" \/><\/figure>\n<\/div>\n<\/div>\n<\/section>\n\n<section class=\"wp-block-group home-third page-two reverse is-layout-flow wp-block-group-is-layout-flow\" style=\"margin-top:5rem;margin-bottom:0;padding-top:0;padding-bottom:4rem\">\n<div class=\"wp-block-columns is-layout-flex wp-container-core-columns-is-layout-7fc3d43a wp-block-columns-is-layout-flex\">\n<div class=\"wp-block-column left is-layout-flow wp-block-column-is-layout-flow\" style=\"flex-basis:50%\">\n<div data-swiper=\"{&quot;speed&quot;:400,&quot;spaceBetween&quot;:16,&quot;slidesPerView&quot;:1,&quot;createElements&quot;:true,&quot;loop&quot;:true,&quot;freemode&quot;:true,&quot;navigation&quot;:{&quot;nextEl&quot;:&quot;buttonNext&quot;,&quot;prevEl&quot;:&quot;buttonPrev&quot;},&quot;breakpoints&quot;:{&quot;0&quot;:{&quot;slidesPerView&quot;:1},&quot;380&quot;:[],&quot;1024&quot;:[]},&quot;effect&quot;:&quot;fade&quot;,&quot;pagination&quot;:false}\" class=\"wp-block-group animated fadeIn delay-100ms slower gt-is-slider gt-is-slider-desktop has-global-padding is-layout-constrained wp-block-group-is-layout-constrained\">\n<figure class=\"wp-block-image size-full\"><img decoding=\"async\" width=\"916\" height=\"764\" src=\"https:\/\/campinglaplage.fr\/wp-content\/uploads\/2025\/04\/boulodrome-pour-les-parties-de-petanque.jpg\" alt=\"Boulodrome f&#xFC;r Petanque-Spiele\" class=\"wp-image-4086\" srcset=\"https:\/\/campinglaplage.fr\/wp-content\/uploads\/2025\/04\/boulodrome-pour-les-parties-de-petanque.jpg 916w, https:\/\/campinglaplage.fr\/wp-content\/uploads\/2025\/04\/boulodrome-pour-les-parties-de-petanque-300x250.jpg 300w, https:\/\/campinglaplage.fr\/wp-content\/uploads\/2025\/04\/boulodrome-pour-les-parties-de-petanque-768x641.jpg 768w\" sizes=\"(max-width: 916px) 100vw, 916px\" \/><\/figure>\n\n\n\n<figure class=\"wp-block-image size-full\"><img decoding=\"async\" width=\"916\" height=\"764\" src=\"https:\/\/campinglaplage.fr\/wp-content\/uploads\/2025\/04\/aire-de-fitness-exterieure-camping-fouesnant.jpg\" alt=\"Outdoor-Fitnessbereich Campingplatz Fouesnant\" class=\"wp-image-4089\" srcset=\"https:\/\/campinglaplage.fr\/wp-content\/uploads\/2025\/04\/aire-de-fitness-exterieure-camping-fouesnant.jpg 916w, https:\/\/campinglaplage.fr\/wp-content\/uploads\/2025\/04\/aire-de-fitness-exterieure-camping-fouesnant-300x250.jpg 300w, https:\/\/campinglaplage.fr\/wp-content\/uploads\/2025\/04\/aire-de-fitness-exterieure-camping-fouesnant-768x641.jpg 768w\" sizes=\"(max-width: 916px) 100vw, 916px\" \/><\/figure>\n\n\n\n<figure class=\"wp-block-image size-full\"><img decoding=\"async\" width=\"916\" height=\"764\" src=\"https:\/\/campinglaplage.fr\/wp-content\/uploads\/2025\/04\/lecture-a-la-bibliotheque.jpg\" alt=\"Lesung in der Bibliothek\" class=\"wp-image-4092\" srcset=\"https:\/\/campinglaplage.fr\/wp-content\/uploads\/2025\/04\/lecture-a-la-bibliotheque.jpg 916w, https:\/\/campinglaplage.fr\/wp-content\/uploads\/2025\/04\/lecture-a-la-bibliotheque-300x250.jpg 300w, https:\/\/campinglaplage.fr\/wp-content\/uploads\/2025\/04\/lecture-a-la-bibliotheque-768x641.jpg 768w\" sizes=\"(max-width: 916px) 100vw, 916px\" \/><\/figure>\n\n\n\n<figure class=\"wp-block-image size-full\"><img decoding=\"async\" width=\"916\" height=\"764\" src=\"https:\/\/campinglaplage.fr\/wp-content\/uploads\/2025\/04\/aquadetente.jpg\" alt=\"aquadetente\" class=\"wp-image-4095\" srcset=\"https:\/\/campinglaplage.fr\/wp-content\/uploads\/2025\/04\/aquadetente.jpg 916w, https:\/\/campinglaplage.fr\/wp-content\/uploads\/2025\/04\/aquadetente-300x250.jpg 300w, https:\/\/campinglaplage.fr\/wp-content\/uploads\/2025\/04\/aquadetente-768x641.jpg 768w\" sizes=\"(max-width: 916px) 100vw, 916px\" \/><\/figure>\n\n\n\n<figure class=\"wp-block-image size-full\"><img decoding=\"async\" width=\"916\" height=\"764\" src=\"https:\/\/campinglaplage.fr\/wp-content\/uploads\/2025\/04\/terrain-multisport.jpg\" alt=\"Multisportplatz\" class=\"wp-image-4098\" srcset=\"https:\/\/campinglaplage.fr\/wp-content\/uploads\/2025\/04\/terrain-multisport.jpg 916w, https:\/\/campinglaplage.fr\/wp-content\/uploads\/2025\/04\/terrain-multisport-300x250.jpg 300w, https:\/\/campinglaplage.fr\/wp-content\/uploads\/2025\/04\/terrain-multisport-768x641.jpg 768w\" sizes=\"(max-width: 916px) 100vw, 916px\" \/><\/figure>\n<\/div>\n<\/div>\n\n\n\n<div class=\"wp-block-column is-vertically-aligned-top right is-layout-flow wp-block-column-is-layout-flow\" style=\"padding-top:5rem;padding-right:16rem;flex-basis:50%\">\n<h2 class=\"wp-block-heading\"><strong>Das Boulodrome<\/strong> f\u00fcr Boulespiele<\/h2>\n\n\n\n<p class=\"has-custom-3-b-2927-color has-text-color\">Es gibt <strong>zwei Boulepl\u00e4tze<\/strong>, einen bei der Terrasse der Bar und einen auf dem Spielplatz, damit Sie die Kinder im Auge behalten k\u00f6nnen.<\/p>\n\n\n\n<p class=\"has-custom-3-b-2927-color has-text-color\">Jeden Dienstag im Juli und August organisiert der Campingplatz ein <strong>P\u00e9tanque-Turnier<\/strong>, das f\u00fcr alle offen ist. Am Ende des Turniers: Abschlussgetr\u00e4nk und Preisverleihung. Ein idealer Moment, um neue Bekanntschaften zu schlie\u00dfen.  <\/p>\n\n\n\n<h2 class=\"wp-block-heading\" style=\"margin-top:var(--wp--preset--spacing--30)\"><strong>Fitnessbereich<\/strong> im Freien<\/h2>\n\n\n\n<p>Um die Ergebnisse der das ganze Jahr \u00fcber unternommenen Anstrengungen zu erhalten oder um einfach nur die Ferien zu nutzen, um sich zu bewegen, steht Ihnen eine <strong>Fitnessanlage<\/strong> mit <strong>B\u00e4nken<\/strong>, <strong>Reck<\/strong>, <strong>Klimmzugstange<\/strong>, <strong>Bauchmuskeltrainer<\/strong>, <strong>Sprossenwand<\/strong> und <strong>r\u00f6mischem Stuhl<\/strong><em>(Street Workout<\/em>) zur Verf\u00fcgung, die sich direkt vor dem Pool befindet.<\/p>\n\n\n\n<h2 class=\"wp-block-heading\" style=\"margin-top:var(--wp--preset--spacing--30)\"><strong>Lesepause<\/strong> in der Bibliothek<\/h2>\n\n\n\n<p>Wir haben eine <strong>kleine Bibliothek<\/strong> eingerichtet, in der jeder nach Belieben <strong>B\u00fccher ausleihen<\/strong> kann.<\/p>\n<\/div>\n<\/div>\n\n\n\n<figure class=\"wp-block-image size-full is-resized page-two-img\"><img decoding=\"async\" width=\"550\" height=\"500\" src=\"https:\/\/campinglaplage.fr\/wp-content\/uploads\/2025\/03\/visuel-1.svg\" alt=\"visuell-1\" class=\"wp-image-908\" style=\"width:400px\"\/><\/figure>\n<\/section>\n\n<section id=\"soirees-animees\" class=\"wp-block-group home-second page-third is-layout-flow wp-block-group-is-layout-flow\" style=\"margin-top:0;padding-bottom:7rem\">\n<h2 class=\"wp-block-heading has-text-align-left has-custom-3-b-2927-color has-custom-color-3-background-color has-text-color has-background has-link-color has-noto-serif-display-font-family wp-elements-453a8d8d8696790f6c8ec9b2718d46c5\" style=\"margin-right:65rem;margin-bottom:-10rem;padding-top:var(--wp--preset--spacing--10);padding-right:var(--wp--preset--spacing--20);padding-bottom:var(--wp--preset--spacing--10);padding-left:var(--wp--preset--spacing--20);font-size:clamp(28.836px, 1.802rem + ((1vw - 3.2px) * 1.794), 50px);line-height:1\">Animierte Abende in der Bar <br\/>des Campingplatzes in Fouesnant<\/h2>\n\n\n\n<div class=\"wp-block-group bubble-slider is-layout-flow wp-block-group-is-layout-flow\">\n<div class=\"wp-block-cover has-custom-content-position is-position-bottom-left animated fadeIn delay-100ms slower\" style=\"min-height:900px;aspect-ratio:unset;\"><img decoding=\"async\" width=\"1920\" height=\"907\" class=\"wp-block-cover__image-background wp-image-4101 size-full\" alt=\"soirees animees au bar du camping\" src=\"https:\/\/campinglaplage.fr\/wp-content\/uploads\/2025\/04\/soirees-animees-au-bar-du-camping.jpg\" data-object-fit=\"cover\" srcset=\"https:\/\/campinglaplage.fr\/wp-content\/uploads\/2025\/04\/soirees-animees-au-bar-du-camping.jpg 1920w, https:\/\/campinglaplage.fr\/wp-content\/uploads\/2025\/04\/soirees-animees-au-bar-du-camping-300x142.jpg 300w, https:\/\/campinglaplage.fr\/wp-content\/uploads\/2025\/04\/soirees-animees-au-bar-du-camping-1024x484.jpg 1024w, https:\/\/campinglaplage.fr\/wp-content\/uploads\/2025\/04\/soirees-animees-au-bar-du-camping-768x363.jpg 768w, https:\/\/campinglaplage.fr\/wp-content\/uploads\/2025\/04\/soirees-animees-au-bar-du-camping-1536x726.jpg 1536w\" sizes=\"(max-width: 1920px) 100vw, 1920px\" \/><span aria-hidden=\"true\" class=\"wp-block-cover__background has-background-dim-0 has-background-dim\" style=\"background-color:#756150\"><\/span><div class=\"wp-block-cover__inner-container has-global-padding is-layout-constrained wp-block-cover-is-layout-constrained\">\n<div class=\"wp-block-group text-group has-background has-global-padding is-layout-constrained wp-container-core-group-is-layout-6f90b940 wp-block-group-is-layout-constrained\" style=\"background-color:#12121259;padding-top:var(--wp--preset--spacing--20);padding-right:var(--wp--preset--spacing--40);padding-bottom:var(--wp--preset--spacing--20);padding-left:var(--wp--preset--spacing--40)\">\n<p>Die Bar auf dem Campingplatz am Strand von Cleut Rouz ist <strong>im Juli und August jeden Tag<\/strong> ge\u00f6ffnet. Hier finden auch die vom Campingplatz organisierten <strong>Veranstaltungen<\/strong> statt<strong>(Karaoke<\/strong>, <strong>Aperitif-Quiz<\/strong>, <strong>Live-Konzert<\/strong> am Montag&#8230;). <\/p>\n\n\n\n<p>Ungef\u00e4hr drei Mal pro Woche bieten wir Ihnen<strong> gesellige<\/strong> Momente mit Unterhaltung in der Bar des Campingplatzes, eine ideale Gelegenheit, andere Camper zu treffen und <strong>neue Kontakte zu kn\u00fcpfen<\/strong>. Die Atmosph\u00e4re ist immer sehr entspannt. <\/p>\n\n\n\n<p>Jeder ist im Urlaub und m\u00f6chte einfach nur eine gute Zeit haben!<\/p>\n<\/div>\n<\/div><\/div>\n<\/div>\n<\/section>\n\n<section class=\"wp-block-group page-maillage has-global-padding is-layout-constrained wp-container-core-group-is-layout-272e016f wp-block-group-is-layout-constrained\" style=\"margin-top:var(--wp--preset--spacing--50);margin-bottom:var(--wp--preset--spacing--50)\">\n<p class=\"has-text-align-left title-slogan has-custom-3-b-2927-color has-text-color has-link-color has-noto-serif-display-font-family wp-elements-addc41e95ff882da4f59095fa1d557f3\" style=\"font-size:clamp(28.836px, 1.802rem + ((1vw - 3.2px) * 1.794), 50px);line-height:1\">Entdecken Sie unsere Dienstleistungen, unsere Vermietungen und unseren Wasserpark<\/p>\n\n\n\n<div class=\"wp-block-query is-layout-flow wp-block-query-is-layout-flow\"><ul class=\"columns-3 wp-block-post-template has-medium-font-size is-layout-grid wp-container-core-post-template-is-layout-572542b5 wp-block-post-template-is-layout-grid\"><li class=\"wp-block-post post-4540 page type-page status-publish has-post-thumbnail hentry\">\n\n<div class=\"wp-block-group cta has-global-padding is-layout-constrained wp-block-group-is-layout-constrained\">\n<figure class=\"wp-block-image maillage-img\"><img decoding=\"async\" src=\"https:\/\/campinglaplage.fr\/wp-content\/uploads\/2025\/04\/services-camping-familial-fouesnant-cta.jpg\" alt=\"dienstleistungen familiencamping fouesnant\"\/><\/figure>\n\n\n\n<p class=\"maillage-title has-base-2-color has-text-color has-link-color wp-elements-d5a89a41da68cf62c25b013b34087449\" style=\"border-style:none;border-width:0px;border-radius:0px;padding-top:var(--wp--preset--spacing--20);padding-right:var(--wp--preset--spacing--30);padding-bottom:var(--wp--preset--spacing--20);padding-left:var(--wp--preset--spacing--40);font-size:clamp(15.197px, 0.95rem + ((1vw - 3.2px) * 0.661), 23px);font-style:normal;font-weight:500;letter-spacing:1px;text-transform:uppercase\">Dienstleistungen<\/p>\n\n\n<a class=\"is-style-lien-cover wp-block-read-more\" href=\"https:\/\/campinglaplage.fr\/de\/familien-campingplatz-fouesnant\/\" target=\"_self\">Weiterlesen<span class=\"screen-reader-text\">: Dienstleistungen<\/span><\/a><\/div>\n\n<\/li><li class=\"wp-block-post post-4369 page type-page status-publish has-post-thumbnail hentry\">\n\n<div class=\"wp-block-group cta has-global-padding is-layout-constrained wp-block-group-is-layout-constrained\">\n<figure class=\"wp-block-image maillage-img\"><img decoding=\"async\" src=\"https:\/\/campinglaplage.fr\/wp-content\/uploads\/2025\/04\/location-mobil-home-fouesnant-finistere-sud-cta.jpg\" alt=\"vermietung mobilheim fouesnant finistere sud\"\/><\/figure>\n\n\n\n<p class=\"maillage-title has-base-2-color has-text-color has-link-color wp-elements-d5a89a41da68cf62c25b013b34087449\" style=\"border-style:none;border-width:0px;border-radius:0px;padding-top:var(--wp--preset--spacing--20);padding-right:var(--wp--preset--spacing--30);padding-bottom:var(--wp--preset--spacing--20);padding-left:var(--wp--preset--spacing--40);font-size:clamp(15.197px, 0.95rem + ((1vw - 3.2px) * 0.661), 23px);font-style:normal;font-weight:500;letter-spacing:1px;text-transform:uppercase\">Vermietung von Mobilheimen<\/p>\n\n\n<a class=\"is-style-lien-cover wp-block-read-more\" href=\"https:\/\/campinglaplage.fr\/de\/vermietung-mobil-home-fouesnant\/\" target=\"_self\">Weiterlesen<span class=\"screen-reader-text\">: Mietwohnungen<\/span><\/a><\/div>\n\n<\/li><li class=\"wp-block-post post-4462 page type-page status-publish has-post-thumbnail hentry\">\n\n<div class=\"wp-block-group cta has-global-padding is-layout-constrained wp-block-group-is-layout-constrained\">\n<figure class=\"wp-block-image maillage-img\"><img decoding=\"async\" src=\"https:\/\/campinglaplage.fr\/wp-content\/uploads\/2025\/04\/camping-parc-aquatique-fouesnant-finistere-cta.jpg\" alt=\"campingplatz wasserpark fouesnant finistere\"\/><\/figure>\n\n\n\n<p class=\"maillage-title has-base-2-color has-text-color has-link-color wp-elements-d5a89a41da68cf62c25b013b34087449\" style=\"border-style:none;border-width:0px;border-radius:0px;padding-top:var(--wp--preset--spacing--20);padding-right:var(--wp--preset--spacing--30);padding-bottom:var(--wp--preset--spacing--20);padding-left:var(--wp--preset--spacing--40);font-size:clamp(15.197px, 0.95rem + ((1vw - 3.2px) * 0.661), 23px);font-style:normal;font-weight:500;letter-spacing:1px;text-transform:uppercase\">Wasserpark<\/p>\n\n\n<a class=\"is-style-lien-cover wp-block-read-more\" href=\"https:\/\/campinglaplage.fr\/de\/camping-wasserpark-fouesnant\/\" target=\"_self\">Weiterlesen<span class=\"screen-reader-text\">: Wasserpark<\/span><\/a><\/div>\n\n<\/li><\/ul><\/div>\n<\/section>\n","protected":false},"excerpt":{"rendered":"<p>Campingplatz mit Aktivit\u00e4ten und Freizeitangeboten im S\u00fcd-Finist\u00e8re Willkommen auf Cleut Rouz, einem Campingplatz mit Aktivit\u00e4ten und Kinderclub in Fouesnant! Kinderclub f\u00fcr Kinder von 4-12 Jahren Im Juli und August gibt es einen kostenlosen Miniclub f\u00fcr Kinder von 4 bis 12 Jahren. Jeden Vormittag von 10.00 bis 12.00 Uhr, au\u00dfer am Wochenende (Samstag\/Sonntag). Auf dem Programm [&hellip;]<\/p>\n","protected":false},"author":1,"featured_media":4075,"parent":0,"menu_order":0,"comment_status":"closed","ping_status":"closed","template":"","meta":{"_acf_changed":false,"_seopress_robots_primary_cat":"","_seopress_titles_title":"Campingplatz mit Aktivit\u00e4ten in Fouesnant | Kinderclub Finist\u00e8re Sud","_seopress_titles_desc":"Entdecken Sie Cleut Rouz, einen Campingplatz in Fouesnant mit kostenlosem Kinderclub und verschiedenen Aktivit\u00e4ten. Nutzen Sie unseren Spielplatz, den Multisportplatz und das Abendprogramm! ","_seopress_robots_index":"","_gt_ctv_global_id":"4715","_gt_ctv_id_group":false,"inline_featured_image":false,"gt_fse_maillage_image":"https:\/\/campinglaplage.fr\/wp-content\/uploads\/2025\/04\/camping-activites-loisirs-club-enfants-fouesnant-finistere-sud-cta.jpg","gt_fse_maillage_titre":"Aktivit\u00e4ten und Freizeit","gt_fse_maillage_alt":"Campingplatz Freizeitaktivit\u00e4ten Kinderclub fouesnant finistere sud","gt_fse_maillage_resume":"","footnotes":""},"categories":[],"tags":[],"class_list":["post-4446","page","type-page","status-publish","has-post-thumbnail","hentry"],"acf":[],"_links":{"self":[{"href":"https:\/\/campinglaplage.fr\/de\/wp-json\/wp\/v2\/pages\/4446","targetHints":{"allow":["GET"]}}],"collection":[{"href":"https:\/\/campinglaplage.fr\/de\/wp-json\/wp\/v2\/pages"}],"about":[{"href":"https:\/\/campinglaplage.fr\/de\/wp-json\/wp\/v2\/types\/page"}],"author":[{"embeddable":true,"href":"https:\/\/campinglaplage.fr\/de\/wp-json\/wp\/v2\/users\/1"}],"replies":[{"embeddable":true,"href":"https:\/\/campinglaplage.fr\/de\/wp-json\/wp\/v2\/comments?post=4446"}],"version-history":[{"count":1,"href":"https:\/\/campinglaplage.fr\/de\/wp-json\/wp\/v2\/pages\/4446\/revisions"}],"predecessor-version":[{"id":4447,"href":"https:\/\/campinglaplage.fr\/de\/wp-json\/wp\/v2\/pages\/4446\/revisions\/4447"}],"wp:featuredmedia":[{"embeddable":true,"href":"https:\/\/campinglaplage.fr\/de\/wp-json\/wp\/v2\/media\/4075"}],"wp:attachment":[{"href":"https:\/\/campinglaplage.fr\/de\/wp-json\/wp\/v2\/media?parent=4446"}],"wp:term":[{"taxonomy":"category","embeddable":true,"href":"https:\/\/campinglaplage.fr\/de\/wp-json\/wp\/v2\/categories?post=4446"},{"taxonomy":"post_tag","embeddable":true,"href":"https:\/\/campinglaplage.fr\/de\/wp-json\/wp\/v2\/tags?post=4446"}],"curies":[{"name":"wp","href":"https:\/\/api.w.org\/{rel}","templated":true}]}}