{"id":4424,"date":"2025-03-31T14:57:39","date_gmt":"2025-03-31T12:57:39","guid":{"rendered":"https:\/\/campinglaplage.fr\/legale-erwahnungen\/"},"modified":"2025-10-02T10:25:09","modified_gmt":"2025-10-02T08:25:09","slug":"legale-erwahnungen","status":"publish","type":"page","link":"https:\/\/campinglaplage.fr\/de\/legale-erwahnungen\/","title":{"rendered":"Rechtliche Hinweise"},"content":{"rendered":"\n<section class=\"wp-block-group home-intro page-intro is-layout-flow wp-block-group-is-layout-flow\" style=\"padding-top:var(--wp--preset--spacing--30);padding-bottom:var(--wp--preset--spacing--60)\">\n<div class=\"wp-block-columns top is-layout-flex wp-container-core-columns-is-layout-16ca0261 wp-block-columns-is-layout-flex\" style=\"margin-bottom:0rem;padding-right:20rem;padding-left:5rem\">\n<div class=\"wp-block-column gt-no-padding-mobile is-layout-flow wp-block-column-is-layout-flow\" style=\"padding-left:10rem\">\n<h1 class=\"wp-block-heading\">Rechtliche Hinweise<\/h1>\n\n\n\n<p>Allgemeine Informationen: <br\/>Die Website http:\/\/www.campinglaplage.fr wird herausgegeben von: <br\/>CAMPING LA PLAGE DE CLEUT ROUZ eingetragen im Handelsregister von Quimper unter der Nummer 750 790 073 <br\/>Rechtsform: SARL <br\/>Stammkapital: 400 000.00 \u20ac <br\/>Firmensitz: Mousterlin &#8211; 29170 Fouesnant <br\/>Umsatzsteuer: FR 64 750790073 <br\/>Siret: 75079007300019 <br\/>APE :5520Z <br\/>Verantwortlich f\u00fcr die Ver\u00f6ffentlichung: Frau Nerzic <br\/>Telefon: 02 98 56 53 19 <br\/>E-mail: contact@campinglaplage.fr <br\/>Die Seite wurde von Geek Tonic erstellt, gepflegt und gehostet.<\/p>\n\n\n\n<p>Der Herausgeber verpflichtet sich, alle Gesetze in Bezug auf die Einrichtung und den Betrieb einer Website einzuhalten.<\/p>\n\n\n\n<p>Technische Informationen: <br\/>Es wird darauf hingewiesen, dass das Briefgeheimnis im Internet nicht gew\u00e4hrleistet ist und dass es jedem Internetnutzer obliegt, alle geeigneten Ma\u00dfnahmen zu ergreifen, um seine eigenen Daten und\/oder Software vor der Kontamination durch m\u00f6gliche Viren, die im Internet zirkulieren, zu sch\u00fctzen.<\/p>\n\n\n\n<p>Redaktionelle Charta: <br\/>Die Website http:\/\/www.campinglaplage.fr ist eine Website zur Pr\u00e4sentation der Dienstleistungen, die von CAMPING LA PLAGE DE CLEUT ROUZ angeboten werden. Sie wird durch Simulationswerkzeuge erg\u00e4nzt. <br\/>Die Informationen auf dieser Website dienen lediglich der Orientierung. <br\/>Adresse: Mousterlin &#8211; 29170 Fouesnant <br\/>Tel.: 02 98 56 53 19 <br\/>MAIL ADRESSE: contact@campinglaplage.fr  <\/p>\n\n\n\n<p>Pers\u00f6nliche Daten: <br\/>Die von Ihnen eingegebenen Informationen werden von CAMPING LA PLAGE DE CLEUT ROUZ registriert, analysiert und an die entsprechenden Abteilungen weitergeleitet, damit sie bearbeitet werden k\u00f6nnen. Sie k\u00f6nnen au\u00dferdem von CAMPING LA PLAGE DE CLEUT ROUZ f\u00fcr kommerzielle Anfragen verwendet werden.   <br\/>Wenn Sie dies nicht w\u00fcnschen, teilen Sie uns dies bitte schriftlich an die unten angegebene Adresse mit. Sie haben ein Recht auf Zugang, \u00c4nderung, Berichtigung und L\u00f6schung der auf dieser Website gesammelten Daten unter den Bedingungen des Gesetzes Nr. 78-17 vom 6. Januar 1978 \u00fcber Informatik, Dateien und Freiheitsrechte. Um dieses Recht auszu\u00fcben, wenden Sie sich bitte per Post an den Verwalter der Website unter folgender Adresse: <br\/>Mousterlin &#8211; 29170 Fouesnant  <\/p>\n\n\n\n<p>Urheberrechte: <br\/>Die vollst\u00e4ndige oder teilweise Vervielf\u00e4ltigung oder Darstellung der Seiten, Daten und aller anderen Bestandteile der Website durch ein beliebiges Verfahren oder Medium ist verboten und stellt ohne Genehmigung eine F\u00e4lschung dar, f\u00fcr die der F\u00e4lscher zivil- und strafrechtlich haftbar gemacht werden kann.<\/p>\n\n\n\n<p>Autor: <br\/>Die Website wurde von der Firma Geek Tonic erstellt, vertreten durch Herrn Yohan Darmayan in seiner Eigenschaft als Gesch\u00e4ftsf\u00fchrer <br\/>Firmensitz: 50 AV. DU LAC MARION 64200 BIARRITZ <br\/>Tel.: 05 32 74 11 52 <br\/>E-mail: support@geek-tonic.com <br\/>Website <a href=\"https:\/\/www.geek-tonic.com\/\" target=\"_blank\" rel=\"noreferrer noopener\">www.geek-tonic.com<\/a> <br\/>SIRET: 89746755100015 <br\/>APE: 6201Z <\/p>\n<\/div>\n<\/div>\n<\/section>\n","protected":false},"excerpt":{"rendered":"<p>Rechtliche Hinweise Allgemeine Informationen: Die Website http:\/\/www.campinglaplage.fr wird herausgegeben von: CAMPING LA PLAGE DE CLEUT ROUZ eingetragen im Handelsregister von Quimper unter der Nummer 750 790 073 Rechtsform: SARL Stammkapital: 400 000.00 \u20ac Firmensitz: Mousterlin &#8211; 29170 Fouesnant Umsatzsteuer: FR 64 750790073 Siret: 75079007300019 APE :5520Z Verantwortlich f\u00fcr die Ver\u00f6ffentlichung: Frau Nerzic Telefon: 02 98 [&hellip;]<\/p>\n","protected":false},"author":1,"featured_media":3710,"parent":0,"menu_order":0,"comment_status":"closed","ping_status":"closed","template":"","meta":{"_acf_changed":false,"_seopress_robots_primary_cat":"","_seopress_titles_title":"%%post_title%% %%sep%% %%sitetitle%%","_seopress_titles_desc":"Entdecken Sie den Charme des Campingplatzes La Plage in Fouesnant. Sicherheit und Service sind garantiert. Kontaktieren Sie uns f\u00fcr einen unvergesslichen Urlaub auf unserer sicheren Website.  ","_seopress_robots_index":"yes","_gt_ctv_global_id":"4715","_gt_ctv_id_group":false,"inline_featured_image":false,"gt_fse_maillage_image":"https:\/\/campinglaplage.fr\/wp-content\/uploads\/2025\/04\/mentions-legales-camping-fouesnant-cta.jpg","gt_fse_maillage_titre":"Rechtliche Hinweise","gt_fse_maillage_alt":"Impressum Campingplatz Fouesnant","gt_fse_maillage_resume":"","footnotes":""},"categories":[],"tags":[],"class_list":["post-4424","page","type-page","status-publish","has-post-thumbnail","hentry"],"acf":[],"_links":{"self":[{"href":"https:\/\/campinglaplage.fr\/de\/wp-json\/wp\/v2\/pages\/4424","targetHints":{"allow":["GET"]}}],"collection":[{"href":"https:\/\/campinglaplage.fr\/de\/wp-json\/wp\/v2\/pages"}],"about":[{"href":"https:\/\/campinglaplage.fr\/de\/wp-json\/wp\/v2\/types\/page"}],"author":[{"embeddable":true,"href":"https:\/\/campinglaplage.fr\/de\/wp-json\/wp\/v2\/users\/1"}],"replies":[{"embeddable":true,"href":"https:\/\/campinglaplage.fr\/de\/wp-json\/wp\/v2\/comments?post=4424"}],"version-history":[{"count":1,"href":"https:\/\/campinglaplage.fr\/de\/wp-json\/wp\/v2\/pages\/4424\/revisions"}],"predecessor-version":[{"id":4425,"href":"https:\/\/campinglaplage.fr\/de\/wp-json\/wp\/v2\/pages\/4424\/revisions\/4425"}],"wp:featuredmedia":[{"embeddable":true,"href":"https:\/\/campinglaplage.fr\/de\/wp-json\/wp\/v2\/media\/3710"}],"wp:attachment":[{"href":"https:\/\/campinglaplage.fr\/de\/wp-json\/wp\/v2\/media?parent=4424"}],"wp:term":[{"taxonomy":"category","embeddable":true,"href":"https:\/\/campinglaplage.fr\/de\/wp-json\/wp\/v2\/categories?post=4424"},{"taxonomy":"post_tag","embeddable":true,"href":"https:\/\/campinglaplage.fr\/de\/wp-json\/wp\/v2\/tags?post=4424"}],"curies":[{"name":"wp","href":"https:\/\/api.w.org\/{rel}","templated":true}]}}