{"id":4416,"date":"2025-03-03T17:06:10","date_gmt":"2025-03-03T16:06:10","guid":{"rendered":"https:\/\/campinglaplage.fr\/campingplatz-mousterlin\/"},"modified":"2025-05-13T12:03:13","modified_gmt":"2025-05-13T10:03:13","slug":"campingplatz-mousterlin","status":"publish","type":"page","link":"https:\/\/campinglaplage.fr\/de\/campingplatz-mousterlin\/","title":{"rendered":"Mousterlin"},"content":{"rendered":"\n<section class=\"wp-block-group home-intro page-intro is-layout-flow wp-block-group-is-layout-flow\" style=\"padding-top:var(--wp--preset--spacing--40);padding-bottom:var(--wp--preset--spacing--60)\">\n<div class=\"wp-block-columns top is-layout-flex wp-container-core-columns-is-layout-16ca0261 wp-block-columns-is-layout-flex\" style=\"margin-bottom:0rem;padding-right:20rem;padding-left:5rem\">\n<div class=\"wp-block-column is-vertically-aligned-top left is-layout-flow wp-block-column-is-layout-flow\">\n<figure class=\"wp-block-image alignright size-full animated fadeIn delay-100ms slower\"><img decoding=\"async\" width=\"734\" height=\"557\" src=\"https:\/\/campinglaplage.fr\/wp-content\/uploads\/2025\/04\/le-marais-de-mousterlin-finistere-sud.jpg\" alt=\"das Moor von Mousterlin finistere sud\" class=\"wp-image-3748\" style=\"object-fit:cover\" srcset=\"https:\/\/campinglaplage.fr\/wp-content\/uploads\/2025\/04\/le-marais-de-mousterlin-finistere-sud.jpg 734w, https:\/\/campinglaplage.fr\/wp-content\/uploads\/2025\/04\/le-marais-de-mousterlin-finistere-sud-300x228.jpg 300w\" sizes=\"(max-width: 734px) 100vw, 734px\" \/><\/figure>\n<\/div>\n\n\n\n<div class=\"wp-block-column is-vertically-aligned-center right is-layout-flow wp-block-column-is-layout-flow\" style=\"padding-bottom:var(--wp--preset--spacing--40)\">\n<h1 class=\"wp-block-heading\"><strong>Entdecken Sie Mousterlin<\/strong> <br\/>w\u00e4hrend Ihres Aufenthalts auf dem Campingplatz.<\/h1>\n\n\n\n<h2 class=\"wp-block-heading\"><strong>Das Moor von Mousterlin<\/strong>, ein Naturschutzgebiet<\/h2>\n\n\n\n<p>Entdecken Sie das <a href=\"https:\/\/www.conservatoire-du-littoral.fr\/siteLittoral\/107\/28-marais-de-mousterlin-29_finistere.htm\" target=\"_blank\" rel=\"noreferrer noopener\">Moor von Mousterlin<\/a>, ein <strong>Naturschutzgebiet<\/strong> in der N\u00e4he des Campingplatzes Plage de Cleut Rouz.<\/p>\n\n\n\n<p>Diese einzigartige Oase der Ruhe verbindet <strong>D\u00fcnen<\/strong>, <strong>Feuchtwiesen<\/strong> und <strong>Teiche<\/strong> und bietet einer <strong>au\u00dfergew\u00f6hnlichen Biodiversit\u00e4t<\/strong> einen Zufluchtsort.<\/p>\n\n\n\n<p>Entdecken Sie <strong>Zugv\u00f6gel<\/strong>, <strong>seltene Pflanzen<\/strong> und eine Landschaft, die von den Gezeiten und dem Wetter geformt wurde.<\/p>\n\n\n\n<p>Dieses unber\u00fchrte Juwel ist ideal f\u00fcr Naturliebhaber und <strong>Wanderer<\/strong> und l\u00e4dt zum Entspannen und Entfliehen ein.<\/p>\n\n\n\n<p>Eine authentische Erfahrung, um sich wieder mit der Natur zu verbinden, nur wenige Schritte von Ihrem Aufenthaltsort entfernt.<\/p>\n<\/div>\n<\/div>\n<\/section>\n\n<section class=\"wp-block-group home-third page-two has-custom-3-b-2927-background-color has-background is-layout-flow wp-block-group-is-layout-flow\" style=\"margin-top:0;margin-bottom:0\">\n<div class=\"wp-block-columns is-layout-flex wp-container-core-columns-is-layout-7fc3d43a wp-block-columns-is-layout-flex\">\n<div class=\"wp-block-column is-vertically-aligned-center right is-layout-flow wp-block-column-is-layout-flow\" style=\"padding-left:16rem;flex-basis:50%\">\n<h2 class=\"wp-block-heading\"><strong>Mer Blanche<\/strong> und Pointe de Mousterlin<\/h2>\n\n\n\n<p class=\"has-custom-color-3-color has-text-color has-link-color wp-elements-d4ba0e12d5804403cc87240aa608c3d7\">Entdecken Sie die einzigartige Natursch\u00f6nheit des <a href=\"https:\/\/www.tourisme-fouesnant.fr\/votre-sejour\/incontournables\/la-mer-blanche\/\" target=\"_blank\" rel=\"noreferrer noopener\">Mer Blanche<\/a> und der <a href=\"https:\/\/www.tourisme-fouesnant.fr\/notre-destination\/les-lieux-a-decouvrir\/des-espaces-naturels-dexception\/pointe-de-mousterlin\/\" target=\"_blank\" rel=\"noreferrer noopener\">Pointe de Mousterlin<\/a>, zwei <strong>bretonische Sch\u00e4tze<\/strong>, die sich in der N\u00e4he unseres <a href=\"https:\/\/campinglaplage.fr\/de\/\">Campingplatzes im s\u00fcdlichen Finist\u00e8re<\/a> befinden.<\/p>\n\n\n\n<p class=\"has-custom-color-3-color has-text-color has-link-color wp-elements-cf9fa9d9f8d36a71e371609a6e9b25ac\">Zwischen<strong> feinen Sandstr\u00e4nden<\/strong>, <strong>glitzernden Lagunen<\/strong> und <strong>K\u00fcstenpfaden<\/strong> bietet dieser gesch\u00fctzte Ort einen idealen Rahmen f\u00fcr Liebhaber der Natur und der Meereslandschaften.<\/p>\n\n\n\n<p class=\"has-custom-color-3-color has-text-color has-link-color wp-elements-320e5cbf142c91e448dafc8cec6ef658\">Beobachten Sie die <strong>au\u00dfergew\u00f6hnliche Flora und Fauna<\/strong>, atmen Sie die jodhaltige Luft ein und lassen Sie sich von der Ruhe des Ortes verf\u00fchren.<\/p>\n\n\n\n<p class=\"has-custom-color-3-color has-text-color has-link-color wp-elements-97883d31f4f01905ba311a8596425ae5\">Ob Sie nun wandern, angeln oder einfach nur entspannen wollen, diese bretonischen Wunder werden all Ihre W\u00fcnsche erf\u00fcllen.<\/p>\n<\/div>\n\n\n\n<div class=\"wp-block-column left is-layout-flow wp-block-column-is-layout-flow\" style=\"flex-basis:50%\">\n<figure class=\"wp-block-image size-full reveal animated fadeIn delay-100ms slower\"><img decoding=\"async\" width=\"916\" height=\"764\" src=\"https:\/\/campinglaplage.fr\/wp-content\/uploads\/2025\/04\/faune-et-flore-exceptionnelles.jpg\" alt=\"au&#xDF;ergew&#xF6;hnliche Flora und Fauna\" class=\"wp-image-3752\" srcset=\"https:\/\/campinglaplage.fr\/wp-content\/uploads\/2025\/04\/faune-et-flore-exceptionnelles.jpg 916w, https:\/\/campinglaplage.fr\/wp-content\/uploads\/2025\/04\/faune-et-flore-exceptionnelles-300x250.jpg 300w, https:\/\/campinglaplage.fr\/wp-content\/uploads\/2025\/04\/faune-et-flore-exceptionnelles-768x641.jpg 768w\" sizes=\"(max-width: 916px) 100vw, 916px\" \/><\/figure>\n<\/div>\n<\/div>\n<\/section>\n\n<section class=\"wp-block-group home-third page-two reverse is-layout-flow wp-block-group-is-layout-flow\" style=\"margin-top:5rem;margin-bottom:0;padding-top:0;padding-bottom:7rem\">\n<div class=\"wp-block-columns is-layout-flex wp-container-core-columns-is-layout-7fc3d43a wp-block-columns-is-layout-flex\">\n<div class=\"wp-block-column left is-layout-flow wp-block-column-is-layout-flow\" style=\"flex-basis:50%\">\n<div data-swiper=\"{&quot;speed&quot;:400,&quot;spaceBetween&quot;:16,&quot;slidesPerView&quot;:1,&quot;createElements&quot;:true,&quot;loop&quot;:true,&quot;freemode&quot;:true,&quot;navigation&quot;:{&quot;nextEl&quot;:&quot;buttonNext&quot;,&quot;prevEl&quot;:&quot;buttonPrev&quot;},&quot;breakpoints&quot;:{&quot;0&quot;:{&quot;slidesPerView&quot;:1},&quot;380&quot;:[],&quot;1024&quot;:[]},&quot;effect&quot;:&quot;fade&quot;,&quot;pagination&quot;:false}\" class=\"wp-block-group animated fadeIn delay-100ms slower gt-is-slider gt-is-slider-desktop has-global-padding is-layout-constrained wp-block-group-is-layout-constrained\">\n<figure class=\"wp-block-image size-full\"><img decoding=\"async\" width=\"916\" height=\"764\" src=\"https:\/\/campinglaplage.fr\/wp-content\/uploads\/2025\/04\/randonnee-sur-les-sentiers.jpg\" alt=\"Wanderung auf den Pfaden\" class=\"wp-image-3755\" srcset=\"https:\/\/campinglaplage.fr\/wp-content\/uploads\/2025\/04\/randonnee-sur-les-sentiers.jpg 916w, https:\/\/campinglaplage.fr\/wp-content\/uploads\/2025\/04\/randonnee-sur-les-sentiers-300x250.jpg 300w, https:\/\/campinglaplage.fr\/wp-content\/uploads\/2025\/04\/randonnee-sur-les-sentiers-768x641.jpg 768w\" sizes=\"(max-width: 916px) 100vw, 916px\" \/><\/figure>\n\n\n\n<figure class=\"wp-block-image size-full\"><img decoding=\"async\" width=\"916\" height=\"764\" src=\"https:\/\/campinglaplage.fr\/wp-content\/uploads\/2025\/04\/parcourez-des-chemins-cotiers-offrant-des-vues-imprenables.jpg\" alt=\"K&#xFC;stenwege mit atemberaubenden Aussichten\" class=\"wp-image-3758\" srcset=\"https:\/\/campinglaplage.fr\/wp-content\/uploads\/2025\/04\/parcourez-des-chemins-cotiers-offrant-des-vues-imprenables.jpg 916w, https:\/\/campinglaplage.fr\/wp-content\/uploads\/2025\/04\/parcourez-des-chemins-cotiers-offrant-des-vues-imprenables-300x250.jpg 300w, https:\/\/campinglaplage.fr\/wp-content\/uploads\/2025\/04\/parcourez-des-chemins-cotiers-offrant-des-vues-imprenables-768x641.jpg 768w\" sizes=\"(max-width: 916px) 100vw, 916px\" \/><\/figure>\n<\/div>\n<\/div>\n\n\n\n<div class=\"wp-block-column is-vertically-aligned-top right is-layout-flow wp-block-column-is-layout-flow\" style=\"padding-top:5rem;padding-right:16rem;flex-basis:50%\">\n<h2 class=\"wp-block-heading\"><strong>Wandern auf den Pfaden<\/strong>: <br\/>Ihr Aktivurlaub auf dem Campingplatz in Mousterlin<\/h2>\n\n\n\n<p class=\"has-custom-3-b-2927-color has-text-color\">Vom Campingplatz aus k\u00f6nnen Sie den <a href=\"https:\/\/www.tourisme-fouesnant.fr\/itineraire\/autour-du-marais-de-mousterlin-fouesnant\/\" target=\"_blank\" rel=\"noreferrer noopener\">Strand von Cleut Rouz in Mousterlin<\/a> f\u00fcr einen aktiven Urlaub im Herzen der bretonischen Natur erreichen. Wandern Sie auf <strong>K\u00fcstenwegen <\/strong>mit atemberaubenden Ausblicken auf den Ozean, erkunden Sie die <strong>unber\u00fchrten S\u00fcmpfe<\/strong> und spazieren Sie durch die umliegenden <strong>Heide- und Kiefernw\u00e4lder<\/strong>.<\/p>\n\n\n\n<p class=\"has-custom-3-b-2927-color has-text-color\">Ob Sie nun ein Liebhaber gem\u00fctlicher Spazierg\u00e4nge oder ein erfahrener Wanderer sind, unsere<strong> abwechslungsreichen Routen<\/strong> erf\u00fcllen alle Ihre W\u00fcnsche nach Ausfl\u00fcgen.<\/p>\n\n\n\n<p>Genie\u00dfen Sie eine au\u00dfergew\u00f6hnliche Umgebung, in der Sie Entspannung und Abenteuer miteinander verbinden k\u00f6nnen, w\u00e4hrend Sie die nat\u00fcrlichen und kulturellen Sch\u00e4tze des Finist\u00e8re entdecken.<\/p>\n\n\n\n<p>Machen Sie aus jedem Schritt einen einzigartigen Moment w\u00e4hrend Ihres Aufenthalts auf dem Campingplatz Mousterlin!<\/p>\n<\/div>\n<\/div>\n<\/section>\n\n<section class=\"wp-block-group page-maillage has-global-padding is-layout-constrained wp-container-core-group-is-layout-272e016f wp-block-group-is-layout-constrained\" style=\"margin-top:var(--wp--preset--spacing--50);margin-bottom:var(--wp--preset--spacing--50)\">\n<p class=\"has-text-align-left title-slogan has-custom-3-b-2927-color has-text-color has-link-color has-noto-serif-display-font-family wp-elements-520a20a6a985b513c2d2be5d1d03ac41\" style=\"font-size:clamp(28.836px, 1.802rem + ((1vw - 3.2px) * 1.794), 50px);line-height:1\">Entdecken Sie die M\u00e4rkte und unsere sch\u00f6ne Region<\/p>\n\n\n\n<div class=\"wp-block-query is-layout-flow wp-block-query-is-layout-flow\"><ul class=\"columns-3 wp-block-post-template has-medium-font-size is-layout-grid wp-container-core-post-template-is-layout-572542b5 wp-block-post-template-is-layout-grid\"><li class=\"wp-block-post post-4554 page type-page status-publish has-post-thumbnail hentry\">\n\n<div class=\"wp-block-group cta has-global-padding is-layout-constrained wp-block-group-is-layout-constrained\">\n<figure class=\"wp-block-image maillage-img\"><img decoding=\"async\" src=\"https:\/\/campinglaplage.fr\/wp-content\/uploads\/2025\/04\/tourisme-cote-mer-et-nature-finistere-cta.jpg\" alt=\"Tourismus K\u00fcste Meer und Natur Finistere\"\/><\/figure>\n\n\n\n<p class=\"maillage-title has-base-2-color has-text-color has-link-color wp-elements-d5a89a41da68cf62c25b013b34087449\" style=\"border-style:none;border-width:0px;border-radius:0px;padding-top:var(--wp--preset--spacing--20);padding-right:var(--wp--preset--spacing--30);padding-bottom:var(--wp--preset--spacing--20);padding-left:var(--wp--preset--spacing--40);font-size:clamp(15.197px, 0.95rem + ((1vw - 3.2px) * 0.661), 23px);font-style:normal;font-weight:500;letter-spacing:1px;text-transform:uppercase\">Aufenthalt Meer und Natur<\/p>\n\n\n<a class=\"is-style-lien-cover wp-block-read-more\" href=\"https:\/\/campinglaplage.fr\/de\/tourismus-am-meer-und-in-der-natur-sudfinistere\/\" target=\"_self\">Weiterlesen<span class=\"screen-reader-text\">: Meer und Natur<\/span><\/a><\/div>\n\n<\/li><li class=\"wp-block-post post-4412 page type-page status-publish has-post-thumbnail hentry\">\n\n<div class=\"wp-block-group cta has-global-padding is-layout-constrained wp-block-group-is-layout-constrained\">\n<figure class=\"wp-block-image maillage-img\"><img decoding=\"async\" src=\"https:\/\/campinglaplage.fr\/wp-content\/uploads\/2025\/04\/tourisme-marches-producteurs-finistere-cta.jpg\" alt=\"Tourismus M\u00e4rkte Produzenten Finistere\"\/><\/figure>\n\n\n\n<p class=\"maillage-title has-base-2-color has-text-color has-link-color wp-elements-d5a89a41da68cf62c25b013b34087449\" style=\"border-style:none;border-width:0px;border-radius:0px;padding-top:var(--wp--preset--spacing--20);padding-right:var(--wp--preset--spacing--30);padding-bottom:var(--wp--preset--spacing--20);padding-left:var(--wp--preset--spacing--40);font-size:clamp(15.197px, 0.95rem + ((1vw - 3.2px) * 0.661), 23px);font-style:normal;font-weight:500;letter-spacing:1px;text-transform:uppercase\">Die M\u00e4rkte<\/p>\n\n\n<a class=\"is-style-lien-cover wp-block-read-more\" href=\"https:\/\/campinglaplage.fr\/de\/tourismus-markt-produzenten-finistere-sued\/\" target=\"_self\">Weiterlesen<span class=\"screen-reader-text\">: Die M\u00e4rkte<\/span><\/a><\/div>\n\n<\/li><li class=\"wp-block-post post-4407 page type-page status-publish has-post-thumbnail hentry\">\n\n<div class=\"wp-block-group cta has-global-padding is-layout-constrained wp-block-group-is-layout-constrained\">\n<figure class=\"wp-block-image maillage-img\"><img decoding=\"async\" src=\"https:\/\/campinglaplage.fr\/wp-content\/uploads\/2025\/04\/tourisme-finistere-sud-cta.jpg\" alt=\"Tourismus Finistere S\u00fcd\"\/><\/figure>\n\n\n\n<p class=\"maillage-title has-base-2-color has-text-color has-link-color wp-elements-d5a89a41da68cf62c25b013b34087449\" style=\"border-style:none;border-width:0px;border-radius:0px;padding-top:var(--wp--preset--spacing--20);padding-right:var(--wp--preset--spacing--30);padding-bottom:var(--wp--preset--spacing--20);padding-left:var(--wp--preset--spacing--40);font-size:clamp(15.197px, 0.95rem + ((1vw - 3.2px) * 0.661), 23px);font-style:normal;font-weight:500;letter-spacing:1px;text-transform:uppercase\">Finist\u00e8re S\u00fcd<\/p>\n\n\n<a class=\"is-style-lien-cover wp-block-read-more\" href=\"https:\/\/campinglaplage.fr\/de\/tourismus-finistere-sued-riviera-bretonisch\/\" target=\"_self\">Weiterlesen<span class=\"screen-reader-text\">: Tourismus<\/span><\/a><\/div>\n\n<\/li><\/ul><\/div>\n<\/section>\n","protected":false},"excerpt":{"rendered":"<p>Entdecken Sie Mousterlin w\u00e4hrend Ihres Aufenthalts auf dem Campingplatz. Das Moor von Mousterlin, ein Naturschutzgebiet Entdecken Sie das Moor von Mousterlin, ein Naturschutzgebiet in der N\u00e4he des Campingplatzes Plage de Cleut Rouz. Diese einzigartige Oase der Ruhe verbindet D\u00fcnen, Feuchtwiesen und Teiche und bietet einer au\u00dfergew\u00f6hnlichen Biodiversit\u00e4t einen Zufluchtsort. Entdecken Sie Zugv\u00f6gel, seltene Pflanzen und [&hellip;]<\/p>\n","protected":false},"author":1,"featured_media":3744,"parent":0,"menu_order":0,"comment_status":"closed","ping_status":"closed","template":"","meta":{"_acf_changed":false,"_seopress_robots_primary_cat":"","_seopress_titles_title":"Campingplatz in der N\u00e4he von Mousterlin | Campingplatz in der N\u00e4he der S\u00fcmpfe von Mousterlin","_seopress_titles_desc":"Entdecken Sie Mousterlin auf dem Campingplatz Le Marais, einem nat\u00fcrlichen Zufluchtsort mit D\u00fcnen und Teichen. Ideal f\u00fcr Wanderer und Naturliebhaber. Ein Ausflug ist garantiert!  ","_seopress_robots_index":"","_gt_ctv_global_id":"","_gt_ctv_id_group":false,"inline_featured_image":false,"gt_fse_maillage_image":"https:\/\/campinglaplage.fr\/wp-content\/uploads\/2025\/04\/camping-mousterlin-site-naturel-cta.jpg","gt_fse_maillage_titre":"Mousterlin","gt_fse_maillage_alt":"Campingplatz Mousterlin Naturgebiet","gt_fse_maillage_resume":"","footnotes":""},"categories":[],"tags":[],"class_list":["post-4416","page","type-page","status-publish","has-post-thumbnail","hentry"],"acf":[],"_links":{"self":[{"href":"https:\/\/campinglaplage.fr\/de\/wp-json\/wp\/v2\/pages\/4416","targetHints":{"allow":["GET"]}}],"collection":[{"href":"https:\/\/campinglaplage.fr\/de\/wp-json\/wp\/v2\/pages"}],"about":[{"href":"https:\/\/campinglaplage.fr\/de\/wp-json\/wp\/v2\/types\/page"}],"author":[{"embeddable":true,"href":"https:\/\/campinglaplage.fr\/de\/wp-json\/wp\/v2\/users\/1"}],"replies":[{"embeddable":true,"href":"https:\/\/campinglaplage.fr\/de\/wp-json\/wp\/v2\/comments?post=4416"}],"version-history":[{"count":1,"href":"https:\/\/campinglaplage.fr\/de\/wp-json\/wp\/v2\/pages\/4416\/revisions"}],"predecessor-version":[{"id":4417,"href":"https:\/\/campinglaplage.fr\/de\/wp-json\/wp\/v2\/pages\/4416\/revisions\/4417"}],"wp:featuredmedia":[{"embeddable":true,"href":"https:\/\/campinglaplage.fr\/de\/wp-json\/wp\/v2\/media\/3744"}],"wp:attachment":[{"href":"https:\/\/campinglaplage.fr\/de\/wp-json\/wp\/v2\/media?parent=4416"}],"wp:term":[{"taxonomy":"category","embeddable":true,"href":"https:\/\/campinglaplage.fr\/de\/wp-json\/wp\/v2\/categories?post=4416"},{"taxonomy":"post_tag","embeddable":true,"href":"https:\/\/campinglaplage.fr\/de\/wp-json\/wp\/v2\/tags?post=4416"}],"curies":[{"name":"wp","href":"https:\/\/api.w.org\/{rel}","templated":true}]}}