{"id":4412,"date":"2025-03-03T17:06:05","date_gmt":"2025-03-03T16:06:05","guid":{"rendered":"https:\/\/campinglaplage.fr\/tourismus-markt-produzenten-finistere-sued\/"},"modified":"2025-05-13T11:59:51","modified_gmt":"2025-05-13T09:59:51","slug":"tourismus-markt-produzenten-finistere-sued","status":"publish","type":"page","link":"https:\/\/campinglaplage.fr\/de\/tourismus-markt-produzenten-finistere-sued\/","title":{"rendered":"Die M\u00e4rkte"},"content":{"rendered":"\n<section class=\"wp-block-group home-intro page-intro is-layout-flow wp-block-group-is-layout-flow\" style=\"padding-top:var(--wp--preset--spacing--40);padding-bottom:var(--wp--preset--spacing--60)\">\n<div class=\"wp-block-columns top is-layout-flex wp-container-core-columns-is-layout-16ca0261 wp-block-columns-is-layout-flex\" style=\"margin-bottom:0rem;padding-right:20rem;padding-left:5rem\">\n<div class=\"wp-block-column is-vertically-aligned-top left is-layout-flow wp-block-column-is-layout-flow\">\n<figure class=\"wp-block-image alignright size-full animated fadeIn delay-100ms slower\"><img decoding=\"async\" width=\"734\" height=\"557\" src=\"https:\/\/campinglaplage.fr\/wp-content\/uploads\/2025\/04\/les-marches-de-producteurs-savourez-la-gastronomie.jpg\" alt=\"Bauernm&#xE4;rkte Genie&#xDF;en Sie die Gastronomie\" class=\"wp-image-3768\" style=\"object-fit:cover\" srcset=\"https:\/\/campinglaplage.fr\/wp-content\/uploads\/2025\/04\/les-marches-de-producteurs-savourez-la-gastronomie.jpg 734w, https:\/\/campinglaplage.fr\/wp-content\/uploads\/2025\/04\/les-marches-de-producteurs-savourez-la-gastronomie-300x228.jpg 300w\" sizes=\"(max-width: 734px) 100vw, 734px\" \/><\/figure>\n<\/div>\n\n\n\n<div class=\"wp-block-column is-vertically-aligned-center right is-layout-flow wp-block-column-is-layout-flow\" style=\"padding-bottom:var(--wp--preset--spacing--40)\">\n<h1 class=\"wp-block-heading\"><strong>Entdecken Sie die M\u00e4rkte<\/strong> <br\/>im s\u00fcdlichen Finist\u00e8re<\/h1>\n\n\n\n<h2 class=\"wp-block-heading\"><strong>Bauernm\u00e4rkte<\/strong>: <br\/>Genie\u00dfen Sie die bretonische Gastronomie!<\/h2>\n\n\n\n<p>Entdecken Sie die <strong>lokalen Bauernm\u00e4rkte<\/strong> in und um Fouesnant im S\u00fcd-Finist\u00e8re, ein einzigartiges Erlebnis, um die <strong>bretonische Gastronomie<\/strong> in all ihrem Reichtum zu genie\u00dfen.<\/p>\n\n\n\n<p>Dies ist die ideale Gelegenheit, passionierte Handwerker zu treffen und Qualit\u00e4tsprodukte aus der <strong>Bretagne<\/strong> zu entdecken. In einer freundlichen Atmosph\u00e4re k\u00f6nnen Sie zwischen den bunten St\u00e4nden flanieren und sich von den authentischen Aromen verf\u00fchren lassen, f\u00fcr die unsere Region so ber\u00fchmt ist. <\/p>\n\n\n    <div id=\"gt-fse-lire-plus-69dec5cc770f5\" class=\"gt-fse-lire-plus\" data-min-height=\"130\" style=\"background-color: #fcf9f1;\">\n        <input id=\"gt-fse-lire-plus-69dec5cc770f5-toggle\" type=\"checkbox\" class=\"gt-fse-lire-plus__toggle\" \/>\n        <label for=\"gt-fse-lire-plus-69dec5cc770f5-toggle\" class=\"gt-fse-lire-plus__toggle-label\">\n            <span>Lesen Sie mehr<\/span>\n            <span>Weniger lesen<\/span>\n        <\/label>\n        <div class=\"gt-fse-lire-plus__content\" style=\"height: 130px;\">\n            \n\n<p>Ob Sie nun ein Liebhaber der Gastronomie oder neugierig auf neue Entdeckungen sind, diese M\u00e4rkte sind eine Einladung, einen herzlichen und leckeren Moment im Herzen der Bretagne zu teilen. Ein Genuss f\u00fcr den Gaumen und ein Eintauchen in die <strong>lokale Kultur<\/strong>, das Sie sich nicht entgehen lassen sollten. <\/p>\n\n\n\n<p style=\"margin-bottom:0px\"><strong>M\u00e4rkte, die Sie nicht verpassen sollten :<\/strong><\/p>\n\n\n\n<ul style=\"margin-top:0px\" class=\"wp-block-list\">\n<li><strong>Fouesnant<\/strong>: Jeden Freitagmorgen l\u00e4dt der Markt von Fouesnant Sie zu einem Bummel durch die St\u00e4nde ein, an denen Obst, Gem\u00fcse, frischer Fisch, handgemachte Cr\u00eapes und lokaler Cidre angeboten werden.<\/li>\n\n\n\n<li><strong>La For\u00eat Fouesnant<\/strong>: Am Sonntagmorgen bietet dieser gesellige Markt am Meer eine perfekte Sommeratmosph\u00e4re, um die lokalen Spezialit\u00e4ten zu entdecken.<\/li>\n\n\n\n<li><strong>Concarneau<\/strong>: Tauchen Sie montags und freitags morgens in die dynamische Atmosph\u00e4re dieses Marktes ein, der in der N\u00e4he der Ville-Close liegt.<\/li>\n\n\n\n<li><strong>Quimper<\/strong>: Samstags morgens ist der Markt auf dem Place Saint-Corentin ein wahres Schaufenster f\u00fcr bretonische K\u00f6stlichkeiten.<\/li>\n<\/ul>\n\n\n\n<p><strong>Tauchen Sie ein in das lokale Kunsthandwerk:<\/strong> <br\/>Neben den gastronomischen K\u00f6stlichkeiten wird auf diesen M\u00e4rkten auch das lokale Kunsthandwerk pr\u00e4sentiert. Entdecken Sie Schmuck, Textilien und handgefertigte Gegenst\u00e4nde, die Sie als authentisches Andenken an Ihren Aufenthalt in der Bretagne mit nach Hause nehmen k\u00f6nnen. <\/p>\n\n\n\n<p><strong><strong>Ein Moment der Geselligkeit :<\/strong><\/strong> <br\/>Die M\u00e4rkte sind auch Orte der Begegnung mit Einheimischen und leidenschaftlichen Produzenten, die bereit sind, ihr Wissen und ihre Anekdoten \u00fcber die Region zu teilen.<\/p>\n\n\n\n<p>Verpassen Sie nicht diese typischen Orte, die <strong>die bretonische Identit\u00e4t widerspiegeln<\/strong>. Mit einem Aufenthalt auf dem <a href=\"https:\/\/campinglaplage.fr\/de\/\">Campingplatz in Fouesnant, im s\u00fcdlichen Finist\u00e8re<\/a>, sind Sie<strong> ideal gelegen<\/strong>, um sie zu entdecken und die Lebensart der Cornouaille in vollen Z\u00fcgen zu genie\u00dfen. <\/p>\n\n            <div class=\"gt-fse-lire-plus__gradient\" style=\"background: linear-gradient(to bottom,rgba(252,249,241,0) 0%,rgba(252,249,241,1) 100%);\"><\/div>\n        <\/div>\n    <\/div>\n    <\/div>\n<\/div>\n<\/section>\n\n<section class=\"wp-block-group home-third page-two has-custom-3-b-2927-background-color has-background is-layout-flow wp-block-group-is-layout-flow\" style=\"margin-top:0;margin-bottom:14rem\">\n<div class=\"wp-block-columns is-layout-flex wp-container-core-columns-is-layout-7fc3d43a wp-block-columns-is-layout-flex\">\n<div class=\"wp-block-column is-vertically-aligned-center right is-layout-flow wp-block-column-is-layout-flow\" style=\"padding-left:16rem;flex-basis:50%\">\n<h2 class=\"wp-block-heading\"><strong>Nachtm\u00e4rkte<\/strong> <br\/>in Fouesnant und Umgebung<\/h2>\n\n\n\n<p class=\"has-custom-color-3-color has-text-color has-link-color wp-elements-2e5e3de4d7de9d14584067680f4e6dd6\">Entdecken Sie die gesellige Atmosph\u00e4re der <strong>Nachtm\u00e4rkte<\/strong> in Fouesnant und rund um den Camping de la Plage de Cleut Rouz, im S\u00fcd-Finist\u00e8re!<\/p>\n\n\n\n<p class=\"has-custom-color-3-color has-text-color has-link-color wp-elements-7b339dd617184f6f25561447985cd569\">Nur wenige Minuten entfernt liegt der <a href=\"https:\/\/www.foret-fouesnant-tourisme.com\/degustation\/le-marche-nocturne-de-port-la-foret-la-foret-fouesnant-2\/\" target=\"_blank\" rel=\"noreferrer noopener\">Nachtmarkt von Port la For\u00eat<\/a>, der jeden Dienstagabend stattfindet. Zwischen dem bunten Treiben der St\u00e4nde und den verlockenden D\u00fcften der lokalen Spezialit\u00e4ten k\u00f6nnen Sie durch dieses <strong>unumg\u00e4ngliche<\/strong> Sommerereignis schlendern. <\/p>\n\n\n\n<p class=\"has-custom-color-3-color has-text-color has-link-color wp-elements-bf9f2931b75544ed9d2b64388d5fb973\">Nutzen Sie die Gelegenheit, um einen einzigartigen Moment mit der Familie oder mit Freunden zu teilen.<\/p>\n\n\n\n<p class=\"has-custom-color-3-color has-text-color has-link-color wp-elements-00515b0bd743f868e025da1bfae780c9\">Dieser Markt bietet Ihnen einen Einblick in die lokale Kultur in einer warmen und festlichen Atmosph\u00e4re.<\/p>\n\n\n\n<p class=\"has-custom-color-3-color has-text-color has-link-color wp-elements-a70fa698cdc1fe9da9c59f4dfee096a5\">Bereiten Sie sich auf magische Momente unter den Sternen vor, im Rhythmus der Entdeckungen und Geschm\u00e4cker.<\/p>\n<\/div>\n\n\n\n<div class=\"wp-block-column left is-layout-flow wp-block-column-is-layout-flow\" style=\"flex-basis:50%\">\n<figure class=\"wp-block-image size-full reveal animated fadeIn delay-100ms slower\"><img decoding=\"async\" width=\"916\" height=\"764\" src=\"https:\/\/campinglaplage.fr\/wp-content\/uploads\/2025\/04\/les-marches-nocturnes-a-fouesnant.jpg\" alt=\"Nachtwanderungen in Fouesnant\" class=\"wp-image-3772\" srcset=\"https:\/\/campinglaplage.fr\/wp-content\/uploads\/2025\/04\/les-marches-nocturnes-a-fouesnant.jpg 916w, https:\/\/campinglaplage.fr\/wp-content\/uploads\/2025\/04\/les-marches-nocturnes-a-fouesnant-300x250.jpg 300w, https:\/\/campinglaplage.fr\/wp-content\/uploads\/2025\/04\/les-marches-nocturnes-a-fouesnant-768x641.jpg 768w\" sizes=\"(max-width: 916px) 100vw, 916px\" \/><\/figure>\n<\/div>\n<\/div>\n<\/section>\n\n<section class=\"wp-block-group page-maillage has-global-padding is-layout-constrained wp-container-core-group-is-layout-272e016f wp-block-group-is-layout-constrained\" style=\"margin-top:var(--wp--preset--spacing--50);margin-bottom:var(--wp--preset--spacing--50)\">\n<p class=\"has-text-align-left title-slogan has-custom-3-b-2927-color has-text-color has-link-color has-noto-serif-display-font-family wp-elements-4da8506bb6755b939391d1797204fd05\" style=\"font-size:clamp(28.836px, 1.802rem + ((1vw - 3.2px) * 1.794), 50px);line-height:1\">Entdecken Sie die Aktivit\u00e4ten auf dem Campingplatz und unsere sch\u00f6ne Region<\/p>\n\n\n\n<div class=\"wp-block-query is-layout-flow wp-block-query-is-layout-flow\"><ul class=\"columns-3 wp-block-post-template has-medium-font-size is-layout-grid wp-container-core-post-template-is-layout-572542b5 wp-block-post-template-is-layout-grid\"><li class=\"wp-block-post post-4446 page type-page status-publish has-post-thumbnail hentry\">\n\n<div class=\"wp-block-group cta has-global-padding is-layout-constrained wp-block-group-is-layout-constrained\">\n<figure class=\"wp-block-image maillage-img\"><img decoding=\"async\" src=\"https:\/\/campinglaplage.fr\/wp-content\/uploads\/2025\/04\/camping-activites-loisirs-club-enfants-fouesnant-finistere-sud-cta.jpg\" alt=\"Campingplatz Freizeitaktivit\u00e4ten Kinderclub fouesnant finistere sud\"\/><\/figure>\n\n\n\n<p class=\"maillage-title has-base-2-color has-text-color has-link-color wp-elements-d5a89a41da68cf62c25b013b34087449\" style=\"border-style:none;border-width:0px;border-radius:0px;padding-top:var(--wp--preset--spacing--20);padding-right:var(--wp--preset--spacing--30);padding-bottom:var(--wp--preset--spacing--20);padding-left:var(--wp--preset--spacing--40);font-size:clamp(15.197px, 0.95rem + ((1vw - 3.2px) * 0.661), 23px);font-style:normal;font-weight:500;letter-spacing:1px;text-transform:uppercase\">Aktivit\u00e4ten und Freizeit<\/p>\n\n\n<a class=\"is-style-lien-cover wp-block-read-more\" href=\"https:\/\/campinglaplage.fr\/de\/camping-aktivitaeten-freizeit-club-kinder-fouesnant\/\" target=\"_self\">Weiterlesen<span class=\"screen-reader-text\">: Aktivit\u00e4ten und Freizeit<\/span><\/a><\/div>\n\n<\/li><li class=\"wp-block-post post-4554 page type-page status-publish has-post-thumbnail hentry\">\n\n<div class=\"wp-block-group cta has-global-padding is-layout-constrained wp-block-group-is-layout-constrained\">\n<figure class=\"wp-block-image maillage-img\"><img decoding=\"async\" src=\"https:\/\/campinglaplage.fr\/wp-content\/uploads\/2025\/04\/tourisme-cote-mer-et-nature-finistere-cta.jpg\" alt=\"Tourismus K\u00fcste Meer und Natur Finistere\"\/><\/figure>\n\n\n\n<p class=\"maillage-title has-base-2-color has-text-color has-link-color wp-elements-d5a89a41da68cf62c25b013b34087449\" style=\"border-style:none;border-width:0px;border-radius:0px;padding-top:var(--wp--preset--spacing--20);padding-right:var(--wp--preset--spacing--30);padding-bottom:var(--wp--preset--spacing--20);padding-left:var(--wp--preset--spacing--40);font-size:clamp(15.197px, 0.95rem + ((1vw - 3.2px) * 0.661), 23px);font-style:normal;font-weight:500;letter-spacing:1px;text-transform:uppercase\">Aufenthalt Meer und Natur<\/p>\n\n\n<a class=\"is-style-lien-cover wp-block-read-more\" href=\"https:\/\/campinglaplage.fr\/de\/tourismus-am-meer-und-in-der-natur-sudfinistere\/\" target=\"_self\">Weiterlesen<span class=\"screen-reader-text\">: Meer und Natur<\/span><\/a><\/div>\n\n<\/li><li class=\"wp-block-post post-4407 page type-page status-publish has-post-thumbnail hentry\">\n\n<div class=\"wp-block-group cta has-global-padding is-layout-constrained wp-block-group-is-layout-constrained\">\n<figure class=\"wp-block-image maillage-img\"><img decoding=\"async\" src=\"https:\/\/campinglaplage.fr\/wp-content\/uploads\/2025\/04\/tourisme-finistere-sud-cta.jpg\" alt=\"Tourismus Finistere S\u00fcd\"\/><\/figure>\n\n\n\n<p class=\"maillage-title has-base-2-color has-text-color has-link-color wp-elements-d5a89a41da68cf62c25b013b34087449\" style=\"border-style:none;border-width:0px;border-radius:0px;padding-top:var(--wp--preset--spacing--20);padding-right:var(--wp--preset--spacing--30);padding-bottom:var(--wp--preset--spacing--20);padding-left:var(--wp--preset--spacing--40);font-size:clamp(15.197px, 0.95rem + ((1vw - 3.2px) * 0.661), 23px);font-style:normal;font-weight:500;letter-spacing:1px;text-transform:uppercase\">Finist\u00e8re S\u00fcd<\/p>\n\n\n<a class=\"is-style-lien-cover wp-block-read-more\" href=\"https:\/\/campinglaplage.fr\/de\/tourismus-finistere-sued-riviera-bretonisch\/\" target=\"_self\">Weiterlesen<span class=\"screen-reader-text\">: Tourismus<\/span><\/a><\/div>\n\n<\/li><\/ul><\/div>\n<\/section>\n","protected":false},"excerpt":{"rendered":"<p>Entdecken Sie die M\u00e4rkte im s\u00fcdlichen Finist\u00e8re Bauernm\u00e4rkte: Genie\u00dfen Sie die bretonische Gastronomie! Entdecken Sie die lokalen Bauernm\u00e4rkte in und um Fouesnant im S\u00fcd-Finist\u00e8re, ein einzigartiges Erlebnis, um die bretonische Gastronomie in all ihrem Reichtum zu genie\u00dfen. Dies ist die ideale Gelegenheit, passionierte Handwerker zu treffen und Qualit\u00e4tsprodukte aus der Bretagne zu entdecken. In einer [&hellip;]<\/p>\n","protected":false},"author":1,"featured_media":3764,"parent":0,"menu_order":0,"comment_status":"closed","ping_status":"closed","template":"","meta":{"_acf_changed":false,"_seopress_robots_primary_cat":"","_seopress_titles_title":"Entdecken Sie die M\u00e4rkte in S\u00fcd Finist\u00e8re | M\u00e4rkte Fouesnant","_seopress_titles_desc":"Erkunden Sie die Bauernm\u00e4rkte in Fouesnant, um die bretonische Gastronomie zu genie\u00dfen und tauchen Sie bei den Nachtm\u00e4rkten in die lokale Kultur ein.","_seopress_robots_index":"","_gt_ctv_global_id":"","_gt_ctv_id_group":false,"inline_featured_image":false,"gt_fse_maillage_image":"https:\/\/campinglaplage.fr\/wp-content\/uploads\/2025\/04\/tourisme-marches-producteurs-finistere-cta.jpg","gt_fse_maillage_titre":"Die M\u00e4rkte","gt_fse_maillage_alt":"Tourismus M\u00e4rkte Produzenten Finistere","gt_fse_maillage_resume":"","footnotes":""},"categories":[],"tags":[],"class_list":["post-4412","page","type-page","status-publish","has-post-thumbnail","hentry"],"acf":[],"_links":{"self":[{"href":"https:\/\/campinglaplage.fr\/de\/wp-json\/wp\/v2\/pages\/4412","targetHints":{"allow":["GET"]}}],"collection":[{"href":"https:\/\/campinglaplage.fr\/de\/wp-json\/wp\/v2\/pages"}],"about":[{"href":"https:\/\/campinglaplage.fr\/de\/wp-json\/wp\/v2\/types\/page"}],"author":[{"embeddable":true,"href":"https:\/\/campinglaplage.fr\/de\/wp-json\/wp\/v2\/users\/1"}],"replies":[{"embeddable":true,"href":"https:\/\/campinglaplage.fr\/de\/wp-json\/wp\/v2\/comments?post=4412"}],"version-history":[{"count":1,"href":"https:\/\/campinglaplage.fr\/de\/wp-json\/wp\/v2\/pages\/4412\/revisions"}],"predecessor-version":[{"id":4413,"href":"https:\/\/campinglaplage.fr\/de\/wp-json\/wp\/v2\/pages\/4412\/revisions\/4413"}],"wp:featuredmedia":[{"embeddable":true,"href":"https:\/\/campinglaplage.fr\/de\/wp-json\/wp\/v2\/media\/3764"}],"wp:attachment":[{"href":"https:\/\/campinglaplage.fr\/de\/wp-json\/wp\/v2\/media?parent=4412"}],"wp:term":[{"taxonomy":"category","embeddable":true,"href":"https:\/\/campinglaplage.fr\/de\/wp-json\/wp\/v2\/categories?post=4412"},{"taxonomy":"post_tag","embeddable":true,"href":"https:\/\/campinglaplage.fr\/de\/wp-json\/wp\/v2\/tags?post=4412"}],"curies":[{"name":"wp","href":"https:\/\/api.w.org\/{rel}","templated":true}]}}