{"id":4377,"date":"2025-03-03T17:05:42","date_gmt":"2025-03-03T16:05:42","guid":{"rendered":"https:\/\/campinglaplage.fr\/guenstiger-campingplatz-fouesnant\/"},"modified":"2025-05-13T11:58:12","modified_gmt":"2025-05-13T09:58:12","slug":"guenstiger-campingplatz-fouesnant","status":"publish","type":"page","link":"https:\/\/campinglaplage.fr\/de\/guenstiger-campingplatz-fouesnant\/","title":{"rendered":"Preise und Angebote"},"content":{"rendered":"\n<section class=\"wp-block-group home-intro page-intro is-layout-flow wp-block-group-is-layout-flow\" style=\"padding-top:var(--wp--preset--spacing--40);padding-bottom:var(--wp--preset--spacing--60)\">\n<div class=\"wp-block-columns top is-layout-flex wp-container-core-columns-is-layout-16ca0261 wp-block-columns-is-layout-flex\" style=\"margin-bottom:0rem;padding-right:20rem;padding-left:5rem\">\n<div class=\"wp-block-column is-vertically-aligned-top left is-layout-flow wp-block-column-is-layout-flow\">\n<figure class=\"wp-block-image alignright size-full animated fadeIn delay-100ms slower\"><img decoding=\"async\" width=\"734\" height=\"557\" src=\"https:\/\/campinglaplage.fr\/wp-content\/uploads\/2025\/04\/hebergement-au-meilleur-prix-pour-tous-budgets-fouesnant.jpg\" alt=\"Unterkunft zum besten Preis f&#xFC;r jedes Budget Fouesnant\" class=\"wp-image-3849\" style=\"object-fit:cover\" srcset=\"https:\/\/campinglaplage.fr\/wp-content\/uploads\/2025\/04\/hebergement-au-meilleur-prix-pour-tous-budgets-fouesnant.jpg 734w, https:\/\/campinglaplage.fr\/wp-content\/uploads\/2025\/04\/hebergement-au-meilleur-prix-pour-tous-budgets-fouesnant-300x228.jpg 300w\" sizes=\"(max-width: 734px) 100vw, 734px\" \/><\/figure>\n<\/div>\n\n\n\n<div class=\"wp-block-column is-vertically-aligned-center right is-layout-flow wp-block-column-is-layout-flow\" style=\"padding-bottom:var(--wp--preset--spacing--40)\">\n<h1 class=\"wp-block-heading\"><strong>Preiswerter Campingplatz<\/strong> im S\u00fcd-Finist\u00e8re<\/h1>\n\n\n\n<h2 class=\"wp-block-heading\"><strong>Unterkunft zum besten Preis<\/strong> <br\/>f\u00fcr jedes Budget in Fouesnant<\/h2>\n\n\n\n<p>Tauchen Sie ein in das Herz eines <strong>gesch\u00fctzten Naturgebietes<\/strong>, ideal f\u00fcr einen entspannten Urlaub. Unser <a href=\"https:\/\/campinglaplage.fr\/de\/\">4-Sterne-Campingplatz in Fouesnant<\/a> liegt im s\u00fcdlichen Finist\u00e8re, nur wenige Schritte vom feinen Sandstrand entfernt, und bietet Ihnen eine ruhige und famili\u00e4re Atmosph\u00e4re f\u00fcr unvergessliche Momente der Entspannung. <\/p>\n\n\n\n<p><strong>Komfortable Unterk\u00fcnfte f\u00fcr jedes Budget<\/strong> <br\/>Mit unseren 17 verschiedenen<a href=\"https:\/\/campinglaplage.fr\/de\/vermietung-mobil-home-fouesnant\/\">Unterkunftsarten im S\u00fcd-Finist\u00e8re (Mobilhomes und Ungew\u00f6hnliche)<\/a> und <a href=\"https:\/\/campinglaplage.fr\/de\/rental-platze-fouesnant\/\">Stellpl\u00e4tzen in Fouesnant<\/a> erf\u00fcllen wir <strong>alle Ihre W\u00fcnsche<\/strong>: Ob Sie als Paar, mit der Familie oder mit Freunden reisen, bei uns finden Sie den perfekten Kokon f\u00fcr Ihren Campingurlaub.<\/p>\n\n\n    <div id=\"gt-fse-lire-plus-69dede78a2f25\" class=\"gt-fse-lire-plus\" data-min-height=\"130\" style=\"background-color: #fcf9f1;\">\n        <input id=\"gt-fse-lire-plus-69dede78a2f25-toggle\" type=\"checkbox\" class=\"gt-fse-lire-plus__toggle\" \/>\n        <label for=\"gt-fse-lire-plus-69dede78a2f25-toggle\" class=\"gt-fse-lire-plus__toggle-label\">\n            <span>Lesen Sie mehr<\/span>\n            <span>Weniger lesen<\/span>\n        <\/label>\n        <div class=\"gt-fse-lire-plus__content\" style=\"height: 130px;\">\n            \n\n<p style=\"margin-bottom:0px\">Unsere Unterk\u00fcnfte verbinden <strong>Komfort und Modernit\u00e4t<\/strong>:<\/p>\n\n\n\n<ul style=\"margin-top:0px\" class=\"wp-block-list\">\n<li>Liegest\u00fchle f\u00fcr Ihre faulen Momente in der Sonne.<\/li>\n\n\n\n<li>Die K\u00fcche ist mit einem Geschirrsp\u00fcler ausgestattet, um Ihnen den Alltag zu erleichtern.<\/li>\n\n\n\n<li>Moderne Annehmlichkeiten wie Wasserkocher und Gefrierschrank sorgen f\u00fcr Bequemlichkeit.<\/li>\n\n\n\n<li>Verdunklungsrollos f\u00fcr ruhige und erholsame N\u00e4chte.<\/li>\n<\/ul>\n\n\n\n<p><strong>Das beste Preis-Leistungs-Verh\u00e4ltnis f\u00fcr Ihren Urlaub<\/strong> <br\/>Auf dem Camping de la Plage de Cleut-Rouz, einem g\u00fcnstigen Campingplatz im s\u00fcdlichen Finist\u00e8re, ist es uns ein Anliegen, erschwingliche Preise f\u00fcr <strong>jedes Budget<\/strong> anzubieten, ohne dabei Kompromisse bei der Qualit\u00e4t einzugehen. Genie\u00dfen Sie die <strong>hochwertigen Leistungen<\/strong>, w\u00e4hrend Sie Ihre Ausgaben unter Kontrolle halten. <\/p>\n\n\n\n<p style=\"margin-bottom:0px\"><strong>Warum sollten Sie unseren Campingplatz w\u00e4hlen?<\/strong><\/p>\n\n\n\n<ul style=\"margin-top:0px\" class=\"wp-block-list\">\n<li>Eine au\u00dfergew\u00f6hnliche nat\u00fcrliche Umgebung, in unmittelbarer N\u00e4he des Strandes.<\/li>\n\n\n\n<li>Eine freundliche und warme Atmosph\u00e4re f\u00fcr die ganze Familie.<\/li>\n\n\n\n<li>Hochwertige Dienstleistungen f\u00fcr einen sorgenfreien Aufenthalt.<\/li>\n<\/ul>\n\n\n\n<p>Buchen Sie noch heute Ihren Aufenthalt und lassen Sie sich von der Sch\u00f6nheit von Fouesnant und der Ruhe unseres preisg\u00fcnstigen Campingplatzes im s\u00fcdlichen Finist\u00e8re verf\u00fchren. Ihr Traumurlaub in der Bretagne wartet auf Sie! <\/p>\n\n            <div class=\"gt-fse-lire-plus__gradient\" style=\"background: linear-gradient(to bottom,rgba(252,249,241,0) 0%,rgba(252,249,241,1) 100%);\"><\/div>\n        <\/div>\n    <\/div>\n    <\/div>\n<\/div>\n\n\n\n<div class=\"wp-block-columns colonne-tarif is-layout-flex wp-container-core-columns-is-layout-f1061711 wp-block-columns-is-layout-flex\" style=\"padding-right:var(--wp--preset--spacing--20);padding-left:var(--wp--preset--spacing--20)\">\n<div class=\"wp-block-column is-layout-flow wp-block-column-is-layout-flow\" style=\"flex-basis:25%\"><\/div>\n\n\n\n<div class=\"wp-block-column is-layout-flow wp-block-column-is-layout-flow\" style=\"flex-basis:50%\">\n<ctv-availability data-background-color=\"#fcf9f1\"><\/ctv-availability>\n<\/div>\n\n\n\n<div class=\"wp-block-column is-layout-flow wp-block-column-is-layout-flow\" style=\"flex-basis:25%\"><\/div>\n<\/div>\n<\/section>\n\n<section class=\"wp-block-group home-third page-two has-custom-3-b-2927-background-color has-background is-layout-flow wp-block-group-is-layout-flow\" style=\"margin-top:0;margin-bottom:0\">\n<div class=\"wp-block-columns is-layout-flex wp-container-core-columns-is-layout-7fc3d43a wp-block-columns-is-layout-flex\">\n<div class=\"wp-block-column is-vertically-aligned-center right is-layout-flow wp-block-column-is-layout-flow\" style=\"padding-left:16rem;flex-basis:50%\">\n<h2 class=\"wp-block-heading\"><strong>Unsere Sonderangebote<\/strong> <br\/>f\u00fcr einen cleveren Aufenthalt im S\u00fcd-Finist\u00e8re<\/h2>\n\n\n\n<p class=\"has-custom-color-3-color has-text-color has-link-color wp-elements-76680de6567be5a89f17b0bfc746cfb7\">Um Vergn\u00fcgen mit Sparen zu verbinden, haben wir <strong>spezielle Angebote<\/strong> zusammengestellt, mit denen Sie die Sch\u00e4tze der Bretagne in vollen Z\u00fcgen genie\u00dfen und gleichzeitig <strong>Ihr Budget unter Kontrolle halten<\/strong> k\u00f6nnen.<\/p>\n\n\n\n<p class=\"has-custom-color-3-color has-text-color has-link-color wp-elements-9cfd3edb311dc5f377dcb282f971b2f0\" style=\"margin-bottom:0px\"><strong>Unsere Sonderangebote f\u00fcr einen cleveren Urlaub :<\/strong><\/p>\n\n\n\n<ul style=\"margin-top:0px\" class=\"wp-block-list has-base-2-color has-text-color has-link-color wp-elements-15870151439fb7634d3bd7ebfa0db39f\">\n<li>Langer Aufenthalt in der Nebensaison: Je l\u00e4nger Sie bleiben, desto mehr sparen Sie!<\/li>\n\n\n\n<li>7 N\u00e4chte zum Preis von 6<\/li>\n\n\n\n<li>14 N\u00e4chte zum Preis von 12<\/li>\n\n\n\n<li>21 N\u00e4chte zum Preis von 18<\/li>\n<\/ul>\n\n\n\n<p class=\"has-custom-color-3-color has-text-color has-link-color wp-elements-13f9858e6f4097b2c6e013bb171fffc2\">Nutzen Sie die <strong>milde Nebensaison<\/strong>, um die unber\u00fchrten Str\u00e4nde, K\u00fcstenpfade und charmanten bretonischen D\u00f6rfer in einer friedlichen und authentischen Atmosph\u00e4re zu erkunden.<\/p>\n\n\n\n<p class=\"has-custom-color-3-color has-text-color has-link-color wp-elements-488aff8f65d9150db74705889973f0a4\">Buchen Sie jetzt!<\/p>\n\n\n\n<p class=\"has-custom-color-3-color has-text-color has-link-color wp-elements-a5d32b493e62975e366eee45122ba1c2\">Warten Sie nicht l\u00e4nger, um Ihren Urlaub im S\u00fcd-Finist\u00e8re zu planen. Kontaktieren Sie uns, um mehr \u00fcber unsere Angebote zu erfahren oder buchen Sie direkt online. Tauchen Sie ein in die beruhigende Welt des Camping de la Plage de Cleut-Rouz und lassen Sie sich von der Sch\u00f6nheit der Bretagne verf\u00fchren.  <\/p>\n\n\n\n<p class=\"has-custom-color-3-color has-text-color has-link-color wp-elements-4ce66432aa1517f1a5ff5aafb29ad197\">Ihr perfekter Urlaub wartet auf Sie!<\/p>\n<\/div>\n\n\n\n<div class=\"wp-block-column left is-layout-flow wp-block-column-is-layout-flow\" style=\"flex-basis:50%\">\n<figure class=\"wp-block-image size-full reveal animated fadeIn delay-100ms slower\"><img decoding=\"async\" width=\"916\" height=\"764\" src=\"https:\/\/campinglaplage.fr\/wp-content\/uploads\/2025\/04\/offres-promotionnelles-pour-sejour-finistere-sud.jpg\" alt=\"Sonderangebote f&#xFC;r einen Aufenthalt in S&#xFC;dfinistere\" class=\"wp-image-3853\" srcset=\"https:\/\/campinglaplage.fr\/wp-content\/uploads\/2025\/04\/offres-promotionnelles-pour-sejour-finistere-sud.jpg 916w, https:\/\/campinglaplage.fr\/wp-content\/uploads\/2025\/04\/offres-promotionnelles-pour-sejour-finistere-sud-300x250.jpg 300w, https:\/\/campinglaplage.fr\/wp-content\/uploads\/2025\/04\/offres-promotionnelles-pour-sejour-finistere-sud-768x641.jpg 768w\" sizes=\"(max-width: 916px) 100vw, 916px\" \/><\/figure>\n<\/div>\n<\/div>\n<\/section>\n\n<section class=\"wp-block-group home-third page-two reverse is-layout-flow wp-block-group-is-layout-flow\" style=\"margin-top:5rem;margin-bottom:0;padding-top:0;padding-bottom:7rem\">\n<div class=\"wp-block-columns is-layout-flex wp-container-core-columns-is-layout-7fc3d43a wp-block-columns-is-layout-flex\">\n<div class=\"wp-block-column left is-layout-flow wp-block-column-is-layout-flow\" style=\"flex-basis:50%\">\n<div data-swiper=\"{&quot;speed&quot;:400,&quot;spaceBetween&quot;:16,&quot;slidesPerView&quot;:1,&quot;createElements&quot;:true,&quot;loop&quot;:true,&quot;freemode&quot;:true,&quot;navigation&quot;:{&quot;nextEl&quot;:&quot;buttonNext&quot;,&quot;prevEl&quot;:&quot;buttonPrev&quot;},&quot;breakpoints&quot;:{&quot;0&quot;:{&quot;slidesPerView&quot;:1},&quot;380&quot;:[],&quot;1024&quot;:[]},&quot;effect&quot;:&quot;fade&quot;,&quot;pagination&quot;:false}\" class=\"wp-block-group animated fadeIn delay-100ms slower gt-is-slider gt-is-slider-desktop has-global-padding is-layout-constrained wp-block-group-is-layout-constrained\">\n<figure class=\"wp-block-image size-full\"><img decoding=\"async\" width=\"916\" height=\"764\" src=\"https:\/\/campinglaplage.fr\/wp-content\/uploads\/2025\/04\/rapport-qualite-prix.jpg\" alt=\"Preis-Leistungs-Verh&#xE4;ltnis\" class=\"wp-image-3856\" srcset=\"https:\/\/campinglaplage.fr\/wp-content\/uploads\/2025\/04\/rapport-qualite-prix.jpg 916w, https:\/\/campinglaplage.fr\/wp-content\/uploads\/2025\/04\/rapport-qualite-prix-300x250.jpg 300w, https:\/\/campinglaplage.fr\/wp-content\/uploads\/2025\/04\/rapport-qualite-prix-768x641.jpg 768w\" sizes=\"(max-width: 916px) 100vw, 916px\" \/><\/figure>\n\n\n\n<figure class=\"wp-block-image size-full\"><img decoding=\"async\" width=\"916\" height=\"764\" src=\"https:\/\/campinglaplage.fr\/wp-content\/uploads\/2025\/04\/entree-du-camping-a-fouesnant.jpg\" alt=\"Eingang zum Campingplatz in Fouesnant\" class=\"wp-image-3859\" srcset=\"https:\/\/campinglaplage.fr\/wp-content\/uploads\/2025\/04\/entree-du-camping-a-fouesnant.jpg 916w, https:\/\/campinglaplage.fr\/wp-content\/uploads\/2025\/04\/entree-du-camping-a-fouesnant-300x250.jpg 300w, https:\/\/campinglaplage.fr\/wp-content\/uploads\/2025\/04\/entree-du-camping-a-fouesnant-768x641.jpg 768w\" sizes=\"(max-width: 916px) 100vw, 916px\" \/><\/figure>\n<\/div>\n<\/div>\n\n\n\n<div class=\"wp-block-column is-vertically-aligned-top right is-layout-flow wp-block-column-is-layout-flow\" style=\"padding-top:5rem;padding-right:16rem;flex-basis:50%\">\n<h2 class=\"wp-block-heading\">Buchen Sie direkt: <strong>Preis-Leistungs-Verh\u00e4ltnis garantiert<\/strong>!<\/h2>\n\n\n\n<p class=\"has-custom-3-b-2927-color has-text-color\" style=\"margin-bottom:0px\"><strong>Warum sollten Sie direkt bei uns buchen?<\/strong> <br\/>Wenn Sie direkt \u00fcber unsere Website buchen, profitieren Sie von :<\/p>\n\n\n\n<ul style=\"margin-top:0px\" class=\"wp-block-list\">\n<li><strong>Das beste Preis-Leistungs-Verh\u00e4ltnis<\/strong>: keine Zwischengeb\u00fchren, transparente und g\u00fcnstige Tarife.<\/li>\n\n\n\n<li><strong>Exklusive Angebote<\/strong>: Zugang zu Werbeaktionen und Vorteilen, die nur unseren direkten Kunden vorbehalten sind.<\/li>\n\n\n\n<li><strong>Pers\u00f6nlicher Service<\/strong>: Unser Team steht Ihnen zur Verf\u00fcgung, um alle Ihre Fragen zu beantworten und Ihnen bei der Organisation eines ma\u00dfgeschneiderten Aufenthalts zu helfen.<\/li>\n<\/ul>\n\n\n\n<p class=\"has-custom-3-b-2927-color has-text-color\">Die Wahl der <strong>Direktbuchung<\/strong> bedeutet, dass Sie sich f\u00fcr eine authentische und kosteng\u00fcnstige Erfahrung entscheiden und gleichzeitig eine lokale und umweltfreundliche Vorgehensweise unterst\u00fctzen.<\/p>\n\n\n\n<p>Bereiten Sie sich darauf vor, wertvolle Momente mit der Familie zu erleben, zwischen Str\u00e4nden, Spazierg\u00e4ngen und Entdeckungen.<\/p>\n\n\n\n<p>Buchen Sie jetzt Ihren Aufenthalt auf dem Camping de la Plage de Cleut-Rouz, einem g\u00fcnstigen Campingplatz in Fouesnant, und lassen Sie sich von der Sch\u00f6nheit des s\u00fcdlichen Finist\u00e8re verzaubern.<\/p>\n\n\n\n<p><strong>Bis bald f\u00fcr einen unvergesslichen Urlaub!<\/strong><\/p>\n<\/div>\n<\/div>\n<\/section>\n\n<section class=\"wp-block-group page-maillage has-global-padding is-layout-constrained wp-container-core-group-is-layout-272e016f wp-block-group-is-layout-constrained\" style=\"margin-top:var(--wp--preset--spacing--50);margin-bottom:var(--wp--preset--spacing--50)\">\n<p class=\"has-text-align-left title-slogan has-custom-3-b-2927-color has-text-color has-link-color has-noto-serif-display-font-family wp-elements-d22952531bd4c1358da184b5b9cc37fb\" style=\"font-size:clamp(28.836px, 1.802rem + ((1vw - 3.2px) * 1.794), 50px);line-height:1\">Entdecken Sie unsere Unterk\u00fcnfte und unseren Wasserpark<\/p>\n\n\n\n<div class=\"wp-block-query is-layout-flow wp-block-query-is-layout-flow\"><ul class=\"columns-3 wp-block-post-template has-medium-font-size is-layout-grid wp-container-core-post-template-is-layout-572542b5 wp-block-post-template-is-layout-grid\"><li class=\"wp-block-post post-4373 page type-page status-publish has-post-thumbnail hentry\">\n\n<div class=\"wp-block-group cta has-global-padding is-layout-constrained wp-block-group-is-layout-constrained\">\n<figure class=\"wp-block-image maillage-img\"><img decoding=\"async\" src=\"https:\/\/campinglaplage.fr\/wp-content\/uploads\/2025\/04\/location-emplacement-fouesnant-finistere-sud-cta.jpg\" alt=\"vermietung stellplatz fouesnant finistere sud\"\/><\/figure>\n\n\n\n<p class=\"maillage-title has-base-2-color has-text-color has-link-color wp-elements-d5a89a41da68cf62c25b013b34087449\" style=\"border-style:none;border-width:0px;border-radius:0px;padding-top:var(--wp--preset--spacing--20);padding-right:var(--wp--preset--spacing--30);padding-bottom:var(--wp--preset--spacing--20);padding-left:var(--wp--preset--spacing--40);font-size:clamp(15.197px, 0.95rem + ((1vw - 3.2px) * 0.661), 23px);font-style:normal;font-weight:500;letter-spacing:1px;text-transform:uppercase\">Vermietung Stellplatz<\/p>\n\n\n<a class=\"is-style-lien-cover wp-block-read-more\" href=\"https:\/\/campinglaplage.fr\/de\/rental-platze-fouesnant\/\" target=\"_self\">Weiterlesen<span class=\"screen-reader-text\">: Pl\u00e4tze<\/span><\/a><\/div>\n\n<\/li><li class=\"wp-block-post post-4369 page type-page status-publish has-post-thumbnail hentry\">\n\n<div class=\"wp-block-group cta has-global-padding is-layout-constrained wp-block-group-is-layout-constrained\">\n<figure class=\"wp-block-image maillage-img\"><img decoding=\"async\" src=\"https:\/\/campinglaplage.fr\/wp-content\/uploads\/2025\/04\/location-mobil-home-fouesnant-finistere-sud-cta.jpg\" alt=\"vermietung mobilheim fouesnant finistere sud\"\/><\/figure>\n\n\n\n<p class=\"maillage-title has-base-2-color has-text-color has-link-color wp-elements-d5a89a41da68cf62c25b013b34087449\" style=\"border-style:none;border-width:0px;border-radius:0px;padding-top:var(--wp--preset--spacing--20);padding-right:var(--wp--preset--spacing--30);padding-bottom:var(--wp--preset--spacing--20);padding-left:var(--wp--preset--spacing--40);font-size:clamp(15.197px, 0.95rem + ((1vw - 3.2px) * 0.661), 23px);font-style:normal;font-weight:500;letter-spacing:1px;text-transform:uppercase\">Vermietung von Mobilheimen<\/p>\n\n\n<a class=\"is-style-lien-cover wp-block-read-more\" href=\"https:\/\/campinglaplage.fr\/de\/vermietung-mobil-home-fouesnant\/\" target=\"_self\">Weiterlesen<span class=\"screen-reader-text\">: Mietwohnungen<\/span><\/a><\/div>\n\n<\/li><li class=\"wp-block-post post-4462 page type-page status-publish has-post-thumbnail hentry\">\n\n<div class=\"wp-block-group cta has-global-padding is-layout-constrained wp-block-group-is-layout-constrained\">\n<figure class=\"wp-block-image maillage-img\"><img decoding=\"async\" src=\"https:\/\/campinglaplage.fr\/wp-content\/uploads\/2025\/04\/camping-parc-aquatique-fouesnant-finistere-cta.jpg\" alt=\"campingplatz wasserpark fouesnant finistere\"\/><\/figure>\n\n\n\n<p class=\"maillage-title has-base-2-color has-text-color has-link-color wp-elements-d5a89a41da68cf62c25b013b34087449\" style=\"border-style:none;border-width:0px;border-radius:0px;padding-top:var(--wp--preset--spacing--20);padding-right:var(--wp--preset--spacing--30);padding-bottom:var(--wp--preset--spacing--20);padding-left:var(--wp--preset--spacing--40);font-size:clamp(15.197px, 0.95rem + ((1vw - 3.2px) * 0.661), 23px);font-style:normal;font-weight:500;letter-spacing:1px;text-transform:uppercase\">Wasserpark<\/p>\n\n\n<a class=\"is-style-lien-cover wp-block-read-more\" href=\"https:\/\/campinglaplage.fr\/de\/camping-wasserpark-fouesnant\/\" target=\"_self\">Weiterlesen<span class=\"screen-reader-text\">: Wasserpark<\/span><\/a><\/div>\n\n<\/li><\/ul><\/div>\n<\/section>\n","protected":false},"excerpt":{"rendered":"<p>Preiswerter Campingplatz im S\u00fcd-Finist\u00e8re Unterkunft zum besten Preis f\u00fcr jedes Budget in Fouesnant Tauchen Sie ein in das Herz eines gesch\u00fctzten Naturgebietes, ideal f\u00fcr einen entspannten Urlaub. Unser 4-Sterne-Campingplatz in Fouesnant liegt im s\u00fcdlichen Finist\u00e8re, nur wenige Schritte vom feinen Sandstrand entfernt, und bietet Ihnen eine ruhige und famili\u00e4re Atmosph\u00e4re f\u00fcr unvergessliche Momente der Entspannung. [&hellip;]<\/p>\n","protected":false},"author":1,"featured_media":3845,"parent":0,"menu_order":0,"comment_status":"closed","ping_status":"closed","template":"","meta":{"_acf_changed":false,"_seopress_robots_primary_cat":"","_seopress_titles_title":"Camping Fouesnant | Campingplatz Finist\u00e8re Sud","_seopress_titles_desc":"Entdecken Sie unseren 4-Sterne-Campingplatz in Fouesnant, S\u00fcd-Finist\u00e8re. Unvergesslicher Familienurlaub zum besten Preis-Leistungs-Verh\u00e4ltnis, in der N\u00e4he von Strand und Natur. ","_seopress_robots_index":"","_gt_ctv_global_id":"","_gt_ctv_id_group":false,"inline_featured_image":false,"gt_fse_maillage_image":"https:\/\/campinglaplage.fr\/wp-content\/uploads\/2025\/04\/camping-pas-cher-fouesnant-finistere-sud-cta.jpg","gt_fse_maillage_titre":"Werbeangebote","gt_fse_maillage_alt":"g\u00fcnstiger Campingplatz fouesnant finistere sud","gt_fse_maillage_resume":"","footnotes":""},"categories":[],"tags":[],"class_list":["post-4377","page","type-page","status-publish","has-post-thumbnail","hentry"],"acf":[],"_links":{"self":[{"href":"https:\/\/campinglaplage.fr\/de\/wp-json\/wp\/v2\/pages\/4377","targetHints":{"allow":["GET"]}}],"collection":[{"href":"https:\/\/campinglaplage.fr\/de\/wp-json\/wp\/v2\/pages"}],"about":[{"href":"https:\/\/campinglaplage.fr\/de\/wp-json\/wp\/v2\/types\/page"}],"author":[{"embeddable":true,"href":"https:\/\/campinglaplage.fr\/de\/wp-json\/wp\/v2\/users\/1"}],"replies":[{"embeddable":true,"href":"https:\/\/campinglaplage.fr\/de\/wp-json\/wp\/v2\/comments?post=4377"}],"version-history":[{"count":1,"href":"https:\/\/campinglaplage.fr\/de\/wp-json\/wp\/v2\/pages\/4377\/revisions"}],"predecessor-version":[{"id":4378,"href":"https:\/\/campinglaplage.fr\/de\/wp-json\/wp\/v2\/pages\/4377\/revisions\/4378"}],"wp:featuredmedia":[{"embeddable":true,"href":"https:\/\/campinglaplage.fr\/de\/wp-json\/wp\/v2\/media\/3845"}],"wp:attachment":[{"href":"https:\/\/campinglaplage.fr\/de\/wp-json\/wp\/v2\/media?parent=4377"}],"wp:term":[{"taxonomy":"category","embeddable":true,"href":"https:\/\/campinglaplage.fr\/de\/wp-json\/wp\/v2\/categories?post=4377"},{"taxonomy":"post_tag","embeddable":true,"href":"https:\/\/campinglaplage.fr\/de\/wp-json\/wp\/v2\/tags?post=4377"}],"curies":[{"name":"wp","href":"https:\/\/api.w.org\/{rel}","templated":true}]}}