{"id":4373,"date":"2025-03-03T17:05:36","date_gmt":"2025-03-03T16:05:36","guid":{"rendered":"https:\/\/campinglaplage.fr\/rental-platze-fouesnant\/"},"modified":"2025-09-29T18:09:00","modified_gmt":"2025-09-29T16:09:00","slug":"rental-platze-fouesnant","status":"publish","type":"page","link":"https:\/\/campinglaplage.fr\/de\/rental-platze-fouesnant\/","title":{"rendered":"Pl\u00e4tze"},"content":{"rendered":"\n<div class=\"wp-block-group page-hebergement has-global-padding is-layout-constrained wp-block-group-is-layout-constrained\" style=\"margin-top:0;margin-bottom:0;padding-top:var(--wp--preset--spacing--40);padding-bottom:var(--wp--preset--spacing--40)\">\n<h1 class=\"wp-block-heading\" style=\"padding-bottom:var(--wp--preset--spacing--30)\"><strong>Zelt- und Wohnwagenpl\u00e4tze zu vermieten<\/strong> in Fouesnant<\/h1>\n\n\n\n<div data-wp-context=\"{}\" data-wp-interactive=\"core\/query\" data-wp-key=\"1\" data-wp-router-region=\"query-1\" class=\"wp-block-query alignwide gt-fse-hebergements is-layout-flow wp-block-query-is-layout-flow gt-fse-widgets-ctv-open-product\"><ul class=\"columns-2 wp-block-post-template is-layout-grid wp-container-core-post-template-is-layout-02493678 wp-block-post-template-is-layout-grid gt-fse-widgets-ctv-open-product\"><li data-gt-Thelis-product-id=\"\" data-gt-bathrooms=\"\" data-gt-campings=\"\" data-gt-capacities=\"47\" data-gt-ctv-product-id=\"136843\" data-gt-gammes=\"\" data-gt-options=\"\" data-gt-rooms=\"\" data-gt-superficies=\"49\" data-gt-types=\"21\" data-wp-key=\"post-template-item-4321\" class=\"wp-block-post post-4321 hebergement type-hebergement status-publish has-post-thumbnail hentry gt-hebergements-types-emplacement gt-hebergements-nombre-personnes-47 gt-hebergements-superficie-49 gt-fse-widgets-ctv-open-product\">\n\n<div class=\"wp-block-group block-hebergement has-border-color has-custom-color-2-border-color has-custom-color-3-color has-custom-color-3-background-color has-text-color has-background has-link-color wp-elements-1f98e699bf12a607f151ccbb45016934 has-global-padding is-layout-constrained wp-container-core-group-is-layout-7db9d80f wp-block-group-is-layout-constrained gt-fse-widgets-ctv-open-product\" style=\"border-width:1px;padding-right:0;padding-left:0\"><figure style=\"aspect-ratio:3\/2;\" class=\"hebergement-featured-image wp-block-post-featured-image gt-fse-widgets-ctv-open-product\"><img decoding=\"async\" width=\"738\" height=\"492\" src=\"https:\/\/campinglaplage.fr\/wp-content\/uploads\/2025\/04\/emplacement-privilege-110m-minimum-electricite-10a-camping-fouesnant.jpg\" class=\"attachment-full size-full wp-post-image gt-fse-widgets-ctv-open-product\" alt=\"Stellplatz privilege 110m minimum electricity 10a camping fouesnant\" style=\"border-radius:0px;width:100%;height:100%;object-fit:cover;\" srcset=\"https:\/\/campinglaplage.fr\/wp-content\/uploads\/2025\/04\/emplacement-privilege-110m-minimum-electricite-10a-camping-fouesnant.jpg 738w, https:\/\/campinglaplage.fr\/wp-content\/uploads\/2025\/04\/emplacement-privilege-110m-minimum-electricite-10a-camping-fouesnant-300x200.jpg 300w\" sizes=\"(max-width: 738px) 100vw, 738px\" \/><\/figure>\n\n\n<div class=\"wp-block-group infos has-global-padding is-layout-constrained wp-container-core-group-is-layout-8dd096fa wp-block-group-is-layout-constrained gt-fse-widgets-ctv-open-product\" style=\"padding-top:var(--wp--preset--spacing--20);padding-right:var(--wp--preset--spacing--20);padding-bottom:var(--wp--preset--spacing--30);padding-left:var(--wp--preset--spacing--20)\"><h3 style=\"font-size:clamp(0.875rem, 0.875rem + ((1vw - 0.2rem) * 0.576), 1.3rem);text-transform:capitalize;\" class=\"has-text-align-center has-link-color hebergement-title wp-elements-71c8f060c334c45151a7f45557da0f27 wp-block-post-title has-text-color has-custom-color-1-color has-roboto-font-family gt-fse-widgets-ctv-open-product\">PRIVILEGE-Stellplatz 110m\u00b2 Minimum \/ Strom 10A<\/h3><\/div>\n\n\n<a style=\"font-size:clamp(14px, 0.875rem + ((1vw - 3.2px) * 0.508), 20px);letter-spacing:1px; border-radius:25px;border-width:0px; padding-right:20px;padding-left:20px;padding-top:7px;padding-bottom:7px;\" class=\"is-style-lien-cover wp-block-read-more has-noto-serif-display-font-family gt-fse-widgets-ctv-open-product\" href=\"https:\/\/campinglaplage.fr\/de\/hebergement\/emplacement-privilege-110m%c2%b2-minimum-electricite-10a\/\" target=\"_blank\">Weiterlesen<span class=\"screen-reader-text gt-fse-widgets-ctv-open-product\">: PRIVILEGE-Stellplatz 110m\u00b2 Minimum \/ Strom 10A<\/span><\/a><\/div>\n\n<\/li><li data-gt-Thelis-product-id=\"\" data-gt-bathrooms=\"\" data-gt-campings=\"\" data-gt-capacities=\"47\" data-gt-ctv-product-id=\"38382\" data-gt-gammes=\"\" data-gt-options=\"\" data-gt-rooms=\"\" data-gt-superficies=\"48\" data-gt-types=\"21\" data-wp-key=\"post-template-item-4323\" class=\"wp-block-post post-4323 hebergement type-hebergement status-publish has-post-thumbnail hentry gt-hebergements-types-emplacement gt-hebergements-nombre-personnes-47 gt-hebergements-superficie-48 gt-fse-widgets-ctv-open-product\">\n\n<div class=\"wp-block-group block-hebergement has-border-color has-custom-color-2-border-color has-custom-color-3-color has-custom-color-3-background-color has-text-color has-background has-link-color wp-elements-1f98e699bf12a607f151ccbb45016934 has-global-padding is-layout-constrained wp-container-core-group-is-layout-7db9d80f wp-block-group-is-layout-constrained gt-fse-widgets-ctv-open-product\" style=\"border-width:1px;padding-right:0;padding-left:0\"><figure style=\"aspect-ratio:3\/2;\" class=\"hebergement-featured-image wp-block-post-featured-image gt-fse-widgets-ctv-open-product\"><img decoding=\"async\" width=\"738\" height=\"492\" src=\"https:\/\/campinglaplage.fr\/wp-content\/uploads\/2025\/04\/emplacement-camping-80m-minimum-electricite-10a-camping-fouesnant.jpg\" class=\"attachment-full size-full wp-post-image gt-fse-widgets-ctv-open-product\" alt=\"camping pitch 80m minimum electricity 10a camping fouesnant\" style=\"border-radius:0px;width:100%;height:100%;object-fit:cover;\" srcset=\"https:\/\/campinglaplage.fr\/wp-content\/uploads\/2025\/04\/emplacement-camping-80m-minimum-electricite-10a-camping-fouesnant.jpg 738w, https:\/\/campinglaplage.fr\/wp-content\/uploads\/2025\/04\/emplacement-camping-80m-minimum-electricite-10a-camping-fouesnant-300x200.jpg 300w\" sizes=\"(max-width: 738px) 100vw, 738px\" \/><\/figure>\n\n\n<div class=\"wp-block-group infos has-global-padding is-layout-constrained wp-container-core-group-is-layout-8dd096fa wp-block-group-is-layout-constrained gt-fse-widgets-ctv-open-product\" style=\"padding-top:var(--wp--preset--spacing--20);padding-right:var(--wp--preset--spacing--20);padding-bottom:var(--wp--preset--spacing--30);padding-left:var(--wp--preset--spacing--20)\"><h3 style=\"font-size:clamp(0.875rem, 0.875rem + ((1vw - 0.2rem) * 0.576), 1.3rem);text-transform:capitalize;\" class=\"has-text-align-center has-link-color hebergement-title wp-elements-71c8f060c334c45151a7f45557da0f27 wp-block-post-title has-text-color has-custom-color-1-color has-roboto-font-family gt-fse-widgets-ctv-open-product\">Campingstellplatz 80m\u00b2 Minimum \/ Strom 10A<\/h3><\/div>\n\n\n<a style=\"font-size:clamp(14px, 0.875rem + ((1vw - 3.2px) * 0.508), 20px);letter-spacing:1px; border-radius:25px;border-width:0px; padding-right:20px;padding-left:20px;padding-top:7px;padding-bottom:7px;\" class=\"is-style-lien-cover wp-block-read-more has-noto-serif-display-font-family gt-fse-widgets-ctv-open-product\" href=\"https:\/\/campinglaplage.fr\/de\/hebergement\/emplacement-camping-80m%c2%b2-minimum-electricite-10a\/\" target=\"_blank\">Weiterlesen<span class=\"screen-reader-text gt-fse-widgets-ctv-open-product\">: Campingstellplatz 80m\u00b2 Minimum \/ Strom 10A<\/span><\/a><\/div>\n\n<\/li><\/ul><\/div>\n<\/div>\n\n<section class=\"wp-block-group home-intro page-intro is-layout-flow wp-block-group-is-layout-flow\" style=\"padding-top:var(--wp--preset--spacing--40);padding-bottom:var(--wp--preset--spacing--60)\">\n<div class=\"wp-block-columns top is-layout-flex wp-container-core-columns-is-layout-16ca0261 wp-block-columns-is-layout-flex\" style=\"margin-bottom:0rem;padding-right:20rem;padding-left:5rem\">\n<div class=\"wp-block-column is-vertically-aligned-top left is-layout-flow wp-block-column-is-layout-flow\">\n<figure class=\"wp-block-image alignright size-full animated fadeIn delay-100ms slower\"><img decoding=\"async\" width=\"734\" height=\"557\" src=\"https:\/\/campinglaplage.fr\/wp-content\/uploads\/2025\/04\/louez-un-emplacement-arbore-avec-electricite.jpg\" alt=\"Mieten Sie einen baumbestandenen Stellplatz mit Strom.\" class=\"wp-image-3966\" style=\"object-fit:cover\" srcset=\"https:\/\/campinglaplage.fr\/wp-content\/uploads\/2025\/04\/louez-un-emplacement-arbore-avec-electricite.jpg 734w, https:\/\/campinglaplage.fr\/wp-content\/uploads\/2025\/04\/louez-un-emplacement-arbore-avec-electricite-300x228.jpg 300w\" sizes=\"(max-width: 734px) 100vw, 734px\" \/><\/figure>\n<\/div>\n\n\n\n<div class=\"wp-block-column is-vertically-aligned-center right is-layout-flow wp-block-column-is-layout-flow\" style=\"padding-bottom:var(--wp--preset--spacing--40)\">\n<h2 class=\"wp-block-heading\"><strong>Mieten Sie einen Stellplatz<\/strong> mit <strong>B\u00e4umen<\/strong> <br\/>mit Strom im s\u00fcdlichen Finist\u00e8re.<\/h2>\n\n\n\n<p>Auf dem Camping de la Plage de Cleut-Rouz, einem Campingplatz <a href=\"https:\/\/campinglaplage.fr\/de\/\">in Fouesnant<\/a>, bieten wir Ihnen ein <strong>authentisches Erlebnis inmitten der Natur<\/strong>, in einer friedlichen und famili\u00e4ren Umgebung. Unser 4-Sterne-Campingplatz liegt inmitten eines <strong>Naturschutzgebietes<\/strong> und nur <strong>150 Meter vom Strand entfernt<\/strong>. Er ist der ideale Ort f\u00fcr einen erholsamen Urlaub im s\u00fcdlichen Finist\u00e8re. <\/p>\n\n\n\n<p>Unsere perfekt bepflanzten Stellpl\u00e4tze zum Mieten in Fouesnant sind speziell f\u00fcr <strong>Zelte<\/strong>, <strong>Wohnwagen und Wohnmobile ausgelegt<\/strong>. Sie garantieren Ihnen Komfort und Privatsph\u00e4re dank einer sorgf\u00e4ltig erhaltenen Vegetation. Jeder Stellplatz ist mit einem Stromanschluss ausgestattet, um Ihren Bed\u00fcrfnissen gerecht zu werden und Ihnen <strong>gleichzeitig<\/strong> die M\u00f6glichkeit zu geben, den Charme der umliegenden Natur voll und ganz zu genie\u00dfen.   <\/p>\n\n\n\n<p>\ud83d\udc49 Ihr Haustier ist auf unseren Stellpl\u00e4tzen willkommen, jedoch ist <strong>pro Stellplatz nur ein Tier<\/strong> erlaubt. Ausnahmen k\u00f6nnen nicht gemacht werden. <\/p>\n\n\n\n<p>Ob Sie nun auf der Suche nach Ruhe, Spazierg\u00e4ngen an der bretonischen K\u00fcste oder Aktivit\u00e4ten mit der Familie sind, Sie werden bei uns eine wahre Oase des Friedens finden, wo alles f\u00fcr Ihr Wohlbefinden gedacht ist.<\/p>\n\n\n\n<p>Erleben <strong>Sie <\/strong>unvergessliche Momente in einer einzigartigen Umgebung, nur wenige Schritte vom Ozean entfernt!<\/p>\n<\/div>\n<\/div>\n<\/section>\n\n<section class=\"wp-block-group home-third page-two has-custom-3-b-2927-background-color has-background is-layout-flow wp-block-group-is-layout-flow\" style=\"margin-top:0;margin-bottom:0\">\n<div class=\"wp-block-columns is-layout-flex wp-container-core-columns-is-layout-7fc3d43a wp-block-columns-is-layout-flex\">\n<div class=\"wp-block-column is-vertically-aligned-center right is-layout-flow wp-block-column-is-layout-flow\" style=\"padding-left:16rem;flex-basis:50%\">\n<h2 class=\"wp-block-heading\"><strong>Zus\u00e4tzlich zu mietende Einrichtungen<\/strong> <br\/>f\u00fcr Ihren Komfort<\/h2>\n\n\n\n<p class=\"has-custom-color-3-color has-text-color has-link-color wp-elements-54ef3cb71fecc06d22750ba1141c8d11\">In der <strong>idyllischen Umgebung<\/strong> des s\u00fcdlichen Finist\u00e8re, nur wenige Schritte vom Strand entfernt, l\u00e4dt unser ruhiger und famili\u00e4rer 4-Sterne-Campingplatz Sie dazu ein, einen unvergesslichen Aufenthalt im Einklang mit der <strong>Natur zu genie\u00dfen<\/strong>.<\/p>\n\n\n\n<p class=\"has-custom-color-3-color has-text-color has-link-color wp-elements-959127b8c8e0926af4fba103a6826dcb\" style=\"margin-bottom:0px\">Um Ihre Erfahrung noch komfortabler und praktischer zu gestalten, bieten wir Ihnen eine Auswahl an<strong>Einrichtungen, die Sie zus\u00e4tzlich mieten k\u00f6nnen<\/strong>:<\/p>\n\n\n\n<ul style=\"margin-top:0px\" class=\"wp-block-list has-base-2-color has-text-color has-link-color wp-elements-9b8792858b049408bbe5fdbc6daec338\">\n<li><strong>K\u00fchlschr\u00e4nke<\/strong>: Vereinfachen Sie Ihren Aufenthalt, indem Sie sich f\u00fcr die Anmietung eines K\u00fchlschranks entscheiden. Ideal, um Ihre Lebensmittel und Getr\u00e4nke w\u00e4hrend des gesamten Urlaubs k\u00fchl zu halten. <\/li>\n\n\n\n<li><strong>Fahrr\u00e4der<\/strong>: Entdecken Sie die herrlichen Landschaften von Fouesnant und Umgebung mit dem Fahrrad. Erkunden Sie auf den <strong>Radwegen<\/strong> den nat\u00fcrlichen Reichtum unserer Region. <\/li>\n<\/ul>\n\n\n\n<p class=\"has-custom-color-3-color has-text-color has-link-color wp-elements-352b889d1a643bb01a61b7f91d8c9e7e\">Diese zus\u00e4tzlichen Dienstleistungen wurden entwickelt, um Ihnen einen Aufenthalt zu bieten, der <strong>Entspannung<\/strong>, <strong>Komfort <\/strong>und <strong>Entdeckung<\/strong> miteinander verbindet. Z\u00f6gern Sie nicht, uns zu kontaktieren, um die Preise und die Verf\u00fcgbarkeit unserer Mieteinrichtungen zu erfahren. <\/p>\n<\/div>\n\n\n\n<div class=\"wp-block-column left is-layout-flow wp-block-column-is-layout-flow\" style=\"flex-basis:50%\">\n<figure class=\"wp-block-image size-full reveal animated fadeIn delay-100ms slower\"><img decoding=\"async\" width=\"916\" height=\"764\" src=\"https:\/\/campinglaplage.fr\/wp-content\/uploads\/2025\/04\/les-equipements-a-louer-en-supplement.jpg\" alt=\"zus&#xE4;tzlich zu mietende Ausstattungen\" class=\"wp-image-3969\" srcset=\"https:\/\/campinglaplage.fr\/wp-content\/uploads\/2025\/04\/les-equipements-a-louer-en-supplement.jpg 916w, https:\/\/campinglaplage.fr\/wp-content\/uploads\/2025\/04\/les-equipements-a-louer-en-supplement-300x250.jpg 300w, https:\/\/campinglaplage.fr\/wp-content\/uploads\/2025\/04\/les-equipements-a-louer-en-supplement-768x641.jpg 768w\" sizes=\"(max-width: 916px) 100vw, 916px\" \/><\/figure>\n<\/div>\n<\/div>\n<\/section>\n\n<section class=\"wp-block-group home-third page-two reverse is-layout-flow wp-block-group-is-layout-flow\" style=\"margin-top:5rem;margin-bottom:0;padding-top:0;padding-bottom:7rem\">\n<div class=\"wp-block-columns is-layout-flex wp-container-core-columns-is-layout-7fc3d43a wp-block-columns-is-layout-flex\">\n<div class=\"wp-block-column left is-layout-flow wp-block-column-is-layout-flow\" style=\"flex-basis:50%\">\n<div data-swiper=\"{&quot;speed&quot;:400,&quot;spaceBetween&quot;:16,&quot;slidesPerView&quot;:1,&quot;createElements&quot;:true,&quot;loop&quot;:true,&quot;freemode&quot;:true,&quot;navigation&quot;:{&quot;nextEl&quot;:&quot;buttonNext&quot;,&quot;prevEl&quot;:&quot;buttonPrev&quot;},&quot;breakpoints&quot;:{&quot;0&quot;:{&quot;slidesPerView&quot;:1},&quot;380&quot;:[],&quot;1024&quot;:[]},&quot;effect&quot;:&quot;fade&quot;,&quot;pagination&quot;:false}\" class=\"wp-block-group animated fadeIn delay-100ms slower gt-is-slider gt-is-slider-desktop has-global-padding is-layout-constrained wp-block-group-is-layout-constrained\">\n<figure class=\"wp-block-image size-full\"><img decoding=\"async\" width=\"916\" height=\"764\" src=\"https:\/\/campinglaplage.fr\/wp-content\/uploads\/2025\/04\/sanitaires-de-qualite.jpg\" alt=\"Qualit&#xE4;tsgesundheitsdienste\" class=\"wp-image-3972\" srcset=\"https:\/\/campinglaplage.fr\/wp-content\/uploads\/2025\/04\/sanitaires-de-qualite.jpg 916w, https:\/\/campinglaplage.fr\/wp-content\/uploads\/2025\/04\/sanitaires-de-qualite-300x250.jpg 300w, https:\/\/campinglaplage.fr\/wp-content\/uploads\/2025\/04\/sanitaires-de-qualite-768x641.jpg 768w\" sizes=\"(max-width: 916px) 100vw, 916px\" \/><\/figure>\n\n\n\n<figure class=\"wp-block-image size-full\"><img decoding=\"async\" width=\"916\" height=\"764\" src=\"https:\/\/campinglaplage.fr\/wp-content\/uploads\/2025\/04\/cabine-de-douche.jpg\" alt=\"Duschkabine\" class=\"wp-image-3975\" srcset=\"https:\/\/campinglaplage.fr\/wp-content\/uploads\/2025\/04\/cabine-de-douche.jpg 916w, https:\/\/campinglaplage.fr\/wp-content\/uploads\/2025\/04\/cabine-de-douche-300x250.jpg 300w, https:\/\/campinglaplage.fr\/wp-content\/uploads\/2025\/04\/cabine-de-douche-768x641.jpg 768w\" sizes=\"(max-width: 916px) 100vw, 916px\" \/><\/figure>\n<\/div>\n<\/div>\n\n\n\n<div class=\"wp-block-column is-vertically-aligned-top right is-layout-flow wp-block-column-is-layout-flow\" style=\"padding-top:5rem;padding-right:16rem;flex-basis:50%\">\n<h2 class=\"wp-block-heading\"><strong>Unsere hochwertigen Sanit\u00e4ranlagen<\/strong> mit Babybereich<\/h2>\n\n\n\n<p class=\"has-custom-3-b-2927-color has-text-color\">Auf dem Camping de la Plage de Cleut-Rouz legen wir gro\u00dfen Wert darauf, Ihnen <strong>moderne und makellose Einrichtungen<\/strong> zu bieten, damit Sie sich w\u00e4hrend Ihres Aufenthalts auf unseren Mietpl\u00e4tzen im S\u00fcd-Finist\u00e8re<strong> wohlf\u00fchlen<\/strong>. Unsere Sanit\u00e4ranlagen sind so konzipiert, dass sie den Bed\u00fcrfnissen der ganzen Familie gerecht werden. <\/p>\n\n\n\n<p class=\"has-custom-3-b-2927-color has-text-color\"><strong>Ein Babybereich f\u00fcr die Kleinsten<\/strong> <br\/>Da die Kleinsten besondere Aufmerksamkeit verdienen, haben wir einen speziellen Babybereich eingerichtet. Hier finden Sie praktische und komfortable Einrichtungen, damit Sie Ihre Kinder in aller Ruhe wickeln, waschen oder pflegen k\u00f6nnen. <\/p>\n\n\n\n<p class=\"has-custom-3-b-2927-color has-text-color\"><strong><strong>Familienduschkabine<\/strong><\/strong> <br\/>Um Familien das Leben zu erleichtern, bieten unsere Sanit\u00e4ranlagen eine ger\u00e4umige Familienduschkabine, die ideal f\u00fcr Eltern mit kleinen Kindern ist. Diese R\u00e4ume bieten Zweckm\u00e4\u00dfigkeit und Privatsph\u00e4re, so dass jeder einen angenehmen Moment der Entspannung genie\u00dfen kann. <\/p>\n\n\n\n<p class=\"has-custom-3-b-2927-color has-text-color\"><strong><strong><strong>Mehrere Einzelkabinen mit Dusche und Waschbecken<\/strong><\/strong><\/strong> <br\/>Diese modernen Kabinen sind ideal, um Ihre Privatsph\u00e4re zu sch\u00fctzen und bieten optimalen Komfort.<\/p>\n\n\n\n<p class=\"has-custom-3-b-2927-color has-text-color\"><strong><strong><strong><strong>Makellose Sauberkeit<\/strong><\/strong><\/strong><\/strong> <br\/>Sauberkeit ist unsere Priorit\u00e4t. Unsere Sanit\u00e4ranlagen werden in der Hochsaison dreimal t\u00e4glich von unserem engagierten Team gereinigt, um eine gesunde und angenehme Umgebung f\u00fcr alle unsere G\u00e4ste zu gew\u00e4hrleisten. <\/p>\n\n\n\n<p class=\"has-custom-3-b-2927-color has-text-color\">Sie m\u00f6chten<strong>noch mehr Komfort<\/strong> genie\u00dfen? Entdecken Sie unsere <a href=\"https:\/\/campinglaplage.fr\/de\/vermietung-mobil-home-fouesnant\/\">Mobilheime und ungew\u00f6hnlichen Unterk\u00fcnfte, die Sie in Fouesnant mieten k\u00f6nnen<\/a>. Genie\u00dfen Sie einen ruhigen und famili\u00e4ren Aufenthalt auf einem <a href=\"https:\/\/campinglaplage.fr\/de\/guenstiger-campingplatz-fouesnant\/\">Campingplatz mit dem besten Preis-Leistungs-Verh\u00e4ltnis im S\u00fcd-Finist\u00e8re<\/a>, in einer <strong>au\u00dfergew\u00f6hnlichen nat\u00fcrlichen Umgebung<\/strong>, nur wenige Schritte vom Strand entfernt und mit allem Komfort, den Sie verdienen! Auf dem Camping de la Plage de Cleut Rouz ist Ihr <strong>Wohlbefinden<\/strong> unsere Verpflichtung.   <\/p>\n<\/div>\n<\/div>\n<\/section>\n\n<section class=\"wp-block-group page-maillage has-global-padding is-layout-constrained wp-container-core-group-is-layout-272e016f wp-block-group-is-layout-constrained\" style=\"margin-top:var(--wp--preset--spacing--50);margin-bottom:var(--wp--preset--spacing--50)\">\n<p class=\"has-text-align-left title-slogan has-custom-3-b-2927-color has-text-color has-link-color has-noto-serif-display-font-family wp-elements-67b94c03615ee31496792888105b8f35\" style=\"font-size:clamp(28.836px, 1.802rem + ((1vw - 3.2px) * 1.794), 50px);line-height:1\">Entdecken Sie unsere Dienstleistungen, unsere Vermietungen und unsere Preise<\/p>\n\n\n\n<div class=\"wp-block-query is-layout-flow wp-block-query-is-layout-flow\"><ul class=\"columns-3 wp-block-post-template has-medium-font-size is-layout-grid wp-container-core-post-template-is-layout-572542b5 wp-block-post-template-is-layout-grid\"><li class=\"wp-block-post post-4540 page type-page status-publish has-post-thumbnail hentry\">\n\n<div class=\"wp-block-group cta has-global-padding is-layout-constrained wp-block-group-is-layout-constrained\">\n<figure class=\"wp-block-image maillage-img\"><img decoding=\"async\" src=\"https:\/\/campinglaplage.fr\/wp-content\/uploads\/2025\/04\/services-camping-familial-fouesnant-cta.jpg\" alt=\"dienstleistungen familiencamping fouesnant\"\/><\/figure>\n\n\n\n<p class=\"maillage-title has-base-2-color has-text-color has-link-color wp-elements-d5a89a41da68cf62c25b013b34087449\" style=\"border-style:none;border-width:0px;border-radius:0px;padding-top:var(--wp--preset--spacing--20);padding-right:var(--wp--preset--spacing--30);padding-bottom:var(--wp--preset--spacing--20);padding-left:var(--wp--preset--spacing--40);font-size:clamp(15.197px, 0.95rem + ((1vw - 3.2px) * 0.661), 23px);font-style:normal;font-weight:500;letter-spacing:1px;text-transform:uppercase\">Dienstleistungen<\/p>\n\n\n<a class=\"is-style-lien-cover wp-block-read-more\" href=\"https:\/\/campinglaplage.fr\/de\/familien-campingplatz-fouesnant\/\" target=\"_self\">Weiterlesen<span class=\"screen-reader-text\">: Dienstleistungen<\/span><\/a><\/div>\n\n<\/li><li class=\"wp-block-post post-4369 page type-page status-publish has-post-thumbnail hentry\">\n\n<div class=\"wp-block-group cta has-global-padding is-layout-constrained wp-block-group-is-layout-constrained\">\n<figure class=\"wp-block-image maillage-img\"><img decoding=\"async\" src=\"https:\/\/campinglaplage.fr\/wp-content\/uploads\/2025\/04\/location-mobil-home-fouesnant-finistere-sud-cta.jpg\" alt=\"vermietung mobilheim fouesnant finistere sud\"\/><\/figure>\n\n\n\n<p class=\"maillage-title has-base-2-color has-text-color has-link-color wp-elements-d5a89a41da68cf62c25b013b34087449\" style=\"border-style:none;border-width:0px;border-radius:0px;padding-top:var(--wp--preset--spacing--20);padding-right:var(--wp--preset--spacing--30);padding-bottom:var(--wp--preset--spacing--20);padding-left:var(--wp--preset--spacing--40);font-size:clamp(15.197px, 0.95rem + ((1vw - 3.2px) * 0.661), 23px);font-style:normal;font-weight:500;letter-spacing:1px;text-transform:uppercase\">Vermietung von Mobilheimen<\/p>\n\n\n<a class=\"is-style-lien-cover wp-block-read-more\" href=\"https:\/\/campinglaplage.fr\/de\/vermietung-mobil-home-fouesnant\/\" target=\"_self\">Weiterlesen<span class=\"screen-reader-text\">: Mietwohnungen<\/span><\/a><\/div>\n\n<\/li><li class=\"wp-block-post post-4377 page type-page status-publish has-post-thumbnail hentry\">\n\n<div class=\"wp-block-group cta has-global-padding is-layout-constrained wp-block-group-is-layout-constrained\">\n<figure class=\"wp-block-image maillage-img\"><img decoding=\"async\" src=\"https:\/\/campinglaplage.fr\/wp-content\/uploads\/2025\/04\/camping-pas-cher-fouesnant-finistere-sud-cta.jpg\" alt=\"g\u00fcnstiger Campingplatz fouesnant finistere sud\"\/><\/figure>\n\n\n\n<p class=\"maillage-title has-base-2-color has-text-color has-link-color wp-elements-d5a89a41da68cf62c25b013b34087449\" style=\"border-style:none;border-width:0px;border-radius:0px;padding-top:var(--wp--preset--spacing--20);padding-right:var(--wp--preset--spacing--30);padding-bottom:var(--wp--preset--spacing--20);padding-left:var(--wp--preset--spacing--40);font-size:clamp(15.197px, 0.95rem + ((1vw - 3.2px) * 0.661), 23px);font-style:normal;font-weight:500;letter-spacing:1px;text-transform:uppercase\">Werbeangebote<\/p>\n\n\n<a class=\"is-style-lien-cover wp-block-read-more\" href=\"https:\/\/campinglaplage.fr\/de\/guenstiger-campingplatz-fouesnant\/\" target=\"_self\">Weiterlesen<span class=\"screen-reader-text\">: Preise und Angebote<\/span><\/a><\/div>\n\n<\/li><\/ul><\/div>\n<\/section>\n","protected":false},"excerpt":{"rendered":"<p>Zelt- und Wohnwagenpl\u00e4tze zu vermieten in Fouesnant Mieten Sie einen Stellplatz mit B\u00e4umen mit Strom im s\u00fcdlichen Finist\u00e8re. Auf dem Camping de la Plage de Cleut-Rouz, einem Campingplatz in Fouesnant, bieten wir Ihnen ein authentisches Erlebnis inmitten der Natur, in einer friedlichen und famili\u00e4ren Umgebung. Unser 4-Sterne-Campingplatz liegt inmitten eines Naturschutzgebietes und nur 150 Meter [&hellip;]<\/p>\n","protected":false},"author":1,"featured_media":3961,"parent":0,"menu_order":0,"comment_status":"closed","ping_status":"closed","template":"","meta":{"_acf_changed":false,"_seopress_robots_primary_cat":"","_seopress_titles_title":"Stellplatz mieten Fouesnant | Stellplatz f\u00fcr Caravaning Finist\u00e8re","_seopress_titles_desc":"Mieten Sie einen Stellplatz mit B\u00e4umen und Strom in Fouesnant, S\u00fcd Finist\u00e8re. Genie\u00dfen Sie den nat\u00fcrlichen Charme, nur wenige Schritte vom Strand und den komfortablen Einrichtungen entfernt. ","_seopress_robots_index":"","_gt_ctv_global_id":"","_gt_ctv_id_group":false,"inline_featured_image":false,"gt_fse_maillage_image":"https:\/\/campinglaplage.fr\/wp-content\/uploads\/2025\/04\/location-emplacement-fouesnant-finistere-sud-cta.jpg","gt_fse_maillage_titre":"Vermietung Stellplatz","gt_fse_maillage_alt":"vermietung stellplatz fouesnant finistere sud","gt_fse_maillage_resume":"","footnotes":""},"categories":[],"tags":[],"class_list":["post-4373","page","type-page","status-publish","has-post-thumbnail","hentry"],"acf":[],"_links":{"self":[{"href":"https:\/\/campinglaplage.fr\/de\/wp-json\/wp\/v2\/pages\/4373","targetHints":{"allow":["GET"]}}],"collection":[{"href":"https:\/\/campinglaplage.fr\/de\/wp-json\/wp\/v2\/pages"}],"about":[{"href":"https:\/\/campinglaplage.fr\/de\/wp-json\/wp\/v2\/types\/page"}],"author":[{"embeddable":true,"href":"https:\/\/campinglaplage.fr\/de\/wp-json\/wp\/v2\/users\/1"}],"replies":[{"embeddable":true,"href":"https:\/\/campinglaplage.fr\/de\/wp-json\/wp\/v2\/comments?post=4373"}],"version-history":[{"count":8,"href":"https:\/\/campinglaplage.fr\/de\/wp-json\/wp\/v2\/pages\/4373\/revisions"}],"predecessor-version":[{"id":5116,"href":"https:\/\/campinglaplage.fr\/de\/wp-json\/wp\/v2\/pages\/4373\/revisions\/5116"}],"wp:featuredmedia":[{"embeddable":true,"href":"https:\/\/campinglaplage.fr\/de\/wp-json\/wp\/v2\/media\/3961"}],"wp:attachment":[{"href":"https:\/\/campinglaplage.fr\/de\/wp-json\/wp\/v2\/media?parent=4373"}],"wp:term":[{"taxonomy":"category","embeddable":true,"href":"https:\/\/campinglaplage.fr\/de\/wp-json\/wp\/v2\/categories?post=4373"},{"taxonomy":"post_tag","embeddable":true,"href":"https:\/\/campinglaplage.fr\/de\/wp-json\/wp\/v2\/tags?post=4373"}],"curies":[{"name":"wp","href":"https:\/\/api.w.org\/{rel}","templated":true}]}}